{"id":119406,"date":"2025-11-21T11:21:18","date_gmt":"2025-11-21T11:21:18","guid":{"rendered":"https:\/\/dearroyo.com\/tienda\/?page_id=119406"},"modified":"2025-11-24T16:49:47","modified_gmt":"2025-11-24T16:49:47","slug":"ayuda-con-tu-look","status":"publish","type":"page","link":"https:\/\/dearroyo.com\/tienda\/ayuda-con-tu-look\/","title":{"rendered":"\u00bfayuda con tu look?"},"content":{"rendered":"<p>&nbsp;<\/p>\n<h3 style=\"text-align: center;\" data-start=\"516\" data-end=\"664\">\u00bfnecesitas ayuda con tu look?<\/h3>\n<p style=\"text-align: center;\" data-start=\"516\" data-end=\"664\">En <strong data-start=\"519\" data-end=\"538\">dearroyo studio<\/strong> te atendemos personalmente para resolver dudas<\/p>\n<p style=\"text-align: center;\" data-start=\"516\" data-end=\"664\">sobre <strong data-start=\"592\" data-end=\"663\">tallas, alquiler, compra online, disponibilidad o plazos de entrega<\/strong>.<\/p>\n<p style=\"text-align:center;\">Dinos qu\u00e9 necesitas y estaremos encantadas de ayudarte.<\/p>\n<p style=\"text-align:center;\">\n  <a class=\"dearroyo-ws\" href=\"https:\/\/wa.me\/34722615743?text=Hola%2C%20quiero%20hacer%20una%20consulta%20sobre%20un%20look%20de%20dearroyo%20studio.\" target=\"_blank\" rel=\"noopener\">escr\u00edbeme por whatsapp<\/a>\n<\/p>\n<p style=\"text-align: center;\">Resolvemos dudas sobre alquiler, tallas, disponibilidad, plazos de entrega o lo que necesites.<\/p>\n<p style=\"text-align: center;\">Si lo prefieres, tambi\u00e9n puedes escribirnos a <a href=\"mailto:contacta@dearroyo.com\">contacta@dearroyo.com<\/a><\/p>\n","protected":false},"excerpt":{"rendered":"<p>&nbsp; \u00bfnecesitas ayuda con tu look? En dearroyo studio te atendemos personalmente para resolver dudas sobre tallas, alquiler, compra online, [&hellip;]<\/p>\n","protected":false},"author":1,"featured_media":0,"parent":0,"menu_order":0,"comment_status":"closed","ping_status":"closed","template":"","meta":{"footnotes":""},"class_list":["post-119406","page","type-page","status-publish","hentry"],"yoast_head":"<!-- This site is optimized with the Yoast SEO plugin v26.6 - https:\/\/yoast.com\/wordpress\/plugins\/seo\/ -->\n<title>\u00bfayuda con tu look? - DE ARROYO. studio \u2013 vestidos de invitada desde Madrid<\/title>\n<meta name=\"robots\" content=\"index, follow, max-snippet:-1, max-image-preview:large, max-video-preview:-1\" \/>\n<link rel=\"canonical\" href=\"https:\/\/dearroyo.com\/tienda\/ayuda-con-tu-look\/\" \/>\n<meta property=\"og:locale\" content=\"es_ES\" \/>\n<meta property=\"og:type\" content=\"article\" \/>\n<meta property=\"og:title\" content=\"\u00bfayuda con tu look? - DE ARROYO. studio \u2013 vestidos de invitada desde Madrid\" \/>\n<meta property=\"og:description\" content=\"&nbsp; \u00bfnecesitas ayuda con tu look? En dearroyo studio te atendemos personalmente para resolver dudas sobre tallas, alquiler, compra online, [&hellip;]\" \/>\n<meta property=\"og:url\" content=\"https:\/\/dearroyo.com\/tienda\/ayuda-con-tu-look\/\" \/>\n<meta property=\"og:site_name\" content=\"DE ARROYO. studio \u2013 vestidos de invitada desde Madrid\" \/>\n<meta property=\"article:modified_time\" content=\"2025-11-24T16:49:47+00:00\" \/>\n<meta name=\"twitter:card\" content=\"summary_large_image\" \/>\n<meta name=\"twitter:label1\" content=\"Tiempo de lectura\" \/>\n\t<meta name=\"twitter:data1\" content=\"1 minuto\" \/>\n<script type=\"application\/ld+json\" class=\"yoast-schema-graph\">{\"@context\":\"https:\/\/schema.org\",\"@graph\":[{\"@type\":\"WebPage\",\"@id\":\"https:\/\/dearroyo.com\/tienda\/ayuda-con-tu-look\/\",\"url\":\"https:\/\/dearroyo.com\/tienda\/ayuda-con-tu-look\/\",\"name\":\"\u00bfayuda con tu look? - DE ARROYO. studio \u2013 vestidos de invitada desde Madrid\",\"isPartOf\":{\"@id\":\"https:\/\/dearroyo.com\/tienda\/#website\"},\"datePublished\":\"2025-11-21T11:21:18+00:00\",\"dateModified\":\"2025-11-24T16:49:47+00:00\",\"breadcrumb\":{\"@id\":\"https:\/\/dearroyo.com\/tienda\/ayuda-con-tu-look\/#breadcrumb\"},\"inLanguage\":\"es\",\"potentialAction\":[{\"@type\":\"ReadAction\",\"target\":[\"https:\/\/dearroyo.com\/tienda\/ayuda-con-tu-look\/\"]}]},{\"@type\":\"BreadcrumbList\",\"@id\":\"https:\/\/dearroyo.com\/tienda\/ayuda-con-tu-look\/#breadcrumb\",\"itemListElement\":[{\"@type\":\"ListItem\",\"position\":1,\"name\":\"Portada\",\"item\":\"https:\/\/dearroyo.com\/tienda\/\"},{\"@type\":\"ListItem\",\"position\":2,\"name\":\"\u00bfayuda con tu look?\"}]},{\"@type\":\"WebSite\",\"@id\":\"https:\/\/dearroyo.com\/tienda\/#website\",\"url\":\"https:\/\/dearroyo.com\/tienda\/\",\"name\":\"DE ARROYO. studio \u2013 vestidos de invitada desde Madrid\",\"description\":\"colecci\u00f3n dearroyo studio de venta online para invitada con confecci\u00f3n limitada, dise\u00f1o propio y producci\u00f3n en Espa\u00f1a.\",\"potentialAction\":[{\"@type\":\"SearchAction\",\"target\":{\"@type\":\"EntryPoint\",\"urlTemplate\":\"https:\/\/dearroyo.com\/tienda\/?s={search_term_string}\"},\"query-input\":{\"@type\":\"PropertyValueSpecification\",\"valueRequired\":true,\"valueName\":\"search_term_string\"}}],\"inLanguage\":\"es\"}]}<\/script>\n<!-- \/ Yoast SEO plugin. -->","yoast_head_json":{"title":"\u00bfayuda con tu look? - DE ARROYO. studio \u2013 vestidos de invitada desde Madrid","robots":{"index":"index","follow":"follow","max-snippet":"max-snippet:-1","max-image-preview":"max-image-preview:large","max-video-preview":"max-video-preview:-1"},"canonical":"https:\/\/dearroyo.com\/tienda\/ayuda-con-tu-look\/","og_locale":"es_ES","og_type":"article","og_title":"\u00bfayuda con tu look? - DE ARROYO. studio \u2013 vestidos de invitada desde Madrid","og_description":"&nbsp; \u00bfnecesitas ayuda con tu look? En dearroyo studio te atendemos personalmente para resolver dudas sobre tallas, alquiler, compra online, [&hellip;]","og_url":"https:\/\/dearroyo.com\/tienda\/ayuda-con-tu-look\/","og_site_name":"DE ARROYO. studio \u2013 vestidos de invitada desde Madrid","article_modified_time":"2025-11-24T16:49:47+00:00","twitter_card":"summary_large_image","twitter_misc":{"Tiempo de lectura":"1 minuto"},"schema":{"@context":"https:\/\/schema.org","@graph":[{"@type":"WebPage","@id":"https:\/\/dearroyo.com\/tienda\/ayuda-con-tu-look\/","url":"https:\/\/dearroyo.com\/tienda\/ayuda-con-tu-look\/","name":"\u00bfayuda con tu look? - DE ARROYO. studio \u2013 vestidos de invitada desde Madrid","isPartOf":{"@id":"https:\/\/dearroyo.com\/tienda\/#website"},"datePublished":"2025-11-21T11:21:18+00:00","dateModified":"2025-11-24T16:49:47+00:00","breadcrumb":{"@id":"https:\/\/dearroyo.com\/tienda\/ayuda-con-tu-look\/#breadcrumb"},"inLanguage":"es","potentialAction":[{"@type":"ReadAction","target":["https:\/\/dearroyo.com\/tienda\/ayuda-con-tu-look\/"]}]},{"@type":"BreadcrumbList","@id":"https:\/\/dearroyo.com\/tienda\/ayuda-con-tu-look\/#breadcrumb","itemListElement":[{"@type":"ListItem","position":1,"name":"Portada","item":"https:\/\/dearroyo.com\/tienda\/"},{"@type":"ListItem","position":2,"name":"\u00bfayuda con tu look?"}]},{"@type":"WebSite","@id":"https:\/\/dearroyo.com\/tienda\/#website","url":"https:\/\/dearroyo.com\/tienda\/","name":"DE ARROYO. studio \u2013 vestidos de invitada desde Madrid","description":"colecci\u00f3n dearroyo studio de venta online para invitada con confecci\u00f3n limitada, dise\u00f1o propio y producci\u00f3n en Espa\u00f1a.","potentialAction":[{"@type":"SearchAction","target":{"@type":"EntryPoint","urlTemplate":"https:\/\/dearroyo.com\/tienda\/?s={search_term_string}"},"query-input":{"@type":"PropertyValueSpecification","valueRequired":true,"valueName":"search_term_string"}}],"inLanguage":"es"}]}},"_links":{"self":[{"href":"https:\/\/dearroyo.com\/tienda\/wp-json\/wp\/v2\/pages\/119406","targetHints":{"allow":["GET"]}}],"collection":[{"href":"https:\/\/dearroyo.com\/tienda\/wp-json\/wp\/v2\/pages"}],"about":[{"href":"https:\/\/dearroyo.com\/tienda\/wp-json\/wp\/v2\/types\/page"}],"author":[{"embeddable":true,"href":"https:\/\/dearroyo.com\/tienda\/wp-json\/wp\/v2\/users\/1"}],"replies":[{"embeddable":true,"href":"https:\/\/dearroyo.com\/tienda\/wp-json\/wp\/v2\/comments?post=119406"}],"version-history":[{"count":29,"href":"https:\/\/dearroyo.com\/tienda\/wp-json\/wp\/v2\/pages\/119406\/revisions"}],"predecessor-version":[{"id":119448,"href":"https:\/\/dearroyo.com\/tienda\/wp-json\/wp\/v2\/pages\/119406\/revisions\/119448"}],"wp:attachment":[{"href":"https:\/\/dearroyo.com\/tienda\/wp-json\/wp\/v2\/media?parent=119406"}],"curies":[{"name":"wp","href":"https:\/\/api.w.org\/{rel}","templated":true}]}}