{"id":86624,"date":"2020-06-22T11:26:16","date_gmt":"2020-06-22T11:26:16","guid":{"rendered":"https:\/\/undsgn.com\/uncode\/wishlist\/"},"modified":"2025-04-06T19:02:37","modified_gmt":"2025-04-06T19:02:37","slug":"wishlist","status":"publish","type":"page","link":"https:\/\/dearroyo.com\/tienda\/wishlist\/","title":{"rendered":"Lista de deseos"},"content":{"rendered":"[vc_row row_height_percent=\u00bb0&#8243; override_padding=\u00bbyes\u00bb h_padding=\u00bb2&#8243; top_padding=\u00bb3&#8243; bottom_padding=\u00bb3&#8243; back_color=\u00bbcolor-lxmt\u00bb overlay_alpha=\u00bb50&#8243; gutter_size=\u00bb3&#8243; column_width_percent=\u00bb100&#8243; shift_y=\u00bb0&#8243; z_index=\u00bb0&#8243; top_divider=\u00bbgradient\u00bb][vc_column column_width_percent=\u00bb100&#8243; gutter_size=\u00bb3&#8243; override_padding=\u00bbyes\u00bb column_padding=\u00bb3&#8243; back_color=\u00bbcolor-xsdn\u00bb overlay_alpha=\u00bb50&#8243; shift_x=\u00bb0&#8243; shift_y=\u00bb0&#8243; shift_y_down=\u00bb0&#8243; z_index=\u00bb0&#8243; medium_width=\u00bb0&#8243; mobile_width=\u00bb0&#8243; radius=\u00bbxs\u00bb shadow=\u00bbnone\u00bb][vc_column_text]\n\n\n\n<form id=\"yith-wcwl-form\" action=\"https:\/\/dearroyo.com\/tienda\/wishlist\/\" method=\"post\" class=\"woocommerce yith-wcwl-form wishlist-fragment\" data-fragment-options=\"{&quot;per_page&quot;:5,&quot;current_page&quot;:1,&quot;pagination&quot;:&quot;no&quot;,&quot;wishlist_id&quot;:false,&quot;action_params&quot;:false,&quot;no_interactions&quot;:false,&quot;layout&quot;:&quot;&quot;,&quot;wishlist&quot;:false,&quot;is_default&quot;:true,&quot;is_custom_list&quot;:false,&quot;wishlist_token&quot;:&quot;&quot;,&quot;is_private&quot;:false,&quot;count&quot;:0,&quot;page_title&quot;:&quot;Mi lista de deseos&quot;,&quot;default_wishlsit_title&quot;:&quot;Mi lista de deseos&quot;,&quot;page_links&quot;:false,&quot;is_user_logged_in&quot;:false,&quot;is_user_owner&quot;:true,&quot;can_user_edit_title&quot;:false,&quot;show_price&quot;:true,&quot;show_dateadded&quot;:false,&quot;show_stock_status&quot;:true,&quot;show_add_to_cart&quot;:true,&quot;show_remove_product&quot;:true,&quot;add_to_cart_text&quot;:&quot;A\\u00f1adir al carrito&quot;,&quot;show_ask_estimate_button&quot;:false,&quot;ask_estimate_url&quot;:&quot;&quot;,&quot;price_excl_tax&quot;:false,&quot;show_cb&quot;:false,&quot;show_quantity&quot;:false,&quot;show_variation&quot;:false,&quot;show_price_variations&quot;:false,&quot;show_update&quot;:false,&quot;enable_drag_n_drop&quot;:false,&quot;enable_add_all_to_cart&quot;:false,&quot;move_to_another_wishlist&quot;:false,&quot;repeat_remove_button&quot;:false,&quot;show_last_column&quot;:true,&quot;heading_icon&quot;:&quot;&quot;,&quot;share_enabled&quot;:false,&quot;template_part&quot;:&quot;view&quot;,&quot;additional_info&quot;:false,&quot;available_multi_wishlist&quot;:false,&quot;form_action&quot;:&quot;https:\\\/\\\/dearroyo.com\\\/tienda\\\/wishlist\\\/&quot;,&quot;item&quot;:&quot;wishlist&quot;}\">\n\n\t<!-- TITLE -->\n\t\t\t<div class=\"wishlist-title \">\n\t\t\t<h2 class=\"wishlist-title__text h3\">Mi lista de deseos<\/h2>\t\t\t\t\t<\/div>\n\t\t\t\t\n\n<!-- WISHLIST TABLE -->\n<table\n\tclass=\"shop_table cart wishlist_table wishlist_view traditional   \"\n\tdata-pagination=\"no\" data-per-page=\"5\"\n\tdata-page=\"1\" data-id=\"\"\n\tdata-token=\"\">\n\n\t\n\t<thead>\n\t<tr>\n\t\t\n\t\t\t\t\t\t\t\t<th class=\"product-remove\">\n\t\t\t\t<span class=\"nobr\">\n\t\t\t\t\t\t\t\t\t<\/span>\n\t\t\t<\/th>\n\t\t\n\t\t<th class=\"product-thumbnail\"><\/th>\n\n\t\t<th class=\"product-name\">\n\t\t\t<span class=\"nobr\">\n\t\t\t\tNombre del producto\t\t\t<\/span>\n\t\t<\/th>\n\n\t\t\t\t\t\t\t\t<th class=\"product-price\">\n\t\t\t\t<span class=\"nobr\">\n\t\t\t\t\tPrecio por unidad\t\t\t\t<\/span>\n\t\t\t<\/th>\n\t\t\n\t\t\n\t\t\t\t\t\t\t\t<th class=\"product-stock-status\">\n\t\t\t\t<span class=\"nobr\">\n\t\t\t\t\tEstado de inventario\t\t\t\t<\/span>\n\t\t\t<\/th>\n\t\t\n\t\t\t\t\t\t\t\t<th class=\"product-add-to-cart\">\n\t\t\t\t<span class=\"nobr\">\n\t\t\t\t\tActions\t\t\t\t<\/span>\n\t\t\t<\/th>\n\t\t\n\t\t\t<\/tr>\n\t<\/thead>\n\n\t<tbody class=\"wishlist-items-wrapper\">\n\t\t\t<tr>\n\t\t\t<td colspan=\"6\" class=\"wishlist-empty\">No se han a\u00f1adido productos a la lista de deseos<\/td>\n\t\t<\/tr>\n\t\t<\/tbody>\n\n<\/table>\n\n<div class=\"yith_wcwl_wishlist_footer\">\n\t\n\n\t\n\n\t\n\t<\/div>\n\n<input type=\"hidden\" id=\"yith_wcwl_edit_wishlist\" name=\"yith_wcwl_edit_wishlist\" value=\"1e76c526a9\" \/><input type=\"hidden\" name=\"_wp_http_referer\" value=\"\/tienda\/wp-json\/wp\/v2\/pages\/86624\" \/><input type=\"hidden\" value=\"\" name=\"wishlist_id\" id=\"wishlist_id\">\n\n\n<\/form>\n\n\n\n\n<p>\n[\/vc_column_text][\/vc_column][\/vc_row][vc_row row_height_percent=\u00bb0&#8243; override_padding=\u00bbyes\u00bb h_padding=\u00bb2&#8243; top_padding=\u00bb0&#8243; bottom_padding=\u00bb3&#8243; back_color=\u00bbcolor-lxmt\u00bb overlay_alpha=\u00bb50&#8243; gutter_size=\u00bb3&#8243; column_width_percent=\u00bb100&#8243; shift_y=\u00bb0&#8243; z_index=\u00bb0&#8243;][vc_column column_width_percent=\u00bb100&#8243; align_horizontal=\u00bbalign_center\u00bb gutter_size=\u00bb3&#8243; overlay_alpha=\u00bb50&#8243; shift_x=\u00bb0&#8243; shift_y=\u00bb0&#8243; shift_y_down=\u00bb0&#8243; z_index=\u00bb0&#8243; medium_width=\u00bb0&#8243; mobile_width=\u00bb0&#8243;][uncode_share layout=\u00bbmultiple\u00bb no_back=\u00bbyes\u00bb][\/vc_column][\/vc_row]<\/p>\n","protected":false},"excerpt":{"rendered":"<p>[vc_row row_height_percent=\u00bb0&#8243; override_padding=\u00bbyes\u00bb h_padding=\u00bb2&#8243; top_padding=\u00bb3&#8243; bottom_padding=\u00bb3&#8243; back_color=\u00bbcolor-lxmt\u00bb overlay_alpha=\u00bb50&#8243; gutter_size=\u00bb3&#8243; column_width_percent=\u00bb100&#8243; shift_y=\u00bb0&#8243; z_index=\u00bb0&#8243; top_divider=\u00bbgradient\u00bb][vc_column column_width_percent=\u00bb100&#8243; gutter_size=\u00bb3&#8243; override_padding=\u00bbyes\u00bb column_padding=\u00bb3&#8243; back_color=\u00bbcolor-xsdn\u00bb overlay_alpha=\u00bb50&#8243; shift_x=\u00bb0&#8243; [&hellip;]<\/p>\n","protected":false},"author":1,"featured_media":0,"parent":0,"menu_order":0,"comment_status":"closed","ping_status":"closed","template":"","meta":{"footnotes":""},"class_list":["post-86624","page","type-page","status-publish","hentry"],"yoast_head":"<!-- This site is optimized with the Yoast SEO plugin v26.6 - https:\/\/yoast.com\/wordpress\/plugins\/seo\/ -->\n<title>Lista de deseos - DE ARROYO. studio \u2013 vestidos de invitada desde Madrid<\/title>\n<meta name=\"robots\" content=\"index, follow, max-snippet:-1, max-image-preview:large, max-video-preview:-1\" \/>\n<link rel=\"canonical\" href=\"https:\/\/dearroyo.com\/tienda\/wishlist\/\" \/>\n<meta property=\"og:locale\" content=\"es_ES\" \/>\n<meta property=\"og:type\" content=\"article\" \/>\n<meta property=\"og:title\" content=\"Lista de deseos - DE ARROYO. studio \u2013 vestidos de invitada desde Madrid\" \/>\n<meta property=\"og:description\" content=\"[vc_row row_height_percent=\u00bb0&#8243; override_padding=\u00bbyes\u00bb h_padding=\u00bb2&#8243; top_padding=\u00bb3&#8243; bottom_padding=\u00bb3&#8243; back_color=\u00bbcolor-lxmt\u00bb overlay_alpha=\u00bb50&#8243; gutter_size=\u00bb3&#8243; column_width_percent=\u00bb100&#8243; shift_y=\u00bb0&#8243; z_index=\u00bb0&#8243; top_divider=\u00bbgradient\u00bb][vc_column column_width_percent=\u00bb100&#8243; gutter_size=\u00bb3&#8243; override_padding=\u00bbyes\u00bb column_padding=\u00bb3&#8243; back_color=\u00bbcolor-xsdn\u00bb overlay_alpha=\u00bb50&#8243; shift_x=\u00bb0&#8243; [&hellip;]\" \/>\n<meta property=\"og:url\" content=\"https:\/\/dearroyo.com\/tienda\/wishlist\/\" \/>\n<meta property=\"og:site_name\" content=\"DE ARROYO. studio \u2013 vestidos de invitada desde Madrid\" \/>\n<meta property=\"article:modified_time\" content=\"2025-04-06T19:02:37+00:00\" \/>\n<meta name=\"twitter:card\" content=\"summary_large_image\" \/>\n<meta name=\"twitter:label1\" content=\"Tiempo de lectura\" \/>\n\t<meta name=\"twitter:data1\" content=\"1 minuto\" \/>\n<script type=\"application\/ld+json\" class=\"yoast-schema-graph\">{\"@context\":\"https:\/\/schema.org\",\"@graph\":[{\"@type\":\"WebPage\",\"@id\":\"https:\/\/dearroyo.com\/tienda\/wishlist\/\",\"url\":\"https:\/\/dearroyo.com\/tienda\/wishlist\/\",\"name\":\"Lista de deseos - DE ARROYO. studio \u2013 vestidos de invitada desde Madrid\",\"isPartOf\":{\"@id\":\"https:\/\/dearroyo.com\/tienda\/#website\"},\"datePublished\":\"2020-06-22T11:26:16+00:00\",\"dateModified\":\"2025-04-06T19:02:37+00:00\",\"breadcrumb\":{\"@id\":\"https:\/\/dearroyo.com\/tienda\/wishlist\/#breadcrumb\"},\"inLanguage\":\"es\",\"potentialAction\":[{\"@type\":\"ReadAction\",\"target\":[\"https:\/\/dearroyo.com\/tienda\/wishlist\/\"]}]},{\"@type\":\"BreadcrumbList\",\"@id\":\"https:\/\/dearroyo.com\/tienda\/wishlist\/#breadcrumb\",\"itemListElement\":[{\"@type\":\"ListItem\",\"position\":1,\"name\":\"Portada\",\"item\":\"https:\/\/dearroyo.com\/tienda\/\"},{\"@type\":\"ListItem\",\"position\":2,\"name\":\"Lista de deseos\"}]},{\"@type\":\"WebSite\",\"@id\":\"https:\/\/dearroyo.com\/tienda\/#website\",\"url\":\"https:\/\/dearroyo.com\/tienda\/\",\"name\":\"DE ARROYO. studio \u2013 vestidos de invitada desde Madrid\",\"description\":\"colecci\u00f3n dearroyo studio de venta online para invitada con confecci\u00f3n limitada, dise\u00f1o propio y producci\u00f3n en Espa\u00f1a.\",\"potentialAction\":[{\"@type\":\"SearchAction\",\"target\":{\"@type\":\"EntryPoint\",\"urlTemplate\":\"https:\/\/dearroyo.com\/tienda\/?s={search_term_string}\"},\"query-input\":{\"@type\":\"PropertyValueSpecification\",\"valueRequired\":true,\"valueName\":\"search_term_string\"}}],\"inLanguage\":\"es\"}]}<\/script>\n<!-- \/ Yoast SEO plugin. -->","yoast_head_json":{"title":"Lista de deseos - DE ARROYO. studio \u2013 vestidos de invitada desde Madrid","robots":{"index":"index","follow":"follow","max-snippet":"max-snippet:-1","max-image-preview":"max-image-preview:large","max-video-preview":"max-video-preview:-1"},"canonical":"https:\/\/dearroyo.com\/tienda\/wishlist\/","og_locale":"es_ES","og_type":"article","og_title":"Lista de deseos - DE ARROYO. studio \u2013 vestidos de invitada desde Madrid","og_description":"[vc_row row_height_percent=\u00bb0&#8243; override_padding=\u00bbyes\u00bb h_padding=\u00bb2&#8243; top_padding=\u00bb3&#8243; bottom_padding=\u00bb3&#8243; back_color=\u00bbcolor-lxmt\u00bb overlay_alpha=\u00bb50&#8243; gutter_size=\u00bb3&#8243; column_width_percent=\u00bb100&#8243; shift_y=\u00bb0&#8243; z_index=\u00bb0&#8243; top_divider=\u00bbgradient\u00bb][vc_column column_width_percent=\u00bb100&#8243; gutter_size=\u00bb3&#8243; override_padding=\u00bbyes\u00bb column_padding=\u00bb3&#8243; back_color=\u00bbcolor-xsdn\u00bb overlay_alpha=\u00bb50&#8243; shift_x=\u00bb0&#8243; [&hellip;]","og_url":"https:\/\/dearroyo.com\/tienda\/wishlist\/","og_site_name":"DE ARROYO. studio \u2013 vestidos de invitada desde Madrid","article_modified_time":"2025-04-06T19:02:37+00:00","twitter_card":"summary_large_image","twitter_misc":{"Tiempo de lectura":"1 minuto"},"schema":{"@context":"https:\/\/schema.org","@graph":[{"@type":"WebPage","@id":"https:\/\/dearroyo.com\/tienda\/wishlist\/","url":"https:\/\/dearroyo.com\/tienda\/wishlist\/","name":"Lista de deseos - DE ARROYO. studio \u2013 vestidos de invitada desde Madrid","isPartOf":{"@id":"https:\/\/dearroyo.com\/tienda\/#website"},"datePublished":"2020-06-22T11:26:16+00:00","dateModified":"2025-04-06T19:02:37+00:00","breadcrumb":{"@id":"https:\/\/dearroyo.com\/tienda\/wishlist\/#breadcrumb"},"inLanguage":"es","potentialAction":[{"@type":"ReadAction","target":["https:\/\/dearroyo.com\/tienda\/wishlist\/"]}]},{"@type":"BreadcrumbList","@id":"https:\/\/dearroyo.com\/tienda\/wishlist\/#breadcrumb","itemListElement":[{"@type":"ListItem","position":1,"name":"Portada","item":"https:\/\/dearroyo.com\/tienda\/"},{"@type":"ListItem","position":2,"name":"Lista de deseos"}]},{"@type":"WebSite","@id":"https:\/\/dearroyo.com\/tienda\/#website","url":"https:\/\/dearroyo.com\/tienda\/","name":"DE ARROYO. studio \u2013 vestidos de invitada desde Madrid","description":"colecci\u00f3n dearroyo studio de venta online para invitada con confecci\u00f3n limitada, dise\u00f1o propio y producci\u00f3n en Espa\u00f1a.","potentialAction":[{"@type":"SearchAction","target":{"@type":"EntryPoint","urlTemplate":"https:\/\/dearroyo.com\/tienda\/?s={search_term_string}"},"query-input":{"@type":"PropertyValueSpecification","valueRequired":true,"valueName":"search_term_string"}}],"inLanguage":"es"}]}},"_links":{"self":[{"href":"https:\/\/dearroyo.com\/tienda\/wp-json\/wp\/v2\/pages\/86624","targetHints":{"allow":["GET"]}}],"collection":[{"href":"https:\/\/dearroyo.com\/tienda\/wp-json\/wp\/v2\/pages"}],"about":[{"href":"https:\/\/dearroyo.com\/tienda\/wp-json\/wp\/v2\/types\/page"}],"author":[{"embeddable":true,"href":"https:\/\/dearroyo.com\/tienda\/wp-json\/wp\/v2\/users\/1"}],"replies":[{"embeddable":true,"href":"https:\/\/dearroyo.com\/tienda\/wp-json\/wp\/v2\/comments?post=86624"}],"version-history":[{"count":3,"href":"https:\/\/dearroyo.com\/tienda\/wp-json\/wp\/v2\/pages\/86624\/revisions"}],"predecessor-version":[{"id":118329,"href":"https:\/\/dearroyo.com\/tienda\/wp-json\/wp\/v2\/pages\/86624\/revisions\/118329"}],"wp:attachment":[{"href":"https:\/\/dearroyo.com\/tienda\/wp-json\/wp\/v2\/media?parent=86624"}],"curies":[{"name":"wp","href":"https:\/\/api.w.org\/{rel}","templated":true}]}}