{"id":118453,"date":"2025-06-17T12:20:59","date_gmt":"2025-06-17T12:20:59","guid":{"rendered":"https:\/\/dearroyo.com\/tienda\/?post_type=product&#038;p=118453"},"modified":"2025-12-15T16:17:04","modified_gmt":"2025-12-15T16:17:04","slug":"vestido-ginebra-invitada","status":"publish","type":"product","link":"https:\/\/dearroyo.com\/tienda\/producto\/vestido-ginebra-invitada\/","title":{"rendered":"vestido ginebra."},"content":{"rendered":"<p><strong data-start=\"345\" data-end=\"396\">El vestido GINEBRA <\/strong>de invitada es un vestido con alma de diva cl\u00e1sica. Inspirado en los a\u00f1os dorados de Hollywood, su silueta realza la figura con elegancia y deja salir tu lado m\u00e1s femenino. \u00a0Femenino, elegante y con car\u00e1cter: as\u00ed es GINEBRA.<\/p>\n<p><strong data-start=\"136\" data-end=\"173\">Plazo de entrega de 10 a 15 d\u00edas.<\/strong><br data-start=\"173\" data-end=\"176\" \/>Cada prenda se confecciona bajo pedido y especialmente para ti, siguiendo un proceso artesanal y cuidado que garantiza un resultado \u00fanico, hecho con la atenci\u00f3n y el tiempo que merece. Consulta nuestros <span style=\"color: #333333;\"><a style=\"color: #333333;\" href=\"https:\/\/dearroyo.com\/tienda\/terminos-y-condiciones\/\">t\u00e9rminos y condiciones<\/a><\/span> para m\u00e1s informaci\u00f3n.<\/p>\n<p>Las prendas que se realicen por encargo y no correspondan al tallaje de la tabla, llevar\u00e1n un incremento entre un 15% y un 30% en todos los productos. Cont\u00e1ctanos si est\u00e1s interesado en este tipo de cambios.<\/p>\n<p>Hecho 100% por nuestro equipo.<\/p>\n<p><b>Cuidado de la prenda:<\/b> no lavar, no usar lej\u00eda, no secar en secadora, no plancha, s\u00ed limpieza en seco con percloroetileno. Lavar por especialistas en lavado.<\/p>\n","protected":false},"excerpt":{"rendered":"<div style=\"max-width: 180px; margin: 2rem auto; text-align: center;\"><video style=\"width: 100%; height: auto; display: block;\" muted=\"\" controls=\"controls\" width=\"300\" height=\"150\"><source src=\"https:\/\/dearroyo.com\/tienda\/wp-content\/uploads\/2025\/07\/video-ginebra-dearroyostudio-1.mp4\" type=\"video\/mp4\" \/>Tu navegador no soporta v\u00eddeo HTML5.<\/video><\/div>\n<p>Vestido midi en tafet\u00e1n azul marino, con peplum estructurado en cintura que realza la silueta. Cierre con cremallera invisible en la espalda de la falda. L\u00edneas marcadas y volumen contenido.<\/p>\n<p>Composici\u00f3n tejido 100% PL.<\/p>\n<p>Una vez finalizada la compra contactaremos contigo para asegurarnos de que la talla seleccionada es la m\u00e1s adecuada para ti.<\/p>\n","protected":false},"featured_media":118510,"comment_status":"open","ping_status":"closed","template":"","meta":[],"product_brand":[],"product_cat":[376,474],"product_tag":[232,273,274,276,277,278,279,321,326,351,411,419],"class_list":{"0":"post-118453","1":"product","2":"type-product","3":"status-publish","4":"has-post-thumbnail","6":"product_cat-dearroyo-studio","7":"product_cat-otros-disenos","8":"product_tag-ginebra","9":"product_tag-boda-de-dia","10":"product_tag-peplum","11":"product_tag-azul-marino","12":"product_tag-cintura-marcada","13":"product_tag-estilo-minimal","14":"product_tag-tafetan","15":"product_tag-vestido-ginebra","16":"product_tag-boda-tarde","17":"product_tag-volumen","18":"product_tag-comunion","19":"product_tag-fiesta","20":"product_shipping_class-compra","22":"first","23":"instock","24":"taxable","25":"shipping-taxable","26":"purchasable","27":"product-type-variable"},"yoast_head":"<!-- This site is optimized with the Yoast SEO plugin v26.6 - https:\/\/yoast.com\/wordpress\/plugins\/seo\/ -->\n<title>vestido ginebra. - DE ARROYO. studio \u2013 vestidos de invitada desde Madrid<\/title>\n<meta name=\"description\" content=\"El vestido GINEBRA de invitada es un vestido con mucha personalidad para eventos de ma\u00f1ana o tarde realizado al cien por cien por el equipo DE ARROYO.\" \/>\n<meta name=\"robots\" content=\"index, follow, max-snippet:-1, max-image-preview:large, max-video-preview:-1\" \/>\n<link rel=\"canonical\" href=\"https:\/\/dearroyo.com\/tienda\/producto\/vestido-ginebra-invitada\/\" \/>\n<meta property=\"og:locale\" content=\"es_ES\" \/>\n<meta property=\"og:type\" content=\"article\" \/>\n<meta property=\"og:title\" content=\"vestido ginebra. - DE ARROYO. studio \u2013 vestidos de invitada desde Madrid\" \/>\n<meta property=\"og:description\" content=\"El vestido GINEBRA de invitada es un vestido con mucha personalidad para eventos de ma\u00f1ana o tarde realizado al cien por cien por el equipo DE ARROYO.\" \/>\n<meta property=\"og:url\" content=\"https:\/\/dearroyo.com\/tienda\/producto\/vestido-ginebra-invitada\/\" \/>\n<meta property=\"og:site_name\" content=\"DE ARROYO. studio \u2013 vestidos de invitada desde Madrid\" \/>\n<meta property=\"article:modified_time\" content=\"2025-12-15T16:17:04+00:00\" \/>\n<meta property=\"og:image\" content=\"https:\/\/dearroyo.com\/tienda\/wp-content\/uploads\/2025\/04\/ginebra-azulm-modelo-de2.jpeg\" \/>\n\t<meta property=\"og:image:width\" content=\"1080\" \/>\n\t<meta property=\"og:image:height\" content=\"1440\" \/>\n\t<meta property=\"og:image:type\" content=\"image\/jpeg\" \/>\n<meta name=\"twitter:card\" content=\"summary_large_image\" \/>\n<meta name=\"twitter:label1\" content=\"Tiempo de lectura\" \/>\n\t<meta name=\"twitter:data1\" content=\"1 minuto\" \/>\n<script type=\"application\/ld+json\" class=\"yoast-schema-graph\">{\"@context\":\"https:\/\/schema.org\",\"@graph\":[{\"@type\":\"WebPage\",\"@id\":\"https:\/\/dearroyo.com\/tienda\/producto\/vestido-ginebra-invitada\/\",\"url\":\"https:\/\/dearroyo.com\/tienda\/producto\/vestido-ginebra-invitada\/\",\"name\":\"vestido ginebra. - DE ARROYO. studio \u2013 vestidos de invitada desde Madrid\",\"isPartOf\":{\"@id\":\"https:\/\/dearroyo.com\/tienda\/#website\"},\"primaryImageOfPage\":{\"@id\":\"https:\/\/dearroyo.com\/tienda\/producto\/vestido-ginebra-invitada\/#primaryimage\"},\"image\":{\"@id\":\"https:\/\/dearroyo.com\/tienda\/producto\/vestido-ginebra-invitada\/#primaryimage\"},\"thumbnailUrl\":\"https:\/\/dearroyo.com\/tienda\/wp-content\/uploads\/2025\/04\/ginebra-azulm-modelo-de2.jpeg\",\"datePublished\":\"2025-06-17T12:20:59+00:00\",\"dateModified\":\"2025-12-15T16:17:04+00:00\",\"description\":\"El vestido GINEBRA de invitada es un vestido con mucha personalidad para eventos de ma\u00f1ana o tarde realizado al cien por cien por el equipo DE ARROYO.\",\"breadcrumb\":{\"@id\":\"https:\/\/dearroyo.com\/tienda\/producto\/vestido-ginebra-invitada\/#breadcrumb\"},\"inLanguage\":\"es\",\"potentialAction\":[{\"@type\":\"ReadAction\",\"target\":[\"https:\/\/dearroyo.com\/tienda\/producto\/vestido-ginebra-invitada\/\"]}]},{\"@type\":\"ImageObject\",\"inLanguage\":\"es\",\"@id\":\"https:\/\/dearroyo.com\/tienda\/producto\/vestido-ginebra-invitada\/#primaryimage\",\"url\":\"https:\/\/dearroyo.com\/tienda\/wp-content\/uploads\/2025\/04\/ginebra-azulm-modelo-de2.jpeg\",\"contentUrl\":\"https:\/\/dearroyo.com\/tienda\/wp-content\/uploads\/2025\/04\/ginebra-azulm-modelo-de2.jpeg\",\"width\":1080,\"height\":1440,\"caption\":\"modelo frontal peplum \u2013 GINEBRA\"},{\"@type\":\"BreadcrumbList\",\"@id\":\"https:\/\/dearroyo.com\/tienda\/producto\/vestido-ginebra-invitada\/#breadcrumb\",\"itemListElement\":[{\"@type\":\"ListItem\",\"position\":1,\"name\":\"Portada\",\"item\":\"https:\/\/dearroyo.com\/tienda\/\"},{\"@type\":\"ListItem\",\"position\":2,\"name\":\"Home\",\"item\":\"https:\/\/dearroyo.com\/tienda\/\"},{\"@type\":\"ListItem\",\"position\":3,\"name\":\"vestido ginebra.\"}]},{\"@type\":\"WebSite\",\"@id\":\"https:\/\/dearroyo.com\/tienda\/#website\",\"url\":\"https:\/\/dearroyo.com\/tienda\/\",\"name\":\"DE ARROYO. studio \u2013 vestidos de invitada desde Madrid\",\"description\":\"colecci\u00f3n dearroyo studio de venta online para invitada con confecci\u00f3n limitada, dise\u00f1o propio y producci\u00f3n en Espa\u00f1a.\",\"potentialAction\":[{\"@type\":\"SearchAction\",\"target\":{\"@type\":\"EntryPoint\",\"urlTemplate\":\"https:\/\/dearroyo.com\/tienda\/?s={search_term_string}\"},\"query-input\":{\"@type\":\"PropertyValueSpecification\",\"valueRequired\":true,\"valueName\":\"search_term_string\"}}],\"inLanguage\":\"es\"}]}<\/script>\n<!-- \/ Yoast SEO plugin. -->","yoast_head_json":{"title":"vestido ginebra. - DE ARROYO. studio \u2013 vestidos de invitada desde Madrid","description":"El vestido GINEBRA de invitada es un vestido con mucha personalidad para eventos de ma\u00f1ana o tarde realizado al cien por cien por el equipo DE ARROYO.","robots":{"index":"index","follow":"follow","max-snippet":"max-snippet:-1","max-image-preview":"max-image-preview:large","max-video-preview":"max-video-preview:-1"},"canonical":"https:\/\/dearroyo.com\/tienda\/producto\/vestido-ginebra-invitada\/","og_locale":"es_ES","og_type":"article","og_title":"vestido ginebra. - DE ARROYO. studio \u2013 vestidos de invitada desde Madrid","og_description":"El vestido GINEBRA de invitada es un vestido con mucha personalidad para eventos de ma\u00f1ana o tarde realizado al cien por cien por el equipo DE ARROYO.","og_url":"https:\/\/dearroyo.com\/tienda\/producto\/vestido-ginebra-invitada\/","og_site_name":"DE ARROYO. studio \u2013 vestidos de invitada desde Madrid","article_modified_time":"2025-12-15T16:17:04+00:00","og_image":[{"width":1080,"height":1440,"url":"https:\/\/dearroyo.com\/tienda\/wp-content\/uploads\/2025\/04\/ginebra-azulm-modelo-de2.jpeg","type":"image\/jpeg"}],"twitter_card":"summary_large_image","twitter_misc":{"Tiempo de lectura":"1 minuto"},"schema":{"@context":"https:\/\/schema.org","@graph":[{"@type":"WebPage","@id":"https:\/\/dearroyo.com\/tienda\/producto\/vestido-ginebra-invitada\/","url":"https:\/\/dearroyo.com\/tienda\/producto\/vestido-ginebra-invitada\/","name":"vestido ginebra. - DE ARROYO. studio \u2013 vestidos de invitada desde Madrid","isPartOf":{"@id":"https:\/\/dearroyo.com\/tienda\/#website"},"primaryImageOfPage":{"@id":"https:\/\/dearroyo.com\/tienda\/producto\/vestido-ginebra-invitada\/#primaryimage"},"image":{"@id":"https:\/\/dearroyo.com\/tienda\/producto\/vestido-ginebra-invitada\/#primaryimage"},"thumbnailUrl":"https:\/\/dearroyo.com\/tienda\/wp-content\/uploads\/2025\/04\/ginebra-azulm-modelo-de2.jpeg","datePublished":"2025-06-17T12:20:59+00:00","dateModified":"2025-12-15T16:17:04+00:00","description":"El vestido GINEBRA de invitada es un vestido con mucha personalidad para eventos de ma\u00f1ana o tarde realizado al cien por cien por el equipo DE ARROYO.","breadcrumb":{"@id":"https:\/\/dearroyo.com\/tienda\/producto\/vestido-ginebra-invitada\/#breadcrumb"},"inLanguage":"es","potentialAction":[{"@type":"ReadAction","target":["https:\/\/dearroyo.com\/tienda\/producto\/vestido-ginebra-invitada\/"]}]},{"@type":"ImageObject","inLanguage":"es","@id":"https:\/\/dearroyo.com\/tienda\/producto\/vestido-ginebra-invitada\/#primaryimage","url":"https:\/\/dearroyo.com\/tienda\/wp-content\/uploads\/2025\/04\/ginebra-azulm-modelo-de2.jpeg","contentUrl":"https:\/\/dearroyo.com\/tienda\/wp-content\/uploads\/2025\/04\/ginebra-azulm-modelo-de2.jpeg","width":1080,"height":1440,"caption":"modelo frontal peplum \u2013 GINEBRA"},{"@type":"BreadcrumbList","@id":"https:\/\/dearroyo.com\/tienda\/producto\/vestido-ginebra-invitada\/#breadcrumb","itemListElement":[{"@type":"ListItem","position":1,"name":"Portada","item":"https:\/\/dearroyo.com\/tienda\/"},{"@type":"ListItem","position":2,"name":"Home","item":"https:\/\/dearroyo.com\/tienda\/"},{"@type":"ListItem","position":3,"name":"vestido ginebra."}]},{"@type":"WebSite","@id":"https:\/\/dearroyo.com\/tienda\/#website","url":"https:\/\/dearroyo.com\/tienda\/","name":"DE ARROYO. studio \u2013 vestidos de invitada desde Madrid","description":"colecci\u00f3n dearroyo studio de venta online para invitada con confecci\u00f3n limitada, dise\u00f1o propio y producci\u00f3n en Espa\u00f1a.","potentialAction":[{"@type":"SearchAction","target":{"@type":"EntryPoint","urlTemplate":"https:\/\/dearroyo.com\/tienda\/?s={search_term_string}"},"query-input":{"@type":"PropertyValueSpecification","valueRequired":true,"valueName":"search_term_string"}}],"inLanguage":"es"}]}},"_links":{"self":[{"href":"https:\/\/dearroyo.com\/tienda\/wp-json\/wp\/v2\/product\/118453","targetHints":{"allow":["GET"]}}],"collection":[{"href":"https:\/\/dearroyo.com\/tienda\/wp-json\/wp\/v2\/product"}],"about":[{"href":"https:\/\/dearroyo.com\/tienda\/wp-json\/wp\/v2\/types\/product"}],"replies":[{"embeddable":true,"href":"https:\/\/dearroyo.com\/tienda\/wp-json\/wp\/v2\/comments?post=118453"}],"wp:featuredmedia":[{"embeddable":true,"href":"https:\/\/dearroyo.com\/tienda\/wp-json\/wp\/v2\/media\/118510"}],"wp:attachment":[{"href":"https:\/\/dearroyo.com\/tienda\/wp-json\/wp\/v2\/media?parent=118453"}],"wp:term":[{"taxonomy":"product_brand","embeddable":true,"href":"https:\/\/dearroyo.com\/tienda\/wp-json\/wp\/v2\/product_brand?post=118453"},{"taxonomy":"product_cat","embeddable":true,"href":"https:\/\/dearroyo.com\/tienda\/wp-json\/wp\/v2\/product_cat?post=118453"},{"taxonomy":"product_tag","embeddable":true,"href":"https:\/\/dearroyo.com\/tienda\/wp-json\/wp\/v2\/product_tag?post=118453"}],"curies":[{"name":"wp","href":"https:\/\/api.w.org\/{rel}","templated":true}]}}