{"id":118607,"date":"2025-11-17T09:00:33","date_gmt":"2025-11-17T09:00:33","guid":{"rendered":"https:\/\/dearroyo.com\/tienda\/?post_type=product&#038;p=118607"},"modified":"2025-12-18T16:37:16","modified_gmt":"2025-12-18T16:37:16","slug":"falda-badiola-invitada","status":"publish","type":"product","link":"https:\/\/dearroyo.com\/tienda\/producto\/falda-badiola-invitada\/","title":{"rendered":"falda badiola."},"content":{"rendered":"<p data-start=\"251\" data-end=\"472\"><strong data-start=\"251\" data-end=\"262\">La falda <\/strong><strong data-start=\"162\" data-end=\"173\">BADIOLA<\/strong> es una falda para invitada o eventos de corte recto, sin abertura, cintura alta y hecha en un tejido de lentejuelas bordadas con un estampado vegetal que cambia con la luz. Silueta firme y presencia silenciosa.<\/p>\n<p data-start=\"444\" data-end=\"525\">Comb\u00ednala con su blusa BADIOLA a juego y completa tu \u00abtotal look\u00bb.<\/p>\n<p data-start=\"733\" data-end=\"826\">Prenda confeccionada mediante un proceso consciente, cuidado y controlado por nuestro equipo.<\/p>\n<p data-start=\"828\" data-end=\"905\"><strong data-start=\"828\" data-end=\"858\">Plazo de entrega estimado:<\/strong> 10 a 15 d\u00edas desde la confirmaci\u00f3n del pedido.<\/p>\n<p data-start=\"907\" data-end=\"1035\"><strong data-start=\"907\" data-end=\"932\">Cuidado de la prenda:<\/strong> no lavar en agua, no usar lej\u00eda, no secar en secadora ni planchar. Limpieza en seco por especialistas.<\/p>\n","protected":false},"excerpt":{"rendered":"<p>Falda recta sin abertura en paillettes estampados con cintura alta. Cierre en la espalda con cremallera y remate de cinturilla en bi\u00e9s de raso negro.<\/p>\n<p>Composici\u00f3n tejido 100% PL.<\/p>\n<p>Tras realizar la compra, nos pondremos en contacto contigo por whatsapp para confirmar medidas y asegurarnos de que la talla seleccionada es la m\u00e1s adecuada para ti. Puedes consultar la gu\u00eda de tallas al final de esta p\u00e1gina.<\/p>\n","protected":false},"featured_media":118609,"comment_status":"open","ping_status":"closed","template":"","meta":[],"product_brand":[],"product_cat":[312,369,376,402,461],"product_tag":[278,294,300,301,304,307,310,311,388],"class_list":{"0":"post-118607","1":"product","2":"type-product","3":"status-publish","4":"has-post-thumbnail","6":"product_cat-total-look","7":"product_cat-falda-midi","8":"product_cat-dearroyo-studio","9":"product_cat-comprar","10":"product_cat-fiesta","11":"product_tag-estilo-minimal","12":"product_tag-boda-de-noche","13":"product_tag-paillettes","14":"product_tag-estampado-organico","15":"product_tag-lentejuelas","16":"product_tag-falda-badiola","17":"product_tag-boda-de-tarde","18":"product_tag-fiesta-de-noche","19":"product_tag-flores","20":"product_shipping_class-compra","22":"first","23":"instock","24":"taxable","25":"shipping-taxable","26":"purchasable","27":"product-type-variable"},"yoast_head":"<!-- This site is optimized with the Yoast SEO plugin v26.6 - https:\/\/yoast.com\/wordpress\/plugins\/seo\/ -->\n<title>falda badiola. - DE ARROYO. studio \u2013 vestidos de invitada desde Madrid<\/title>\n<meta name=\"description\" content=\"La falda BADIOLA de invitada es una prenda vers\u00e1til y distinguida que, unida a la blusa BADIOLA, te har\u00e1 triunfar donde vayas.\" \/>\n<meta name=\"robots\" content=\"index, follow, max-snippet:-1, max-image-preview:large, max-video-preview:-1\" \/>\n<link rel=\"canonical\" href=\"https:\/\/dearroyo.com\/tienda\/producto\/falda-badiola-invitada\/\" \/>\n<meta property=\"og:locale\" content=\"es_ES\" \/>\n<meta property=\"og:type\" content=\"article\" \/>\n<meta property=\"og:title\" content=\"falda badiola. - DE ARROYO. studio \u2013 vestidos de invitada desde Madrid\" \/>\n<meta property=\"og:description\" content=\"La falda BADIOLA de invitada es una prenda vers\u00e1til y distinguida que, unida a la blusa BADIOLA, te har\u00e1 triunfar donde vayas.\" \/>\n<meta property=\"og:url\" content=\"https:\/\/dearroyo.com\/tienda\/producto\/falda-badiola-invitada\/\" \/>\n<meta property=\"og:site_name\" content=\"DE ARROYO. studio \u2013 vestidos de invitada desde Madrid\" \/>\n<meta property=\"article:modified_time\" content=\"2025-12-18T16:37:16+00:00\" \/>\n<meta property=\"og:image\" content=\"https:\/\/dearroyo.com\/tienda\/wp-content\/uploads\/2025\/06\/badiola-falda-modelo-de.jpeg\" \/>\n\t<meta property=\"og:image:width\" content=\"1080\" \/>\n\t<meta property=\"og:image:height\" content=\"1440\" \/>\n\t<meta property=\"og:image:type\" content=\"image\/jpeg\" \/>\n<meta name=\"twitter:card\" content=\"summary_large_image\" \/>\n<meta name=\"twitter:label1\" content=\"Tiempo de lectura\" \/>\n\t<meta name=\"twitter:data1\" content=\"1 minuto\" \/>\n<script type=\"application\/ld+json\" class=\"yoast-schema-graph\">{\"@context\":\"https:\/\/schema.org\",\"@graph\":[{\"@type\":\"WebPage\",\"@id\":\"https:\/\/dearroyo.com\/tienda\/producto\/falda-badiola-invitada\/\",\"url\":\"https:\/\/dearroyo.com\/tienda\/producto\/falda-badiola-invitada\/\",\"name\":\"falda badiola. - DE ARROYO. studio \u2013 vestidos de invitada desde Madrid\",\"isPartOf\":{\"@id\":\"https:\/\/dearroyo.com\/tienda\/#website\"},\"primaryImageOfPage\":{\"@id\":\"https:\/\/dearroyo.com\/tienda\/producto\/falda-badiola-invitada\/#primaryimage\"},\"image\":{\"@id\":\"https:\/\/dearroyo.com\/tienda\/producto\/falda-badiola-invitada\/#primaryimage\"},\"thumbnailUrl\":\"https:\/\/dearroyo.com\/tienda\/wp-content\/uploads\/2025\/06\/badiola-falda-modelo-de.jpeg\",\"datePublished\":\"2025-11-17T09:00:33+00:00\",\"dateModified\":\"2025-12-18T16:37:16+00:00\",\"description\":\"La falda BADIOLA de invitada es una prenda vers\u00e1til y distinguida que, unida a la blusa BADIOLA, te har\u00e1 triunfar donde vayas.\",\"breadcrumb\":{\"@id\":\"https:\/\/dearroyo.com\/tienda\/producto\/falda-badiola-invitada\/#breadcrumb\"},\"inLanguage\":\"es\",\"potentialAction\":[{\"@type\":\"ReadAction\",\"target\":[\"https:\/\/dearroyo.com\/tienda\/producto\/falda-badiola-invitada\/\"]}]},{\"@type\":\"ImageObject\",\"inLanguage\":\"es\",\"@id\":\"https:\/\/dearroyo.com\/tienda\/producto\/falda-badiola-invitada\/#primaryimage\",\"url\":\"https:\/\/dearroyo.com\/tienda\/wp-content\/uploads\/2025\/06\/badiola-falda-modelo-de.jpeg\",\"contentUrl\":\"https:\/\/dearroyo.com\/tienda\/wp-content\/uploads\/2025\/06\/badiola-falda-modelo-de.jpeg\",\"width\":1080,\"height\":1440,\"caption\":\"modelo frontal \u2013 falda BADIOLA\"},{\"@type\":\"BreadcrumbList\",\"@id\":\"https:\/\/dearroyo.com\/tienda\/producto\/falda-badiola-invitada\/#breadcrumb\",\"itemListElement\":[{\"@type\":\"ListItem\",\"position\":1,\"name\":\"Portada\",\"item\":\"https:\/\/dearroyo.com\/tienda\/\"},{\"@type\":\"ListItem\",\"position\":2,\"name\":\"Home\",\"item\":\"https:\/\/dearroyo.com\/tienda\/\"},{\"@type\":\"ListItem\",\"position\":3,\"name\":\"falda badiola.\"}]},{\"@type\":\"WebSite\",\"@id\":\"https:\/\/dearroyo.com\/tienda\/#website\",\"url\":\"https:\/\/dearroyo.com\/tienda\/\",\"name\":\"DE ARROYO. studio \u2013 vestidos de invitada desde Madrid\",\"description\":\"colecci\u00f3n dearroyo studio de venta online para invitada con confecci\u00f3n limitada, dise\u00f1o propio y producci\u00f3n en Espa\u00f1a.\",\"potentialAction\":[{\"@type\":\"SearchAction\",\"target\":{\"@type\":\"EntryPoint\",\"urlTemplate\":\"https:\/\/dearroyo.com\/tienda\/?s={search_term_string}\"},\"query-input\":{\"@type\":\"PropertyValueSpecification\",\"valueRequired\":true,\"valueName\":\"search_term_string\"}}],\"inLanguage\":\"es\"}]}<\/script>\n<!-- \/ Yoast SEO plugin. -->","yoast_head_json":{"title":"falda badiola. - DE ARROYO. studio \u2013 vestidos de invitada desde Madrid","description":"La falda BADIOLA de invitada es una prenda vers\u00e1til y distinguida que, unida a la blusa BADIOLA, te har\u00e1 triunfar donde vayas.","robots":{"index":"index","follow":"follow","max-snippet":"max-snippet:-1","max-image-preview":"max-image-preview:large","max-video-preview":"max-video-preview:-1"},"canonical":"https:\/\/dearroyo.com\/tienda\/producto\/falda-badiola-invitada\/","og_locale":"es_ES","og_type":"article","og_title":"falda badiola. - DE ARROYO. studio \u2013 vestidos de invitada desde Madrid","og_description":"La falda BADIOLA de invitada es una prenda vers\u00e1til y distinguida que, unida a la blusa BADIOLA, te har\u00e1 triunfar donde vayas.","og_url":"https:\/\/dearroyo.com\/tienda\/producto\/falda-badiola-invitada\/","og_site_name":"DE ARROYO. studio \u2013 vestidos de invitada desde Madrid","article_modified_time":"2025-12-18T16:37:16+00:00","og_image":[{"width":1080,"height":1440,"url":"https:\/\/dearroyo.com\/tienda\/wp-content\/uploads\/2025\/06\/badiola-falda-modelo-de.jpeg","type":"image\/jpeg"}],"twitter_card":"summary_large_image","twitter_misc":{"Tiempo de lectura":"1 minuto"},"schema":{"@context":"https:\/\/schema.org","@graph":[{"@type":"WebPage","@id":"https:\/\/dearroyo.com\/tienda\/producto\/falda-badiola-invitada\/","url":"https:\/\/dearroyo.com\/tienda\/producto\/falda-badiola-invitada\/","name":"falda badiola. - DE ARROYO. studio \u2013 vestidos de invitada desde Madrid","isPartOf":{"@id":"https:\/\/dearroyo.com\/tienda\/#website"},"primaryImageOfPage":{"@id":"https:\/\/dearroyo.com\/tienda\/producto\/falda-badiola-invitada\/#primaryimage"},"image":{"@id":"https:\/\/dearroyo.com\/tienda\/producto\/falda-badiola-invitada\/#primaryimage"},"thumbnailUrl":"https:\/\/dearroyo.com\/tienda\/wp-content\/uploads\/2025\/06\/badiola-falda-modelo-de.jpeg","datePublished":"2025-11-17T09:00:33+00:00","dateModified":"2025-12-18T16:37:16+00:00","description":"La falda BADIOLA de invitada es una prenda vers\u00e1til y distinguida que, unida a la blusa BADIOLA, te har\u00e1 triunfar donde vayas.","breadcrumb":{"@id":"https:\/\/dearroyo.com\/tienda\/producto\/falda-badiola-invitada\/#breadcrumb"},"inLanguage":"es","potentialAction":[{"@type":"ReadAction","target":["https:\/\/dearroyo.com\/tienda\/producto\/falda-badiola-invitada\/"]}]},{"@type":"ImageObject","inLanguage":"es","@id":"https:\/\/dearroyo.com\/tienda\/producto\/falda-badiola-invitada\/#primaryimage","url":"https:\/\/dearroyo.com\/tienda\/wp-content\/uploads\/2025\/06\/badiola-falda-modelo-de.jpeg","contentUrl":"https:\/\/dearroyo.com\/tienda\/wp-content\/uploads\/2025\/06\/badiola-falda-modelo-de.jpeg","width":1080,"height":1440,"caption":"modelo frontal \u2013 falda BADIOLA"},{"@type":"BreadcrumbList","@id":"https:\/\/dearroyo.com\/tienda\/producto\/falda-badiola-invitada\/#breadcrumb","itemListElement":[{"@type":"ListItem","position":1,"name":"Portada","item":"https:\/\/dearroyo.com\/tienda\/"},{"@type":"ListItem","position":2,"name":"Home","item":"https:\/\/dearroyo.com\/tienda\/"},{"@type":"ListItem","position":3,"name":"falda badiola."}]},{"@type":"WebSite","@id":"https:\/\/dearroyo.com\/tienda\/#website","url":"https:\/\/dearroyo.com\/tienda\/","name":"DE ARROYO. studio \u2013 vestidos de invitada desde Madrid","description":"colecci\u00f3n dearroyo studio de venta online para invitada con confecci\u00f3n limitada, dise\u00f1o propio y producci\u00f3n en Espa\u00f1a.","potentialAction":[{"@type":"SearchAction","target":{"@type":"EntryPoint","urlTemplate":"https:\/\/dearroyo.com\/tienda\/?s={search_term_string}"},"query-input":{"@type":"PropertyValueSpecification","valueRequired":true,"valueName":"search_term_string"}}],"inLanguage":"es"}]}},"_links":{"self":[{"href":"https:\/\/dearroyo.com\/tienda\/wp-json\/wp\/v2\/product\/118607","targetHints":{"allow":["GET"]}}],"collection":[{"href":"https:\/\/dearroyo.com\/tienda\/wp-json\/wp\/v2\/product"}],"about":[{"href":"https:\/\/dearroyo.com\/tienda\/wp-json\/wp\/v2\/types\/product"}],"replies":[{"embeddable":true,"href":"https:\/\/dearroyo.com\/tienda\/wp-json\/wp\/v2\/comments?post=118607"}],"wp:featuredmedia":[{"embeddable":true,"href":"https:\/\/dearroyo.com\/tienda\/wp-json\/wp\/v2\/media\/118609"}],"wp:attachment":[{"href":"https:\/\/dearroyo.com\/tienda\/wp-json\/wp\/v2\/media?parent=118607"}],"wp:term":[{"taxonomy":"product_brand","embeddable":true,"href":"https:\/\/dearroyo.com\/tienda\/wp-json\/wp\/v2\/product_brand?post=118607"},{"taxonomy":"product_cat","embeddable":true,"href":"https:\/\/dearroyo.com\/tienda\/wp-json\/wp\/v2\/product_cat?post=118607"},{"taxonomy":"product_tag","embeddable":true,"href":"https:\/\/dearroyo.com\/tienda\/wp-json\/wp\/v2\/product_tag?post=118607"}],"curies":[{"name":"wp","href":"https:\/\/api.w.org\/{rel}","templated":true}]}}