{"id":118625,"date":"2025-06-17T12:15:13","date_gmt":"2025-06-17T12:15:13","guid":{"rendered":"https:\/\/dearroyo.com\/tienda\/?post_type=product&#038;p=118625"},"modified":"2025-12-23T12:43:25","modified_gmt":"2025-12-23T12:43:25","slug":"vestido-limon-invitada","status":"publish","type":"product","link":"https:\/\/dearroyo.com\/tienda\/producto\/vestido-limon-invitada\/","title":{"rendered":"vestido limon fuxia."},"content":{"rendered":"<p data-start=\"251\" data-end=\"472\"><strong data-start=\"251\" data-end=\"262\">El vestido LIMON <\/strong>\u00a0para invitada a bodas o eventos de noche es un vestido que atrapa miradas desde el primer instante. Est\u00e1 confeccionado en seda salvaje color fuxia y su dise\u00f1o parte del fruncido desde el fruncido crea un volumen ligero y et\u00e9reo en todo el cuerpo.<br data-start=\"430\" data-end=\"433\" \/>Cuerpo en encaje tipo chantilly efecto piel que sujeta con sutileza y deja el protagonismo a la falda del vestido.<br data-start=\"584\" data-end=\"587\" \/>Una pieza muy especial para invitadas atrevidas, minimalistas y con mucho estilo.<\/p>\n<p data-start=\"733\" data-end=\"826\">Prenda confeccionada mediante un proceso consciente, cuidado y controlado por nuestro equipo.<\/p>\n<p data-start=\"907\" data-end=\"1035\"><strong data-start=\"907\" data-end=\"932\">Cuidado de la prenda:<\/strong> no lavar en agua, no usar lej\u00eda, no secar en secadora ni planchar. Limpieza en seco por especialistas.<\/p>\n","protected":false},"excerpt":{"rendered":"<p>\u26a0\ufe0f \u00daLTIMA UNIDAD DISPONIBLE \u2013 talla <strong>M<\/strong> \u26a0\ufe0f<br \/>\nEste COLOR no se repone. <strong>Env\u00edo inmediato.<\/strong><\/p>\n<p>Vestido largo en seda salvaje fuxia con falda fruncida desde el escote. Cuerpo hecho en encaje tipo chantilly efecto piel para una sujeci\u00f3n ligera y limpia. Cierre en la espalda con corchetes met\u00e1licos, l\u00e1grima en el encaje y maxi bot\u00f3n decorativo.<\/p>\n<p>Composici\u00f3n tejido 100% SEDA.<\/p>\n","protected":false},"featured_media":118627,"comment_status":"open","ping_status":"closed","template":"","meta":[],"product_brand":[],"product_cat":[187,376,402,460],"product_tag":[278,294,310,311,322,323,384,419,424],"class_list":{"0":"post-118625","1":"product","2":"type-product","3":"status-publish","4":"has-post-thumbnail","6":"product_cat-vestido","7":"product_cat-dearroyo-studio","8":"product_cat-comprar","9":"product_cat-precios-especiales","10":"product_tag-estilo-minimal","11":"product_tag-boda-de-noche","12":"product_tag-boda-de-tarde","13":"product_tag-fiesta-de-noche","14":"product_tag-vestido-limon","15":"product_tag-seda-salvaje","16":"product_tag-fuxia","17":"product_tag-fiesta","18":"product_tag-limon","19":"product_shipping_class-compra","21":"first","22":"instock","23":"sale","24":"taxable","25":"shipping-taxable","26":"purchasable","27":"product-type-simple"},"yoast_head":"<!-- This site is optimized with the Yoast SEO plugin v26.6 - https:\/\/yoast.com\/wordpress\/plugins\/seo\/ -->\n<title>vestido limon fuxia. - DE ARROYO. studio \u2013 vestidos de invitada desde Madrid<\/title>\n<meta name=\"description\" content=\"El vestido LIMON para invitada est\u00e1 hecho por nuestro equipo al cien por cien y te convertir\u00e1 en la invitada m\u00e1s destacada.\" \/>\n<meta name=\"robots\" content=\"index, follow, max-snippet:-1, max-image-preview:large, max-video-preview:-1\" \/>\n<link rel=\"canonical\" href=\"https:\/\/dearroyo.com\/tienda\/producto\/vestido-limon-invitada\/\" \/>\n<meta property=\"og:locale\" content=\"es_ES\" \/>\n<meta property=\"og:type\" content=\"article\" \/>\n<meta property=\"og:title\" content=\"vestido limon fuxia. - DE ARROYO. studio \u2013 vestidos de invitada desde Madrid\" \/>\n<meta property=\"og:description\" content=\"El vestido LIMON para invitada est\u00e1 hecho por nuestro equipo al cien por cien y te convertir\u00e1 en la invitada m\u00e1s destacada.\" \/>\n<meta property=\"og:url\" content=\"https:\/\/dearroyo.com\/tienda\/producto\/vestido-limon-invitada\/\" \/>\n<meta property=\"og:site_name\" content=\"DE ARROYO. studio \u2013 vestidos de invitada desde Madrid\" \/>\n<meta property=\"article:modified_time\" content=\"2025-12-23T12:43:25+00:00\" \/>\n<meta property=\"og:image\" content=\"https:\/\/dearroyo.com\/tienda\/wp-content\/uploads\/2025\/06\/limon-fuxia-de.jpeg\" \/>\n\t<meta property=\"og:image:width\" content=\"1080\" \/>\n\t<meta property=\"og:image:height\" content=\"1440\" \/>\n\t<meta property=\"og:image:type\" content=\"image\/jpeg\" \/>\n<meta name=\"twitter:card\" content=\"summary_large_image\" \/>\n<meta name=\"twitter:label1\" content=\"Tiempo de lectura\" \/>\n\t<meta name=\"twitter:data1\" content=\"1 minuto\" \/>\n<script type=\"application\/ld+json\" class=\"yoast-schema-graph\">{\"@context\":\"https:\/\/schema.org\",\"@graph\":[{\"@type\":\"WebPage\",\"@id\":\"https:\/\/dearroyo.com\/tienda\/producto\/vestido-limon-invitada\/\",\"url\":\"https:\/\/dearroyo.com\/tienda\/producto\/vestido-limon-invitada\/\",\"name\":\"vestido limon fuxia. - DE ARROYO. studio \u2013 vestidos de invitada desde Madrid\",\"isPartOf\":{\"@id\":\"https:\/\/dearroyo.com\/tienda\/#website\"},\"primaryImageOfPage\":{\"@id\":\"https:\/\/dearroyo.com\/tienda\/producto\/vestido-limon-invitada\/#primaryimage\"},\"image\":{\"@id\":\"https:\/\/dearroyo.com\/tienda\/producto\/vestido-limon-invitada\/#primaryimage\"},\"thumbnailUrl\":\"https:\/\/dearroyo.com\/tienda\/wp-content\/uploads\/2025\/06\/limon-fuxia-de.jpeg\",\"datePublished\":\"2025-06-17T12:15:13+00:00\",\"dateModified\":\"2025-12-23T12:43:25+00:00\",\"description\":\"El vestido LIMON para invitada est\u00e1 hecho por nuestro equipo al cien por cien y te convertir\u00e1 en la invitada m\u00e1s destacada.\",\"breadcrumb\":{\"@id\":\"https:\/\/dearroyo.com\/tienda\/producto\/vestido-limon-invitada\/#breadcrumb\"},\"inLanguage\":\"es\",\"potentialAction\":[{\"@type\":\"ReadAction\",\"target\":[\"https:\/\/dearroyo.com\/tienda\/producto\/vestido-limon-invitada\/\"]}]},{\"@type\":\"ImageObject\",\"inLanguage\":\"es\",\"@id\":\"https:\/\/dearroyo.com\/tienda\/producto\/vestido-limon-invitada\/#primaryimage\",\"url\":\"https:\/\/dearroyo.com\/tienda\/wp-content\/uploads\/2025\/06\/limon-fuxia-de.jpeg\",\"contentUrl\":\"https:\/\/dearroyo.com\/tienda\/wp-content\/uploads\/2025\/06\/limon-fuxia-de.jpeg\",\"width\":1080,\"height\":1440,\"caption\":\"vista frontal \u2013 vestido LIMON\"},{\"@type\":\"BreadcrumbList\",\"@id\":\"https:\/\/dearroyo.com\/tienda\/producto\/vestido-limon-invitada\/#breadcrumb\",\"itemListElement\":[{\"@type\":\"ListItem\",\"position\":1,\"name\":\"Portada\",\"item\":\"https:\/\/dearroyo.com\/tienda\/\"},{\"@type\":\"ListItem\",\"position\":2,\"name\":\"Home\",\"item\":\"https:\/\/dearroyo.com\/tienda\/\"},{\"@type\":\"ListItem\",\"position\":3,\"name\":\"vestido limon fuxia.\"}]},{\"@type\":\"WebSite\",\"@id\":\"https:\/\/dearroyo.com\/tienda\/#website\",\"url\":\"https:\/\/dearroyo.com\/tienda\/\",\"name\":\"DE ARROYO. studio \u2013 vestidos de invitada desde Madrid\",\"description\":\"colecci\u00f3n dearroyo studio de venta online para invitada con confecci\u00f3n limitada, dise\u00f1o propio y producci\u00f3n en Espa\u00f1a.\",\"potentialAction\":[{\"@type\":\"SearchAction\",\"target\":{\"@type\":\"EntryPoint\",\"urlTemplate\":\"https:\/\/dearroyo.com\/tienda\/?s={search_term_string}\"},\"query-input\":{\"@type\":\"PropertyValueSpecification\",\"valueRequired\":true,\"valueName\":\"search_term_string\"}}],\"inLanguage\":\"es\"}]}<\/script>\n<!-- \/ Yoast SEO plugin. -->","yoast_head_json":{"title":"vestido limon fuxia. - DE ARROYO. studio \u2013 vestidos de invitada desde Madrid","description":"El vestido LIMON para invitada est\u00e1 hecho por nuestro equipo al cien por cien y te convertir\u00e1 en la invitada m\u00e1s destacada.","robots":{"index":"index","follow":"follow","max-snippet":"max-snippet:-1","max-image-preview":"max-image-preview:large","max-video-preview":"max-video-preview:-1"},"canonical":"https:\/\/dearroyo.com\/tienda\/producto\/vestido-limon-invitada\/","og_locale":"es_ES","og_type":"article","og_title":"vestido limon fuxia. - DE ARROYO. studio \u2013 vestidos de invitada desde Madrid","og_description":"El vestido LIMON para invitada est\u00e1 hecho por nuestro equipo al cien por cien y te convertir\u00e1 en la invitada m\u00e1s destacada.","og_url":"https:\/\/dearroyo.com\/tienda\/producto\/vestido-limon-invitada\/","og_site_name":"DE ARROYO. studio \u2013 vestidos de invitada desde Madrid","article_modified_time":"2025-12-23T12:43:25+00:00","og_image":[{"width":1080,"height":1440,"url":"https:\/\/dearroyo.com\/tienda\/wp-content\/uploads\/2025\/06\/limon-fuxia-de.jpeg","type":"image\/jpeg"}],"twitter_card":"summary_large_image","twitter_misc":{"Tiempo de lectura":"1 minuto"},"schema":{"@context":"https:\/\/schema.org","@graph":[{"@type":"WebPage","@id":"https:\/\/dearroyo.com\/tienda\/producto\/vestido-limon-invitada\/","url":"https:\/\/dearroyo.com\/tienda\/producto\/vestido-limon-invitada\/","name":"vestido limon fuxia. - DE ARROYO. studio \u2013 vestidos de invitada desde Madrid","isPartOf":{"@id":"https:\/\/dearroyo.com\/tienda\/#website"},"primaryImageOfPage":{"@id":"https:\/\/dearroyo.com\/tienda\/producto\/vestido-limon-invitada\/#primaryimage"},"image":{"@id":"https:\/\/dearroyo.com\/tienda\/producto\/vestido-limon-invitada\/#primaryimage"},"thumbnailUrl":"https:\/\/dearroyo.com\/tienda\/wp-content\/uploads\/2025\/06\/limon-fuxia-de.jpeg","datePublished":"2025-06-17T12:15:13+00:00","dateModified":"2025-12-23T12:43:25+00:00","description":"El vestido LIMON para invitada est\u00e1 hecho por nuestro equipo al cien por cien y te convertir\u00e1 en la invitada m\u00e1s destacada.","breadcrumb":{"@id":"https:\/\/dearroyo.com\/tienda\/producto\/vestido-limon-invitada\/#breadcrumb"},"inLanguage":"es","potentialAction":[{"@type":"ReadAction","target":["https:\/\/dearroyo.com\/tienda\/producto\/vestido-limon-invitada\/"]}]},{"@type":"ImageObject","inLanguage":"es","@id":"https:\/\/dearroyo.com\/tienda\/producto\/vestido-limon-invitada\/#primaryimage","url":"https:\/\/dearroyo.com\/tienda\/wp-content\/uploads\/2025\/06\/limon-fuxia-de.jpeg","contentUrl":"https:\/\/dearroyo.com\/tienda\/wp-content\/uploads\/2025\/06\/limon-fuxia-de.jpeg","width":1080,"height":1440,"caption":"vista frontal \u2013 vestido LIMON"},{"@type":"BreadcrumbList","@id":"https:\/\/dearroyo.com\/tienda\/producto\/vestido-limon-invitada\/#breadcrumb","itemListElement":[{"@type":"ListItem","position":1,"name":"Portada","item":"https:\/\/dearroyo.com\/tienda\/"},{"@type":"ListItem","position":2,"name":"Home","item":"https:\/\/dearroyo.com\/tienda\/"},{"@type":"ListItem","position":3,"name":"vestido limon fuxia."}]},{"@type":"WebSite","@id":"https:\/\/dearroyo.com\/tienda\/#website","url":"https:\/\/dearroyo.com\/tienda\/","name":"DE ARROYO. studio \u2013 vestidos de invitada desde Madrid","description":"colecci\u00f3n dearroyo studio de venta online para invitada con confecci\u00f3n limitada, dise\u00f1o propio y producci\u00f3n en Espa\u00f1a.","potentialAction":[{"@type":"SearchAction","target":{"@type":"EntryPoint","urlTemplate":"https:\/\/dearroyo.com\/tienda\/?s={search_term_string}"},"query-input":{"@type":"PropertyValueSpecification","valueRequired":true,"valueName":"search_term_string"}}],"inLanguage":"es"}]}},"_links":{"self":[{"href":"https:\/\/dearroyo.com\/tienda\/wp-json\/wp\/v2\/product\/118625","targetHints":{"allow":["GET"]}}],"collection":[{"href":"https:\/\/dearroyo.com\/tienda\/wp-json\/wp\/v2\/product"}],"about":[{"href":"https:\/\/dearroyo.com\/tienda\/wp-json\/wp\/v2\/types\/product"}],"replies":[{"embeddable":true,"href":"https:\/\/dearroyo.com\/tienda\/wp-json\/wp\/v2\/comments?post=118625"}],"wp:featuredmedia":[{"embeddable":true,"href":"https:\/\/dearroyo.com\/tienda\/wp-json\/wp\/v2\/media\/118627"}],"wp:attachment":[{"href":"https:\/\/dearroyo.com\/tienda\/wp-json\/wp\/v2\/media?parent=118625"}],"wp:term":[{"taxonomy":"product_brand","embeddable":true,"href":"https:\/\/dearroyo.com\/tienda\/wp-json\/wp\/v2\/product_brand?post=118625"},{"taxonomy":"product_cat","embeddable":true,"href":"https:\/\/dearroyo.com\/tienda\/wp-json\/wp\/v2\/product_cat?post=118625"},{"taxonomy":"product_tag","embeddable":true,"href":"https:\/\/dearroyo.com\/tienda\/wp-json\/wp\/v2\/product_tag?post=118625"}],"curies":[{"name":"wp","href":"https:\/\/api.w.org\/{rel}","templated":true}]}}