{"id":118665,"date":"2025-11-03T00:00:23","date_gmt":"2025-11-03T00:00:23","guid":{"rendered":"https:\/\/dearroyo.com\/tienda\/?post_type=product&#038;p=118665"},"modified":"2025-12-18T18:01:18","modified_gmt":"2025-12-18T18:01:18","slug":"vestido-sahara-invitada","status":"publish","type":"product","link":"https:\/\/dearroyo.com\/tienda\/producto\/vestido-sahara-invitada\/","title":{"rendered":"vestido sahara."},"content":{"rendered":"<p data-start=\"251\" data-end=\"472\"><strong data-start=\"251\" data-end=\"262\">El vestido SAHARA <\/strong>de invitada est\u00e1 confeccionado en micro sat\u00e9n color vino de ca\u00edda fluida y brillo sutil. Su dise\u00f1o largo y suelto no marca la figura, pero la envuelve con movimiento gracias a los pliegues suaves en el talle y una abertura central en la parte delantera. El escote en pico y las mangas fluidas con sisa ca\u00edda le aportan una feminidad relajada y sofisticada. Bot\u00f3n joya sujetando los pliegues a modo detalle.<\/p>\n<p data-start=\"251\" data-end=\"472\">Es un vestido perfecto para invitadas que buscan una pieza elegante con aire desenfadado.<\/p>\n<p><strong data-start=\"136\" data-end=\"173\">Plazo de entrega de 10 a 15 d\u00edas.<\/strong><br data-start=\"173\" data-end=\"176\" \/>Cada prenda se confecciona bajo pedido y especialmente para ti, siguiendo un proceso artesanal y cuidado que garantiza un resultado \u00fanico, hecho con la atenci\u00f3n y el tiempo que merece. Consulta nuestros <span style=\"color: #333333;\"><a style=\"color: #333333;\" href=\"https:\/\/dearroyo.com\/tienda\/terminos-y-condiciones\/\">t\u00e9rminos y condiciones<\/a><\/span> para m\u00e1s informaci\u00f3n.<\/p>\n<p>Las prendas que se realicen por encargo y no correspondan al tallaje de la tabla, llevar\u00e1n un incremento entre un 15% y un 30% en todos los productos. Cont\u00e1ctanos si est\u00e1s interesado en este tipo de cambios.<\/p>\n<p>Hecho 100% por nuestro equipo.<\/p>\n<p><b>Cuidado de la prenda:<\/b> no lavar, no usar lej\u00eda, no secar en secadora, no plancha, s\u00ed limpieza en seco con percloroetileno. Lavar por especialistas en lavado.<\/p>\n","protected":false},"excerpt":{"rendered":"<div style=\"max-width: 180px; margin: 2rem auto; text-align: center;\"><video style=\"width: 100%; height: auto; display: block;\" muted=\"\" controls=\"controls\" width=\"300\" height=\"150\"><source src=\"https:\/\/dearroyo.com\/tienda\/wp-content\/uploads\/2025\/07\/video-sahara-dearroyostudio-1.mp4\" type=\"video\/mp4\" \/>Tu navegador no soporta v\u00eddeo HTML5.<\/video><\/div>\n<p>Vestido largo en micro sat\u00e9n color vino, con silueta fluida, escote a pico, manga campana y abertura delantera. Para m\u00e1s colores cons\u00faltanos.<\/p>\n<p>Composici\u00f3n tejido 100% PL.<\/p>\n<p>Una vez finalizada la compra contactaremos contigo para asegurarnos de que la talla seleccionada es la m\u00e1s adecuada para ti.<\/p>\n","protected":false},"featured_media":118671,"comment_status":"open","ping_status":"closed","template":"","meta":[],"product_brand":[],"product_cat":[315,376,402,461],"product_tag":[278,326,327,341,342,343,385,386],"class_list":{"0":"post-118665","1":"product","2":"type-product","3":"status-publish","4":"has-post-thumbnail","6":"product_cat-vestido-largo","7":"product_cat-dearroyo-studio","8":"product_cat-comprar","9":"product_cat-fiesta","10":"product_tag-estilo-minimal","11":"product_tag-boda-tarde","12":"product_tag-boda-noche","13":"product_tag-vestido-fluido","14":"product_tag-saten","15":"product_tag-vestido-sahara","16":"product_tag-pliegues","17":"product_tag-color-vino","18":"product_shipping_class-compra","20":"first","21":"instock","22":"taxable","23":"shipping-taxable","24":"purchasable","25":"product-type-variable"},"yoast_head":"<!-- This site is optimized with the Yoast SEO plugin v26.6 - https:\/\/yoast.com\/wordpress\/plugins\/seo\/ -->\n<title>vestido sahara. - DE ARROYO. studio \u2013 vestidos de invitada desde Madrid<\/title>\n<meta name=\"description\" content=\"El vestido SAHARA de invitada es elegante, sutil fluido sin destacar silueta pero ensalzando la feminidad. Perfecto para eventos de tarde y noche.\" \/>\n<meta name=\"robots\" content=\"index, follow, max-snippet:-1, max-image-preview:large, max-video-preview:-1\" \/>\n<link rel=\"canonical\" href=\"https:\/\/dearroyo.com\/tienda\/producto\/vestido-sahara-invitada\/\" \/>\n<meta property=\"og:locale\" content=\"es_ES\" \/>\n<meta property=\"og:type\" content=\"article\" \/>\n<meta property=\"og:title\" content=\"vestido sahara. - DE ARROYO. studio \u2013 vestidos de invitada desde Madrid\" \/>\n<meta property=\"og:description\" content=\"El vestido SAHARA de invitada es elegante, sutil fluido sin destacar silueta pero ensalzando la feminidad. Perfecto para eventos de tarde y noche.\" \/>\n<meta property=\"og:url\" content=\"https:\/\/dearroyo.com\/tienda\/producto\/vestido-sahara-invitada\/\" \/>\n<meta property=\"og:site_name\" content=\"DE ARROYO. studio \u2013 vestidos de invitada desde Madrid\" \/>\n<meta property=\"article:modified_time\" content=\"2025-12-18T18:01:18+00:00\" \/>\n<meta property=\"og:image\" content=\"https:\/\/dearroyo.com\/tienda\/wp-content\/uploads\/2025\/06\/sahara-vino-modelo-desahara-vino-modelo-de2.jpeg\" \/>\n\t<meta property=\"og:image:width\" content=\"1080\" \/>\n\t<meta property=\"og:image:height\" content=\"1440\" \/>\n\t<meta property=\"og:image:type\" content=\"image\/jpeg\" \/>\n<meta name=\"twitter:card\" content=\"summary_large_image\" \/>\n<meta name=\"twitter:label1\" content=\"Tiempo de lectura\" \/>\n\t<meta name=\"twitter:data1\" content=\"2 minutos\" \/>\n<script type=\"application\/ld+json\" class=\"yoast-schema-graph\">{\"@context\":\"https:\/\/schema.org\",\"@graph\":[{\"@type\":\"WebPage\",\"@id\":\"https:\/\/dearroyo.com\/tienda\/producto\/vestido-sahara-invitada\/\",\"url\":\"https:\/\/dearroyo.com\/tienda\/producto\/vestido-sahara-invitada\/\",\"name\":\"vestido sahara. - DE ARROYO. studio \u2013 vestidos de invitada desde Madrid\",\"isPartOf\":{\"@id\":\"https:\/\/dearroyo.com\/tienda\/#website\"},\"primaryImageOfPage\":{\"@id\":\"https:\/\/dearroyo.com\/tienda\/producto\/vestido-sahara-invitada\/#primaryimage\"},\"image\":{\"@id\":\"https:\/\/dearroyo.com\/tienda\/producto\/vestido-sahara-invitada\/#primaryimage\"},\"thumbnailUrl\":\"https:\/\/dearroyo.com\/tienda\/wp-content\/uploads\/2025\/06\/sahara-vino-modelo-desahara-vino-modelo-de2.jpeg\",\"datePublished\":\"2025-11-03T00:00:23+00:00\",\"dateModified\":\"2025-12-18T18:01:18+00:00\",\"description\":\"El vestido SAHARA de invitada es elegante, sutil fluido sin destacar silueta pero ensalzando la feminidad. Perfecto para eventos de tarde y noche.\",\"breadcrumb\":{\"@id\":\"https:\/\/dearroyo.com\/tienda\/producto\/vestido-sahara-invitada\/#breadcrumb\"},\"inLanguage\":\"es\",\"potentialAction\":[{\"@type\":\"ReadAction\",\"target\":[\"https:\/\/dearroyo.com\/tienda\/producto\/vestido-sahara-invitada\/\"]}]},{\"@type\":\"ImageObject\",\"inLanguage\":\"es\",\"@id\":\"https:\/\/dearroyo.com\/tienda\/producto\/vestido-sahara-invitada\/#primaryimage\",\"url\":\"https:\/\/dearroyo.com\/tienda\/wp-content\/uploads\/2025\/06\/sahara-vino-modelo-desahara-vino-modelo-de2.jpeg\",\"contentUrl\":\"https:\/\/dearroyo.com\/tienda\/wp-content\/uploads\/2025\/06\/sahara-vino-modelo-desahara-vino-modelo-de2.jpeg\",\"width\":1080,\"height\":1440,\"caption\":\"delantero en modelo\u2013 vestido SAHARA\"},{\"@type\":\"BreadcrumbList\",\"@id\":\"https:\/\/dearroyo.com\/tienda\/producto\/vestido-sahara-invitada\/#breadcrumb\",\"itemListElement\":[{\"@type\":\"ListItem\",\"position\":1,\"name\":\"Portada\",\"item\":\"https:\/\/dearroyo.com\/tienda\/\"},{\"@type\":\"ListItem\",\"position\":2,\"name\":\"Home\",\"item\":\"https:\/\/dearroyo.com\/tienda\/\"},{\"@type\":\"ListItem\",\"position\":3,\"name\":\"vestido sahara.\"}]},{\"@type\":\"WebSite\",\"@id\":\"https:\/\/dearroyo.com\/tienda\/#website\",\"url\":\"https:\/\/dearroyo.com\/tienda\/\",\"name\":\"DE ARROYO. studio \u2013 vestidos de invitada desde Madrid\",\"description\":\"colecci\u00f3n dearroyo studio de venta online para invitada con confecci\u00f3n limitada, dise\u00f1o propio y producci\u00f3n en Espa\u00f1a.\",\"potentialAction\":[{\"@type\":\"SearchAction\",\"target\":{\"@type\":\"EntryPoint\",\"urlTemplate\":\"https:\/\/dearroyo.com\/tienda\/?s={search_term_string}\"},\"query-input\":{\"@type\":\"PropertyValueSpecification\",\"valueRequired\":true,\"valueName\":\"search_term_string\"}}],\"inLanguage\":\"es\"}]}<\/script>\n<!-- \/ Yoast SEO plugin. -->","yoast_head_json":{"title":"vestido sahara. - DE ARROYO. studio \u2013 vestidos de invitada desde Madrid","description":"El vestido SAHARA de invitada es elegante, sutil fluido sin destacar silueta pero ensalzando la feminidad. Perfecto para eventos de tarde y noche.","robots":{"index":"index","follow":"follow","max-snippet":"max-snippet:-1","max-image-preview":"max-image-preview:large","max-video-preview":"max-video-preview:-1"},"canonical":"https:\/\/dearroyo.com\/tienda\/producto\/vestido-sahara-invitada\/","og_locale":"es_ES","og_type":"article","og_title":"vestido sahara. - DE ARROYO. studio \u2013 vestidos de invitada desde Madrid","og_description":"El vestido SAHARA de invitada es elegante, sutil fluido sin destacar silueta pero ensalzando la feminidad. Perfecto para eventos de tarde y noche.","og_url":"https:\/\/dearroyo.com\/tienda\/producto\/vestido-sahara-invitada\/","og_site_name":"DE ARROYO. studio \u2013 vestidos de invitada desde Madrid","article_modified_time":"2025-12-18T18:01:18+00:00","og_image":[{"width":1080,"height":1440,"url":"https:\/\/dearroyo.com\/tienda\/wp-content\/uploads\/2025\/06\/sahara-vino-modelo-desahara-vino-modelo-de2.jpeg","type":"image\/jpeg"}],"twitter_card":"summary_large_image","twitter_misc":{"Tiempo de lectura":"2 minutos"},"schema":{"@context":"https:\/\/schema.org","@graph":[{"@type":"WebPage","@id":"https:\/\/dearroyo.com\/tienda\/producto\/vestido-sahara-invitada\/","url":"https:\/\/dearroyo.com\/tienda\/producto\/vestido-sahara-invitada\/","name":"vestido sahara. - DE ARROYO. studio \u2013 vestidos de invitada desde Madrid","isPartOf":{"@id":"https:\/\/dearroyo.com\/tienda\/#website"},"primaryImageOfPage":{"@id":"https:\/\/dearroyo.com\/tienda\/producto\/vestido-sahara-invitada\/#primaryimage"},"image":{"@id":"https:\/\/dearroyo.com\/tienda\/producto\/vestido-sahara-invitada\/#primaryimage"},"thumbnailUrl":"https:\/\/dearroyo.com\/tienda\/wp-content\/uploads\/2025\/06\/sahara-vino-modelo-desahara-vino-modelo-de2.jpeg","datePublished":"2025-11-03T00:00:23+00:00","dateModified":"2025-12-18T18:01:18+00:00","description":"El vestido SAHARA de invitada es elegante, sutil fluido sin destacar silueta pero ensalzando la feminidad. Perfecto para eventos de tarde y noche.","breadcrumb":{"@id":"https:\/\/dearroyo.com\/tienda\/producto\/vestido-sahara-invitada\/#breadcrumb"},"inLanguage":"es","potentialAction":[{"@type":"ReadAction","target":["https:\/\/dearroyo.com\/tienda\/producto\/vestido-sahara-invitada\/"]}]},{"@type":"ImageObject","inLanguage":"es","@id":"https:\/\/dearroyo.com\/tienda\/producto\/vestido-sahara-invitada\/#primaryimage","url":"https:\/\/dearroyo.com\/tienda\/wp-content\/uploads\/2025\/06\/sahara-vino-modelo-desahara-vino-modelo-de2.jpeg","contentUrl":"https:\/\/dearroyo.com\/tienda\/wp-content\/uploads\/2025\/06\/sahara-vino-modelo-desahara-vino-modelo-de2.jpeg","width":1080,"height":1440,"caption":"delantero en modelo\u2013 vestido SAHARA"},{"@type":"BreadcrumbList","@id":"https:\/\/dearroyo.com\/tienda\/producto\/vestido-sahara-invitada\/#breadcrumb","itemListElement":[{"@type":"ListItem","position":1,"name":"Portada","item":"https:\/\/dearroyo.com\/tienda\/"},{"@type":"ListItem","position":2,"name":"Home","item":"https:\/\/dearroyo.com\/tienda\/"},{"@type":"ListItem","position":3,"name":"vestido sahara."}]},{"@type":"WebSite","@id":"https:\/\/dearroyo.com\/tienda\/#website","url":"https:\/\/dearroyo.com\/tienda\/","name":"DE ARROYO. studio \u2013 vestidos de invitada desde Madrid","description":"colecci\u00f3n dearroyo studio de venta online para invitada con confecci\u00f3n limitada, dise\u00f1o propio y producci\u00f3n en Espa\u00f1a.","potentialAction":[{"@type":"SearchAction","target":{"@type":"EntryPoint","urlTemplate":"https:\/\/dearroyo.com\/tienda\/?s={search_term_string}"},"query-input":{"@type":"PropertyValueSpecification","valueRequired":true,"valueName":"search_term_string"}}],"inLanguage":"es"}]}},"_links":{"self":[{"href":"https:\/\/dearroyo.com\/tienda\/wp-json\/wp\/v2\/product\/118665","targetHints":{"allow":["GET"]}}],"collection":[{"href":"https:\/\/dearroyo.com\/tienda\/wp-json\/wp\/v2\/product"}],"about":[{"href":"https:\/\/dearroyo.com\/tienda\/wp-json\/wp\/v2\/types\/product"}],"replies":[{"embeddable":true,"href":"https:\/\/dearroyo.com\/tienda\/wp-json\/wp\/v2\/comments?post=118665"}],"wp:featuredmedia":[{"embeddable":true,"href":"https:\/\/dearroyo.com\/tienda\/wp-json\/wp\/v2\/media\/118671"}],"wp:attachment":[{"href":"https:\/\/dearroyo.com\/tienda\/wp-json\/wp\/v2\/media?parent=118665"}],"wp:term":[{"taxonomy":"product_brand","embeddable":true,"href":"https:\/\/dearroyo.com\/tienda\/wp-json\/wp\/v2\/product_brand?post=118665"},{"taxonomy":"product_cat","embeddable":true,"href":"https:\/\/dearroyo.com\/tienda\/wp-json\/wp\/v2\/product_cat?post=118665"},{"taxonomy":"product_tag","embeddable":true,"href":"https:\/\/dearroyo.com\/tienda\/wp-json\/wp\/v2\/product_tag?post=118665"}],"curies":[{"name":"wp","href":"https:\/\/api.w.org\/{rel}","templated":true}]}}