{"id":118675,"date":"2025-05-10T11:10:30","date_gmt":"2025-05-10T11:10:30","guid":{"rendered":"https:\/\/dearroyo.com\/tienda\/?post_type=product&#038;p=118675"},"modified":"2025-12-18T17:17:55","modified_gmt":"2025-12-18T17:17:55","slug":"vestido-oaxaca-invitada","status":"publish","type":"product","link":"https:\/\/dearroyo.com\/tienda\/producto\/vestido-oaxaca-invitada\/","title":{"rendered":"vestido oaxaca."},"content":{"rendered":"<p data-start=\"251\" data-end=\"472\"><strong data-start=\"251\" data-end=\"262\">El vestido OAXACA <\/strong>de invitada es un mini vestido confeccionado en tafet\u00e1n con un dise\u00f1o escultural y lleno de presencia. Sus capas abullonadas crean un efecto capeado que aporta dramatismo y movimiento. Se abre por el delantero y se cierra con autom\u00e1ticos ocultos, mientras que los maxi botones forrados en el mismo tejido funcionan como detalle decorativo.<\/p>\n<p data-start=\"251\" data-end=\"472\">Una pieza \u00fanica para invitadas que buscan originalidad y sorprender con una silueta diferente.<\/p>\n<p data-start=\"733\" data-end=\"826\">Prenda confeccionada mediante un proceso consciente, cuidado y controlado por nuestro equipo.<\/p>\n<p data-start=\"907\" data-end=\"1035\"><strong data-start=\"907\" data-end=\"932\">Cuidado de la prenda:<\/strong> no lavar en agua, no usar lej\u00eda, no secar en secadora ni planchar. Limpieza en seco por especialistas.<\/p>\n","protected":false},"excerpt":{"rendered":"<p>\u26a0\ufe0f \u00daLTIMA UNIDAD DISPONIBLE \u2013 TALLA S \u26a0\ufe0f<br \/>\nEste tejido no se repone. <strong>Env\u00edo inmediato.<\/strong><\/p>\n<p>Mini vestido confeccionado en tafet\u00e1n color rosa beb\u00e9 con vol\u00famenes capeados. Se cierra en el \u00a0delantero con autom\u00e1ticos ocultos y botones decorativos forrados en el mismo tejido del vestido. Cons\u00faltanos para m\u00e1s colorido.<\/p>\n<p>Composici\u00f3n tejido 100% PL.<\/p>\n","protected":false},"featured_media":118680,"comment_status":"open","ping_status":"closed","template":"","meta":[],"product_brand":[],"product_cat":[187,376,402,460],"product_tag":[279,325,326,327,335,339,351,352,392],"class_list":{"0":"post-118675","1":"product","2":"type-product","3":"status-publish","4":"has-post-thumbnail","6":"product_cat-vestido","7":"product_cat-dearroyo-studio","8":"product_cat-comprar","9":"product_cat-precios-especiales","10":"product_tag-tafetan","11":"product_tag-boda-dia","12":"product_tag-boda-tarde","13":"product_tag-boda-noche","14":"product_tag-vestido-boda","15":"product_tag-vestido-fiesta","16":"product_tag-volumen","17":"product_tag-vestido-oaxaca","18":"product_tag-rosa","19":"product_shipping_class-compra","21":"first","22":"instock","23":"sale","24":"taxable","25":"shipping-taxable","26":"purchasable","27":"product-type-simple"},"yoast_head":"<!-- This site is optimized with the Yoast SEO plugin v26.6 - https:\/\/yoast.com\/wordpress\/plugins\/seo\/ -->\n<title>vestido oaxaca. - DE ARROYO. studio \u2013 vestidos de invitada desde Madrid<\/title>\n<meta name=\"description\" content=\"El vestido OAXACA de invitada es un sorprendente mini vestido que destaca por la originalidad de sus capas generando una distinguida silueta.\" \/>\n<meta name=\"robots\" content=\"index, follow, max-snippet:-1, max-image-preview:large, max-video-preview:-1\" \/>\n<link rel=\"canonical\" href=\"https:\/\/dearroyo.com\/tienda\/producto\/vestido-oaxaca-invitada\/\" \/>\n<meta property=\"og:locale\" content=\"es_ES\" \/>\n<meta property=\"og:type\" content=\"article\" \/>\n<meta property=\"og:title\" content=\"vestido oaxaca. - DE ARROYO. studio \u2013 vestidos de invitada desde Madrid\" \/>\n<meta property=\"og:description\" content=\"El vestido OAXACA de invitada es un sorprendente mini vestido que destaca por la originalidad de sus capas generando una distinguida silueta.\" \/>\n<meta property=\"og:url\" content=\"https:\/\/dearroyo.com\/tienda\/producto\/vestido-oaxaca-invitada\/\" \/>\n<meta property=\"og:site_name\" content=\"DE ARROYO. studio \u2013 vestidos de invitada desde Madrid\" \/>\n<meta property=\"article:modified_time\" content=\"2025-12-18T17:17:55+00:00\" \/>\n<meta property=\"og:image\" content=\"https:\/\/dearroyo.com\/tienda\/wp-content\/uploads\/2025\/06\/oaxaca-rosa-es.jpeg\" \/>\n\t<meta property=\"og:image:width\" content=\"1080\" \/>\n\t<meta property=\"og:image:height\" content=\"1440\" \/>\n\t<meta property=\"og:image:type\" content=\"image\/jpeg\" \/>\n<meta name=\"twitter:card\" content=\"summary_large_image\" \/>\n<meta name=\"twitter:label1\" content=\"Tiempo de lectura\" \/>\n\t<meta name=\"twitter:data1\" content=\"1 minuto\" \/>\n<script type=\"application\/ld+json\" class=\"yoast-schema-graph\">{\"@context\":\"https:\/\/schema.org\",\"@graph\":[{\"@type\":\"WebPage\",\"@id\":\"https:\/\/dearroyo.com\/tienda\/producto\/vestido-oaxaca-invitada\/\",\"url\":\"https:\/\/dearroyo.com\/tienda\/producto\/vestido-oaxaca-invitada\/\",\"name\":\"vestido oaxaca. - DE ARROYO. studio \u2013 vestidos de invitada desde Madrid\",\"isPartOf\":{\"@id\":\"https:\/\/dearroyo.com\/tienda\/#website\"},\"primaryImageOfPage\":{\"@id\":\"https:\/\/dearroyo.com\/tienda\/producto\/vestido-oaxaca-invitada\/#primaryimage\"},\"image\":{\"@id\":\"https:\/\/dearroyo.com\/tienda\/producto\/vestido-oaxaca-invitada\/#primaryimage\"},\"thumbnailUrl\":\"https:\/\/dearroyo.com\/tienda\/wp-content\/uploads\/2025\/06\/oaxaca-rosa-es.jpeg\",\"datePublished\":\"2025-05-10T11:10:30+00:00\",\"dateModified\":\"2025-12-18T17:17:55+00:00\",\"description\":\"El vestido OAXACA de invitada es un sorprendente mini vestido que destaca por la originalidad de sus capas generando una distinguida silueta.\",\"breadcrumb\":{\"@id\":\"https:\/\/dearroyo.com\/tienda\/producto\/vestido-oaxaca-invitada\/#breadcrumb\"},\"inLanguage\":\"es\",\"potentialAction\":[{\"@type\":\"ReadAction\",\"target\":[\"https:\/\/dearroyo.com\/tienda\/producto\/vestido-oaxaca-invitada\/\"]}]},{\"@type\":\"ImageObject\",\"inLanguage\":\"es\",\"@id\":\"https:\/\/dearroyo.com\/tienda\/producto\/vestido-oaxaca-invitada\/#primaryimage\",\"url\":\"https:\/\/dearroyo.com\/tienda\/wp-content\/uploads\/2025\/06\/oaxaca-rosa-es.jpeg\",\"contentUrl\":\"https:\/\/dearroyo.com\/tienda\/wp-content\/uploads\/2025\/06\/oaxaca-rosa-es.jpeg\",\"width\":1080,\"height\":1440,\"caption\":\"espalda en percha \u2013 vestido OAXACA\"},{\"@type\":\"BreadcrumbList\",\"@id\":\"https:\/\/dearroyo.com\/tienda\/producto\/vestido-oaxaca-invitada\/#breadcrumb\",\"itemListElement\":[{\"@type\":\"ListItem\",\"position\":1,\"name\":\"Portada\",\"item\":\"https:\/\/dearroyo.com\/tienda\/\"},{\"@type\":\"ListItem\",\"position\":2,\"name\":\"Home\",\"item\":\"https:\/\/dearroyo.com\/tienda\/\"},{\"@type\":\"ListItem\",\"position\":3,\"name\":\"vestido oaxaca.\"}]},{\"@type\":\"WebSite\",\"@id\":\"https:\/\/dearroyo.com\/tienda\/#website\",\"url\":\"https:\/\/dearroyo.com\/tienda\/\",\"name\":\"DE ARROYO. studio \u2013 vestidos de invitada desde Madrid\",\"description\":\"colecci\u00f3n dearroyo studio de venta online para invitada con confecci\u00f3n limitada, dise\u00f1o propio y producci\u00f3n en Espa\u00f1a.\",\"potentialAction\":[{\"@type\":\"SearchAction\",\"target\":{\"@type\":\"EntryPoint\",\"urlTemplate\":\"https:\/\/dearroyo.com\/tienda\/?s={search_term_string}\"},\"query-input\":{\"@type\":\"PropertyValueSpecification\",\"valueRequired\":true,\"valueName\":\"search_term_string\"}}],\"inLanguage\":\"es\"}]}<\/script>\n<!-- \/ Yoast SEO plugin. -->","yoast_head_json":{"title":"vestido oaxaca. - DE ARROYO. studio \u2013 vestidos de invitada desde Madrid","description":"El vestido OAXACA de invitada es un sorprendente mini vestido que destaca por la originalidad de sus capas generando una distinguida silueta.","robots":{"index":"index","follow":"follow","max-snippet":"max-snippet:-1","max-image-preview":"max-image-preview:large","max-video-preview":"max-video-preview:-1"},"canonical":"https:\/\/dearroyo.com\/tienda\/producto\/vestido-oaxaca-invitada\/","og_locale":"es_ES","og_type":"article","og_title":"vestido oaxaca. - DE ARROYO. studio \u2013 vestidos de invitada desde Madrid","og_description":"El vestido OAXACA de invitada es un sorprendente mini vestido que destaca por la originalidad de sus capas generando una distinguida silueta.","og_url":"https:\/\/dearroyo.com\/tienda\/producto\/vestido-oaxaca-invitada\/","og_site_name":"DE ARROYO. studio \u2013 vestidos de invitada desde Madrid","article_modified_time":"2025-12-18T17:17:55+00:00","og_image":[{"width":1080,"height":1440,"url":"https:\/\/dearroyo.com\/tienda\/wp-content\/uploads\/2025\/06\/oaxaca-rosa-es.jpeg","type":"image\/jpeg"}],"twitter_card":"summary_large_image","twitter_misc":{"Tiempo de lectura":"1 minuto"},"schema":{"@context":"https:\/\/schema.org","@graph":[{"@type":"WebPage","@id":"https:\/\/dearroyo.com\/tienda\/producto\/vestido-oaxaca-invitada\/","url":"https:\/\/dearroyo.com\/tienda\/producto\/vestido-oaxaca-invitada\/","name":"vestido oaxaca. - DE ARROYO. studio \u2013 vestidos de invitada desde Madrid","isPartOf":{"@id":"https:\/\/dearroyo.com\/tienda\/#website"},"primaryImageOfPage":{"@id":"https:\/\/dearroyo.com\/tienda\/producto\/vestido-oaxaca-invitada\/#primaryimage"},"image":{"@id":"https:\/\/dearroyo.com\/tienda\/producto\/vestido-oaxaca-invitada\/#primaryimage"},"thumbnailUrl":"https:\/\/dearroyo.com\/tienda\/wp-content\/uploads\/2025\/06\/oaxaca-rosa-es.jpeg","datePublished":"2025-05-10T11:10:30+00:00","dateModified":"2025-12-18T17:17:55+00:00","description":"El vestido OAXACA de invitada es un sorprendente mini vestido que destaca por la originalidad de sus capas generando una distinguida silueta.","breadcrumb":{"@id":"https:\/\/dearroyo.com\/tienda\/producto\/vestido-oaxaca-invitada\/#breadcrumb"},"inLanguage":"es","potentialAction":[{"@type":"ReadAction","target":["https:\/\/dearroyo.com\/tienda\/producto\/vestido-oaxaca-invitada\/"]}]},{"@type":"ImageObject","inLanguage":"es","@id":"https:\/\/dearroyo.com\/tienda\/producto\/vestido-oaxaca-invitada\/#primaryimage","url":"https:\/\/dearroyo.com\/tienda\/wp-content\/uploads\/2025\/06\/oaxaca-rosa-es.jpeg","contentUrl":"https:\/\/dearroyo.com\/tienda\/wp-content\/uploads\/2025\/06\/oaxaca-rosa-es.jpeg","width":1080,"height":1440,"caption":"espalda en percha \u2013 vestido OAXACA"},{"@type":"BreadcrumbList","@id":"https:\/\/dearroyo.com\/tienda\/producto\/vestido-oaxaca-invitada\/#breadcrumb","itemListElement":[{"@type":"ListItem","position":1,"name":"Portada","item":"https:\/\/dearroyo.com\/tienda\/"},{"@type":"ListItem","position":2,"name":"Home","item":"https:\/\/dearroyo.com\/tienda\/"},{"@type":"ListItem","position":3,"name":"vestido oaxaca."}]},{"@type":"WebSite","@id":"https:\/\/dearroyo.com\/tienda\/#website","url":"https:\/\/dearroyo.com\/tienda\/","name":"DE ARROYO. studio \u2013 vestidos de invitada desde Madrid","description":"colecci\u00f3n dearroyo studio de venta online para invitada con confecci\u00f3n limitada, dise\u00f1o propio y producci\u00f3n en Espa\u00f1a.","potentialAction":[{"@type":"SearchAction","target":{"@type":"EntryPoint","urlTemplate":"https:\/\/dearroyo.com\/tienda\/?s={search_term_string}"},"query-input":{"@type":"PropertyValueSpecification","valueRequired":true,"valueName":"search_term_string"}}],"inLanguage":"es"}]}},"_links":{"self":[{"href":"https:\/\/dearroyo.com\/tienda\/wp-json\/wp\/v2\/product\/118675","targetHints":{"allow":["GET"]}}],"collection":[{"href":"https:\/\/dearroyo.com\/tienda\/wp-json\/wp\/v2\/product"}],"about":[{"href":"https:\/\/dearroyo.com\/tienda\/wp-json\/wp\/v2\/types\/product"}],"replies":[{"embeddable":true,"href":"https:\/\/dearroyo.com\/tienda\/wp-json\/wp\/v2\/comments?post=118675"}],"wp:featuredmedia":[{"embeddable":true,"href":"https:\/\/dearroyo.com\/tienda\/wp-json\/wp\/v2\/media\/118680"}],"wp:attachment":[{"href":"https:\/\/dearroyo.com\/tienda\/wp-json\/wp\/v2\/media?parent=118675"}],"wp:term":[{"taxonomy":"product_brand","embeddable":true,"href":"https:\/\/dearroyo.com\/tienda\/wp-json\/wp\/v2\/product_brand?post=118675"},{"taxonomy":"product_cat","embeddable":true,"href":"https:\/\/dearroyo.com\/tienda\/wp-json\/wp\/v2\/product_cat?post=118675"},{"taxonomy":"product_tag","embeddable":true,"href":"https:\/\/dearroyo.com\/tienda\/wp-json\/wp\/v2\/product_tag?post=118675"}],"curies":[{"name":"wp","href":"https:\/\/api.w.org\/{rel}","templated":true}]}}