{"id":118704,"date":"2025-06-17T11:55:41","date_gmt":"2025-06-17T11:55:41","guid":{"rendered":"https:\/\/dearroyo.com\/tienda\/?post_type=product&#038;p=118704"},"modified":"2025-12-15T16:18:36","modified_gmt":"2025-12-15T16:18:36","slug":"vestido-nacala-invitada","status":"publish","type":"product","link":"https:\/\/dearroyo.com\/tienda\/producto\/vestido-nacala-invitada\/","title":{"rendered":"vestido nacala."},"content":{"rendered":"<p data-start=\"251\" data-end=\"472\"><strong data-start=\"251\" data-end=\"262\">El vestido NACALA<\/strong> de invitada es un vestido largo confeccionado en crepe mate liso color lavanda, con una ca\u00edda fluida y estructura minimalista. Escote recto con tirante ancho del mismo tejido que enmarca los hombros con elegancia. Un pliegue central en el delantero y otro en la espalda aportan volumen sutil y mucho movimiento. El cierre trasero se resuelve con un corchete met\u00e1lico y un maxi bot\u00f3n decorativo.<\/p>\n<p data-start=\"251\" data-end=\"472\">Ideal para invitadas que buscan una silueta limpia, depurada y con car\u00e1cter.<\/p>\n<p><strong data-start=\"136\" data-end=\"173\">Plazo de entrega de 10 a 15 d\u00edas.<\/strong><br data-start=\"173\" data-end=\"176\" \/>Cada prenda se confecciona bajo pedido y especialmente para ti, siguiendo un proceso artesanal y cuidado que garantiza un resultado \u00fanico, hecho con la atenci\u00f3n y el tiempo que merece. Consulta nuestros <span style=\"color: #333333;\"><a style=\"color: #333333;\" href=\"https:\/\/dearroyo.com\/tienda\/terminos-y-condiciones\/\">t\u00e9rminos y condiciones<\/a><\/span> para m\u00e1s informaci\u00f3n.<\/p>\n<p>Las prendas que se realicen por encargo y no correspondan al tallaje de la tabla, llevar\u00e1n un incremento entre un 15% y un 30% en todos los productos. Cont\u00e1ctanos si est\u00e1s interesado en este tipo de cambios.<\/p>\n<p>Hecho 100% por nuestro equipo.<\/p>\n<p><b>Cuidado de la prenda:<\/b> no lavar, no usar lej\u00eda, no secar en secadora, no plancha, s\u00ed limpieza en seco con percloroetileno. Lavar por especialistas en lavado.<\/p>\n","protected":false},"excerpt":{"rendered":"<div style=\"max-width: 180px; margin: 2rem auto; text-align: center;\"><video style=\"width: 100%; height: auto; display: block;\" muted=\"\" controls=\"controls\" width=\"300\" height=\"150\"><source src=\"https:\/\/dearroyo.com\/tienda\/wp-content\/uploads\/2025\/07\/video-nacala-dearroyostudio-1.mp4\" type=\"video\/mp4\" \/>Tu navegador no soporta v\u00eddeo HTML5.<\/video><\/div>\n<p>Vestido largo confeccionado en crepe mate liso color lavanda, con escote recto y tirante ancho. Dise\u00f1o con pliegues en delantero y espalda. Se cierra en la espalda con corchete met\u00e1lico y maxi bot\u00f3n forrado en el mismo tejido del vestido.<\/p>\n<p>Cons\u00faltanos si est\u00e1s interesada en otro colorido.<\/p>\n<p>Composici\u00f3n tejido 100% PL.<\/p>\n<p>Una vez finalizada la compra contactaremos contigo para asegurarnos de que la talla seleccionada es la m\u00e1s adecuada para ti.<\/p>\n","protected":false},"featured_media":118709,"comment_status":"open","ping_status":"closed","template":"","meta":[],"product_brand":[],"product_cat":[376,474],"product_tag":[278,326,327,341,375],"class_list":{"0":"post-118704","1":"product","2":"type-product","3":"status-publish","4":"has-post-thumbnail","6":"product_cat-dearroyo-studio","7":"product_cat-otros-disenos","8":"product_tag-estilo-minimal","9":"product_tag-boda-tarde","10":"product_tag-boda-noche","11":"product_tag-vestido-fluido","12":"product_tag-lavanda","13":"product_shipping_class-compra","15":"first","16":"instock","17":"taxable","18":"shipping-taxable","19":"purchasable","20":"product-type-variable"},"yoast_head":"<!-- This site is optimized with the Yoast SEO plugin v26.6 - https:\/\/yoast.com\/wordpress\/plugins\/seo\/ -->\n<title>vestido nacala. - DE ARROYO. studio \u2013 vestidos de invitada desde Madrid<\/title>\n<meta name=\"description\" content=\"El vestido NACALA de invitada es un vestido c\u00f3modo y muy vers\u00e1til tanto para bodas como eventos de tarde y noche que no querr\u00e1s dejar de usar.\" \/>\n<meta name=\"robots\" content=\"index, follow, max-snippet:-1, max-image-preview:large, max-video-preview:-1\" \/>\n<link rel=\"canonical\" href=\"https:\/\/dearroyo.com\/tienda\/producto\/vestido-nacala-invitada\/\" \/>\n<meta property=\"og:locale\" content=\"es_ES\" \/>\n<meta property=\"og:type\" content=\"article\" \/>\n<meta property=\"og:title\" content=\"vestido nacala. - DE ARROYO. studio \u2013 vestidos de invitada desde Madrid\" \/>\n<meta property=\"og:description\" content=\"El vestido NACALA de invitada es un vestido c\u00f3modo y muy vers\u00e1til tanto para bodas como eventos de tarde y noche que no querr\u00e1s dejar de usar.\" \/>\n<meta property=\"og:url\" content=\"https:\/\/dearroyo.com\/tienda\/producto\/vestido-nacala-invitada\/\" \/>\n<meta property=\"og:site_name\" content=\"DE ARROYO. studio \u2013 vestidos de invitada desde Madrid\" \/>\n<meta property=\"article:modified_time\" content=\"2025-12-15T16:18:36+00:00\" \/>\n<meta property=\"og:image\" content=\"https:\/\/dearroyo.com\/tienda\/wp-content\/uploads\/2025\/06\/nacala-lavanda-modelo-de.jpeg\" \/>\n\t<meta property=\"og:image:width\" content=\"1080\" \/>\n\t<meta property=\"og:image:height\" content=\"1440\" \/>\n\t<meta property=\"og:image:type\" content=\"image\/jpeg\" \/>\n<meta name=\"twitter:card\" content=\"summary_large_image\" \/>\n<meta name=\"twitter:label1\" content=\"Tiempo de lectura\" \/>\n\t<meta name=\"twitter:data1\" content=\"2 minutos\" \/>\n<script type=\"application\/ld+json\" class=\"yoast-schema-graph\">{\"@context\":\"https:\/\/schema.org\",\"@graph\":[{\"@type\":\"WebPage\",\"@id\":\"https:\/\/dearroyo.com\/tienda\/producto\/vestido-nacala-invitada\/\",\"url\":\"https:\/\/dearroyo.com\/tienda\/producto\/vestido-nacala-invitada\/\",\"name\":\"vestido nacala. - DE ARROYO. studio \u2013 vestidos de invitada desde Madrid\",\"isPartOf\":{\"@id\":\"https:\/\/dearroyo.com\/tienda\/#website\"},\"primaryImageOfPage\":{\"@id\":\"https:\/\/dearroyo.com\/tienda\/producto\/vestido-nacala-invitada\/#primaryimage\"},\"image\":{\"@id\":\"https:\/\/dearroyo.com\/tienda\/producto\/vestido-nacala-invitada\/#primaryimage\"},\"thumbnailUrl\":\"https:\/\/dearroyo.com\/tienda\/wp-content\/uploads\/2025\/06\/nacala-lavanda-modelo-de.jpeg\",\"datePublished\":\"2025-06-17T11:55:41+00:00\",\"dateModified\":\"2025-12-15T16:18:36+00:00\",\"description\":\"El vestido NACALA de invitada es un vestido c\u00f3modo y muy vers\u00e1til tanto para bodas como eventos de tarde y noche que no querr\u00e1s dejar de usar.\",\"breadcrumb\":{\"@id\":\"https:\/\/dearroyo.com\/tienda\/producto\/vestido-nacala-invitada\/#breadcrumb\"},\"inLanguage\":\"es\",\"potentialAction\":[{\"@type\":\"ReadAction\",\"target\":[\"https:\/\/dearroyo.com\/tienda\/producto\/vestido-nacala-invitada\/\"]}]},{\"@type\":\"ImageObject\",\"inLanguage\":\"es\",\"@id\":\"https:\/\/dearroyo.com\/tienda\/producto\/vestido-nacala-invitada\/#primaryimage\",\"url\":\"https:\/\/dearroyo.com\/tienda\/wp-content\/uploads\/2025\/06\/nacala-lavanda-modelo-de.jpeg\",\"contentUrl\":\"https:\/\/dearroyo.com\/tienda\/wp-content\/uploads\/2025\/06\/nacala-lavanda-modelo-de.jpeg\",\"width\":1080,\"height\":1440,\"caption\":\"vista del delantero en modelo -vestido NACALA\"},{\"@type\":\"BreadcrumbList\",\"@id\":\"https:\/\/dearroyo.com\/tienda\/producto\/vestido-nacala-invitada\/#breadcrumb\",\"itemListElement\":[{\"@type\":\"ListItem\",\"position\":1,\"name\":\"Portada\",\"item\":\"https:\/\/dearroyo.com\/tienda\/\"},{\"@type\":\"ListItem\",\"position\":2,\"name\":\"Home\",\"item\":\"https:\/\/dearroyo.com\/tienda\/\"},{\"@type\":\"ListItem\",\"position\":3,\"name\":\"vestido nacala.\"}]},{\"@type\":\"WebSite\",\"@id\":\"https:\/\/dearroyo.com\/tienda\/#website\",\"url\":\"https:\/\/dearroyo.com\/tienda\/\",\"name\":\"DE ARROYO. studio \u2013 vestidos de invitada desde Madrid\",\"description\":\"colecci\u00f3n dearroyo studio de venta online para invitada con confecci\u00f3n limitada, dise\u00f1o propio y producci\u00f3n en Espa\u00f1a.\",\"potentialAction\":[{\"@type\":\"SearchAction\",\"target\":{\"@type\":\"EntryPoint\",\"urlTemplate\":\"https:\/\/dearroyo.com\/tienda\/?s={search_term_string}\"},\"query-input\":{\"@type\":\"PropertyValueSpecification\",\"valueRequired\":true,\"valueName\":\"search_term_string\"}}],\"inLanguage\":\"es\"}]}<\/script>\n<!-- \/ Yoast SEO plugin. -->","yoast_head_json":{"title":"vestido nacala. - DE ARROYO. studio \u2013 vestidos de invitada desde Madrid","description":"El vestido NACALA de invitada es un vestido c\u00f3modo y muy vers\u00e1til tanto para bodas como eventos de tarde y noche que no querr\u00e1s dejar de usar.","robots":{"index":"index","follow":"follow","max-snippet":"max-snippet:-1","max-image-preview":"max-image-preview:large","max-video-preview":"max-video-preview:-1"},"canonical":"https:\/\/dearroyo.com\/tienda\/producto\/vestido-nacala-invitada\/","og_locale":"es_ES","og_type":"article","og_title":"vestido nacala. - DE ARROYO. studio \u2013 vestidos de invitada desde Madrid","og_description":"El vestido NACALA de invitada es un vestido c\u00f3modo y muy vers\u00e1til tanto para bodas como eventos de tarde y noche que no querr\u00e1s dejar de usar.","og_url":"https:\/\/dearroyo.com\/tienda\/producto\/vestido-nacala-invitada\/","og_site_name":"DE ARROYO. studio \u2013 vestidos de invitada desde Madrid","article_modified_time":"2025-12-15T16:18:36+00:00","og_image":[{"width":1080,"height":1440,"url":"https:\/\/dearroyo.com\/tienda\/wp-content\/uploads\/2025\/06\/nacala-lavanda-modelo-de.jpeg","type":"image\/jpeg"}],"twitter_card":"summary_large_image","twitter_misc":{"Tiempo de lectura":"2 minutos"},"schema":{"@context":"https:\/\/schema.org","@graph":[{"@type":"WebPage","@id":"https:\/\/dearroyo.com\/tienda\/producto\/vestido-nacala-invitada\/","url":"https:\/\/dearroyo.com\/tienda\/producto\/vestido-nacala-invitada\/","name":"vestido nacala. - DE ARROYO. studio \u2013 vestidos de invitada desde Madrid","isPartOf":{"@id":"https:\/\/dearroyo.com\/tienda\/#website"},"primaryImageOfPage":{"@id":"https:\/\/dearroyo.com\/tienda\/producto\/vestido-nacala-invitada\/#primaryimage"},"image":{"@id":"https:\/\/dearroyo.com\/tienda\/producto\/vestido-nacala-invitada\/#primaryimage"},"thumbnailUrl":"https:\/\/dearroyo.com\/tienda\/wp-content\/uploads\/2025\/06\/nacala-lavanda-modelo-de.jpeg","datePublished":"2025-06-17T11:55:41+00:00","dateModified":"2025-12-15T16:18:36+00:00","description":"El vestido NACALA de invitada es un vestido c\u00f3modo y muy vers\u00e1til tanto para bodas como eventos de tarde y noche que no querr\u00e1s dejar de usar.","breadcrumb":{"@id":"https:\/\/dearroyo.com\/tienda\/producto\/vestido-nacala-invitada\/#breadcrumb"},"inLanguage":"es","potentialAction":[{"@type":"ReadAction","target":["https:\/\/dearroyo.com\/tienda\/producto\/vestido-nacala-invitada\/"]}]},{"@type":"ImageObject","inLanguage":"es","@id":"https:\/\/dearroyo.com\/tienda\/producto\/vestido-nacala-invitada\/#primaryimage","url":"https:\/\/dearroyo.com\/tienda\/wp-content\/uploads\/2025\/06\/nacala-lavanda-modelo-de.jpeg","contentUrl":"https:\/\/dearroyo.com\/tienda\/wp-content\/uploads\/2025\/06\/nacala-lavanda-modelo-de.jpeg","width":1080,"height":1440,"caption":"vista del delantero en modelo -vestido NACALA"},{"@type":"BreadcrumbList","@id":"https:\/\/dearroyo.com\/tienda\/producto\/vestido-nacala-invitada\/#breadcrumb","itemListElement":[{"@type":"ListItem","position":1,"name":"Portada","item":"https:\/\/dearroyo.com\/tienda\/"},{"@type":"ListItem","position":2,"name":"Home","item":"https:\/\/dearroyo.com\/tienda\/"},{"@type":"ListItem","position":3,"name":"vestido nacala."}]},{"@type":"WebSite","@id":"https:\/\/dearroyo.com\/tienda\/#website","url":"https:\/\/dearroyo.com\/tienda\/","name":"DE ARROYO. studio \u2013 vestidos de invitada desde Madrid","description":"colecci\u00f3n dearroyo studio de venta online para invitada con confecci\u00f3n limitada, dise\u00f1o propio y producci\u00f3n en Espa\u00f1a.","potentialAction":[{"@type":"SearchAction","target":{"@type":"EntryPoint","urlTemplate":"https:\/\/dearroyo.com\/tienda\/?s={search_term_string}"},"query-input":{"@type":"PropertyValueSpecification","valueRequired":true,"valueName":"search_term_string"}}],"inLanguage":"es"}]}},"_links":{"self":[{"href":"https:\/\/dearroyo.com\/tienda\/wp-json\/wp\/v2\/product\/118704","targetHints":{"allow":["GET"]}}],"collection":[{"href":"https:\/\/dearroyo.com\/tienda\/wp-json\/wp\/v2\/product"}],"about":[{"href":"https:\/\/dearroyo.com\/tienda\/wp-json\/wp\/v2\/types\/product"}],"replies":[{"embeddable":true,"href":"https:\/\/dearroyo.com\/tienda\/wp-json\/wp\/v2\/comments?post=118704"}],"wp:featuredmedia":[{"embeddable":true,"href":"https:\/\/dearroyo.com\/tienda\/wp-json\/wp\/v2\/media\/118709"}],"wp:attachment":[{"href":"https:\/\/dearroyo.com\/tienda\/wp-json\/wp\/v2\/media?parent=118704"}],"wp:term":[{"taxonomy":"product_brand","embeddable":true,"href":"https:\/\/dearroyo.com\/tienda\/wp-json\/wp\/v2\/product_brand?post=118704"},{"taxonomy":"product_cat","embeddable":true,"href":"https:\/\/dearroyo.com\/tienda\/wp-json\/wp\/v2\/product_cat?post=118704"},{"taxonomy":"product_tag","embeddable":true,"href":"https:\/\/dearroyo.com\/tienda\/wp-json\/wp\/v2\/product_tag?post=118704"}],"curies":[{"name":"wp","href":"https:\/\/api.w.org\/{rel}","templated":true}]}}