{"id":118720,"date":"2025-06-10T11:00:17","date_gmt":"2025-06-10T11:00:17","guid":{"rendered":"https:\/\/dearroyo.com\/tienda\/?post_type=product&#038;p=118720"},"modified":"2025-12-18T17:51:43","modified_gmt":"2025-12-18T17:51:43","slug":"cuerpo-botosani-invitada","status":"publish","type":"product","link":"https:\/\/dearroyo.com\/tienda\/producto\/cuerpo-botosani-invitada\/","title":{"rendered":"cuerpo botosani."},"content":{"rendered":"<p data-start=\"251\" data-end=\"472\"><strong data-start=\"251\" data-end=\"262\">El cuerpo BOTOSANI<\/strong> es un cuerpo confeccionado en tweed fantas\u00eda en tonos rosa beb\u00e9 y crema, con hilos de l\u00farex dorado que aportan un sutil brillo. Presenta un corte recto con sisa ca\u00edda y bajo desflecado. Se abre por el delantero con cierres de corchete met\u00e1lico ocultos. Los bolsillos de plastr\u00f3n en el frontal le dan un aire funcional y especial.<\/p>\n<p data-start=\"251\" data-end=\"472\">Puedes combinarlo con la falda BOTOSANI para un conjunto equilibrado, luminoso y lleno de textura.<\/p>\n<p data-start=\"733\" data-end=\"826\">Prenda confeccionada mediante un proceso consciente, cuidado y controlado por nuestro equipo.<\/p>\n<p data-start=\"907\" data-end=\"1035\"><strong data-start=\"907\" data-end=\"932\">Cuidado de la prenda:<\/strong> no lavar en agua, no usar lej\u00eda, no secar en secadora ni planchar. Limpieza en seco por especialistas.<\/p>\n","protected":false},"excerpt":{"rendered":"<p>\u26a0\ufe0f \u00daLTIMA UNIDAD DISPONIBLE CON UN PRECIO INCLEIBLE \u2013 TALLA 36 \u26a0\ufe0f<br \/>\nEste tejido no se repone.<strong> Env\u00edo inmediato.<\/strong><\/p>\n<p>El cuerpo BOTOSANI est\u00e1 hecho en tweed fantas\u00eda en rosa beb\u00e9 y crema con hilos de l\u00farex dorados. Corte recto, sisa ca\u00edda, bolsillos de plastr\u00f3n en el delantero y bajo desflecado. El cuerpo se cierra en el delantero con corchetes met\u00e1licos ocultos.<\/p>\n<p>Si lo deseas, el cuerpo combina con la falda BOTOSANI.<\/p>\n<p>Composici\u00f3n tejido 100% PL.<\/p>\n","protected":false},"featured_media":118728,"comment_status":"open","ping_status":"closed","template":"","meta":[],"product_brand":[],"product_cat":[312,359,376,402,460],"product_tag":[278,326,327,358,360,390,391,392],"class_list":{"0":"post-118720","1":"product","2":"type-product","3":"status-publish","4":"has-post-thumbnail","6":"product_cat-total-look","7":"product_cat-cuerpo","8":"product_cat-dearroyo-studio","9":"product_cat-comprar","10":"product_cat-precios-especiales","11":"product_tag-estilo-minimal","12":"product_tag-boda-tarde","13":"product_tag-boda-noche","14":"product_tag-corte-recto","15":"product_tag-cuerpo-recto","16":"product_tag-tweed","17":"product_tag-lurex","18":"product_tag-rosa","19":"product_shipping_class-compra","21":"first","22":"instock","23":"sale","24":"taxable","25":"shipping-taxable","26":"purchasable","27":"product-type-simple"},"yoast_head":"<!-- This site is optimized with the Yoast SEO plugin v26.6 - https:\/\/yoast.com\/wordpress\/plugins\/seo\/ -->\n<title>cuerpo botosani. - DE ARROYO. studio \u2013 vestidos de invitada desde Madrid<\/title>\n<meta name=\"description\" content=\"El cuerpo BOTOSANI junto a la falda BOTOSANI crea un look de invitada vers\u00e1til, elegante y con personalidad para tus eventos favoritos.\" \/>\n<meta name=\"robots\" content=\"index, follow, max-snippet:-1, max-image-preview:large, max-video-preview:-1\" \/>\n<link rel=\"canonical\" href=\"https:\/\/dearroyo.com\/tienda\/producto\/cuerpo-botosani-invitada\/\" \/>\n<meta property=\"og:locale\" content=\"es_ES\" \/>\n<meta property=\"og:type\" content=\"article\" \/>\n<meta property=\"og:title\" content=\"cuerpo botosani. - DE ARROYO. studio \u2013 vestidos de invitada desde Madrid\" \/>\n<meta property=\"og:description\" content=\"El cuerpo BOTOSANI junto a la falda BOTOSANI crea un look de invitada vers\u00e1til, elegante y con personalidad para tus eventos favoritos.\" \/>\n<meta property=\"og:url\" content=\"https:\/\/dearroyo.com\/tienda\/producto\/cuerpo-botosani-invitada\/\" \/>\n<meta property=\"og:site_name\" content=\"DE ARROYO. studio \u2013 vestidos de invitada desde Madrid\" \/>\n<meta property=\"article:modified_time\" content=\"2025-12-18T17:51:43+00:00\" \/>\n<meta property=\"og:image\" content=\"https:\/\/dearroyo.com\/tienda\/wp-content\/uploads\/2025\/06\/botosani-cuerpo-lurex-modelo-detalle-de.jpeg\" \/>\n\t<meta property=\"og:image:width\" content=\"1080\" \/>\n\t<meta property=\"og:image:height\" content=\"1440\" \/>\n\t<meta property=\"og:image:type\" content=\"image\/jpeg\" \/>\n<meta name=\"twitter:card\" content=\"summary_large_image\" \/>\n<meta name=\"twitter:label1\" content=\"Tiempo de lectura\" \/>\n\t<meta name=\"twitter:data1\" content=\"1 minuto\" \/>\n<script type=\"application\/ld+json\" class=\"yoast-schema-graph\">{\"@context\":\"https:\/\/schema.org\",\"@graph\":[{\"@type\":\"WebPage\",\"@id\":\"https:\/\/dearroyo.com\/tienda\/producto\/cuerpo-botosani-invitada\/\",\"url\":\"https:\/\/dearroyo.com\/tienda\/producto\/cuerpo-botosani-invitada\/\",\"name\":\"cuerpo botosani. - DE ARROYO. studio \u2013 vestidos de invitada desde Madrid\",\"isPartOf\":{\"@id\":\"https:\/\/dearroyo.com\/tienda\/#website\"},\"primaryImageOfPage\":{\"@id\":\"https:\/\/dearroyo.com\/tienda\/producto\/cuerpo-botosani-invitada\/#primaryimage\"},\"image\":{\"@id\":\"https:\/\/dearroyo.com\/tienda\/producto\/cuerpo-botosani-invitada\/#primaryimage\"},\"thumbnailUrl\":\"https:\/\/dearroyo.com\/tienda\/wp-content\/uploads\/2025\/06\/botosani-cuerpo-lurex-modelo-detalle-de.jpeg\",\"datePublished\":\"2025-06-10T11:00:17+00:00\",\"dateModified\":\"2025-12-18T17:51:43+00:00\",\"description\":\"El cuerpo BOTOSANI junto a la falda BOTOSANI crea un look de invitada vers\u00e1til, elegante y con personalidad para tus eventos favoritos.\",\"breadcrumb\":{\"@id\":\"https:\/\/dearroyo.com\/tienda\/producto\/cuerpo-botosani-invitada\/#breadcrumb\"},\"inLanguage\":\"es\",\"potentialAction\":[{\"@type\":\"ReadAction\",\"target\":[\"https:\/\/dearroyo.com\/tienda\/producto\/cuerpo-botosani-invitada\/\"]}]},{\"@type\":\"ImageObject\",\"inLanguage\":\"es\",\"@id\":\"https:\/\/dearroyo.com\/tienda\/producto\/cuerpo-botosani-invitada\/#primaryimage\",\"url\":\"https:\/\/dearroyo.com\/tienda\/wp-content\/uploads\/2025\/06\/botosani-cuerpo-lurex-modelo-detalle-de.jpeg\",\"contentUrl\":\"https:\/\/dearroyo.com\/tienda\/wp-content\/uploads\/2025\/06\/botosani-cuerpo-lurex-modelo-detalle-de.jpeg\",\"width\":1080,\"height\":1440,\"caption\":\"detalle delantero en modelo -cuerpo BOTOSANI\"},{\"@type\":\"BreadcrumbList\",\"@id\":\"https:\/\/dearroyo.com\/tienda\/producto\/cuerpo-botosani-invitada\/#breadcrumb\",\"itemListElement\":[{\"@type\":\"ListItem\",\"position\":1,\"name\":\"Portada\",\"item\":\"https:\/\/dearroyo.com\/tienda\/\"},{\"@type\":\"ListItem\",\"position\":2,\"name\":\"Home\",\"item\":\"https:\/\/dearroyo.com\/tienda\/\"},{\"@type\":\"ListItem\",\"position\":3,\"name\":\"cuerpo botosani.\"}]},{\"@type\":\"WebSite\",\"@id\":\"https:\/\/dearroyo.com\/tienda\/#website\",\"url\":\"https:\/\/dearroyo.com\/tienda\/\",\"name\":\"DE ARROYO. studio \u2013 vestidos de invitada desde Madrid\",\"description\":\"colecci\u00f3n dearroyo studio de venta online para invitada con confecci\u00f3n limitada, dise\u00f1o propio y producci\u00f3n en Espa\u00f1a.\",\"potentialAction\":[{\"@type\":\"SearchAction\",\"target\":{\"@type\":\"EntryPoint\",\"urlTemplate\":\"https:\/\/dearroyo.com\/tienda\/?s={search_term_string}\"},\"query-input\":{\"@type\":\"PropertyValueSpecification\",\"valueRequired\":true,\"valueName\":\"search_term_string\"}}],\"inLanguage\":\"es\"}]}<\/script>\n<!-- \/ Yoast SEO plugin. -->","yoast_head_json":{"title":"cuerpo botosani. - DE ARROYO. studio \u2013 vestidos de invitada desde Madrid","description":"El cuerpo BOTOSANI junto a la falda BOTOSANI crea un look de invitada vers\u00e1til, elegante y con personalidad para tus eventos favoritos.","robots":{"index":"index","follow":"follow","max-snippet":"max-snippet:-1","max-image-preview":"max-image-preview:large","max-video-preview":"max-video-preview:-1"},"canonical":"https:\/\/dearroyo.com\/tienda\/producto\/cuerpo-botosani-invitada\/","og_locale":"es_ES","og_type":"article","og_title":"cuerpo botosani. - DE ARROYO. studio \u2013 vestidos de invitada desde Madrid","og_description":"El cuerpo BOTOSANI junto a la falda BOTOSANI crea un look de invitada vers\u00e1til, elegante y con personalidad para tus eventos favoritos.","og_url":"https:\/\/dearroyo.com\/tienda\/producto\/cuerpo-botosani-invitada\/","og_site_name":"DE ARROYO. studio \u2013 vestidos de invitada desde Madrid","article_modified_time":"2025-12-18T17:51:43+00:00","og_image":[{"width":1080,"height":1440,"url":"https:\/\/dearroyo.com\/tienda\/wp-content\/uploads\/2025\/06\/botosani-cuerpo-lurex-modelo-detalle-de.jpeg","type":"image\/jpeg"}],"twitter_card":"summary_large_image","twitter_misc":{"Tiempo de lectura":"1 minuto"},"schema":{"@context":"https:\/\/schema.org","@graph":[{"@type":"WebPage","@id":"https:\/\/dearroyo.com\/tienda\/producto\/cuerpo-botosani-invitada\/","url":"https:\/\/dearroyo.com\/tienda\/producto\/cuerpo-botosani-invitada\/","name":"cuerpo botosani. - DE ARROYO. studio \u2013 vestidos de invitada desde Madrid","isPartOf":{"@id":"https:\/\/dearroyo.com\/tienda\/#website"},"primaryImageOfPage":{"@id":"https:\/\/dearroyo.com\/tienda\/producto\/cuerpo-botosani-invitada\/#primaryimage"},"image":{"@id":"https:\/\/dearroyo.com\/tienda\/producto\/cuerpo-botosani-invitada\/#primaryimage"},"thumbnailUrl":"https:\/\/dearroyo.com\/tienda\/wp-content\/uploads\/2025\/06\/botosani-cuerpo-lurex-modelo-detalle-de.jpeg","datePublished":"2025-06-10T11:00:17+00:00","dateModified":"2025-12-18T17:51:43+00:00","description":"El cuerpo BOTOSANI junto a la falda BOTOSANI crea un look de invitada vers\u00e1til, elegante y con personalidad para tus eventos favoritos.","breadcrumb":{"@id":"https:\/\/dearroyo.com\/tienda\/producto\/cuerpo-botosani-invitada\/#breadcrumb"},"inLanguage":"es","potentialAction":[{"@type":"ReadAction","target":["https:\/\/dearroyo.com\/tienda\/producto\/cuerpo-botosani-invitada\/"]}]},{"@type":"ImageObject","inLanguage":"es","@id":"https:\/\/dearroyo.com\/tienda\/producto\/cuerpo-botosani-invitada\/#primaryimage","url":"https:\/\/dearroyo.com\/tienda\/wp-content\/uploads\/2025\/06\/botosani-cuerpo-lurex-modelo-detalle-de.jpeg","contentUrl":"https:\/\/dearroyo.com\/tienda\/wp-content\/uploads\/2025\/06\/botosani-cuerpo-lurex-modelo-detalle-de.jpeg","width":1080,"height":1440,"caption":"detalle delantero en modelo -cuerpo BOTOSANI"},{"@type":"BreadcrumbList","@id":"https:\/\/dearroyo.com\/tienda\/producto\/cuerpo-botosani-invitada\/#breadcrumb","itemListElement":[{"@type":"ListItem","position":1,"name":"Portada","item":"https:\/\/dearroyo.com\/tienda\/"},{"@type":"ListItem","position":2,"name":"Home","item":"https:\/\/dearroyo.com\/tienda\/"},{"@type":"ListItem","position":3,"name":"cuerpo botosani."}]},{"@type":"WebSite","@id":"https:\/\/dearroyo.com\/tienda\/#website","url":"https:\/\/dearroyo.com\/tienda\/","name":"DE ARROYO. studio \u2013 vestidos de invitada desde Madrid","description":"colecci\u00f3n dearroyo studio de venta online para invitada con confecci\u00f3n limitada, dise\u00f1o propio y producci\u00f3n en Espa\u00f1a.","potentialAction":[{"@type":"SearchAction","target":{"@type":"EntryPoint","urlTemplate":"https:\/\/dearroyo.com\/tienda\/?s={search_term_string}"},"query-input":{"@type":"PropertyValueSpecification","valueRequired":true,"valueName":"search_term_string"}}],"inLanguage":"es"}]}},"_links":{"self":[{"href":"https:\/\/dearroyo.com\/tienda\/wp-json\/wp\/v2\/product\/118720","targetHints":{"allow":["GET"]}}],"collection":[{"href":"https:\/\/dearroyo.com\/tienda\/wp-json\/wp\/v2\/product"}],"about":[{"href":"https:\/\/dearroyo.com\/tienda\/wp-json\/wp\/v2\/types\/product"}],"replies":[{"embeddable":true,"href":"https:\/\/dearroyo.com\/tienda\/wp-json\/wp\/v2\/comments?post=118720"}],"wp:featuredmedia":[{"embeddable":true,"href":"https:\/\/dearroyo.com\/tienda\/wp-json\/wp\/v2\/media\/118728"}],"wp:attachment":[{"href":"https:\/\/dearroyo.com\/tienda\/wp-json\/wp\/v2\/media?parent=118720"}],"wp:term":[{"taxonomy":"product_brand","embeddable":true,"href":"https:\/\/dearroyo.com\/tienda\/wp-json\/wp\/v2\/product_brand?post=118720"},{"taxonomy":"product_cat","embeddable":true,"href":"https:\/\/dearroyo.com\/tienda\/wp-json\/wp\/v2\/product_cat?post=118720"},{"taxonomy":"product_tag","embeddable":true,"href":"https:\/\/dearroyo.com\/tienda\/wp-json\/wp\/v2\/product_tag?post=118720"}],"curies":[{"name":"wp","href":"https:\/\/api.w.org\/{rel}","templated":true}]}}