{"id":118731,"date":"2025-06-10T11:06:21","date_gmt":"2025-06-10T11:06:21","guid":{"rendered":"https:\/\/dearroyo.com\/tienda\/?post_type=product&#038;p=118731"},"modified":"2025-12-18T17:49:14","modified_gmt":"2025-12-18T17:49:14","slug":"falda-botosani-invitada","status":"publish","type":"product","link":"https:\/\/dearroyo.com\/tienda\/producto\/falda-botosani-invitada\/","title":{"rendered":"falda botosani."},"content":{"rendered":"<p data-start=\"251\" data-end=\"472\"><strong data-start=\"251\" data-end=\"262\">La falda BOTOSANI<\/strong> est\u00e1 hecha en tweed fantas\u00eda en tonos rosa beb\u00e9 y crema con hilos dorados de l\u00farex que aportan luminosidad sutil. De cintura alta, corte recto y largo midi que se abre en el delantero con una abertura central. El bajo desflecado refuerza su car\u00e1cter artesanal, mientras que los bolsillos de plastr\u00f3n aportan estructura visual. Se cierra con cremallera invisible en la espalda. Es una prenda vers\u00e1til con textura y presencia que podr\u00e1s usar en tu d\u00eda a d\u00eda adem\u00e1s de en tus eventos m\u00e1s especiales.<\/p>\n<p data-start=\"251\" data-end=\"472\">Puedes combinarlo con el cuerpo BOTOSANI para un conjunto equilibrado, luminoso y lleno de textura.<\/p>\n<p data-start=\"733\" data-end=\"826\">Prenda confeccionada mediante un proceso consciente, cuidado y controlado por nuestro equipo.<\/p>\n<p data-start=\"907\" data-end=\"1035\"><strong data-start=\"907\" data-end=\"932\">Cuidado de la prenda:<\/strong> no lavar en agua, no usar lej\u00eda, no secar en secadora ni planchar. Limpieza en seco por especialistas.<\/p>\n","protected":false},"excerpt":{"rendered":"<p>\u26a0\ufe0f \u00daLTIMA UNIDAD DISPONIBLE \u2013 TALLA 36 \u26a0\ufe0f<br \/>\nEste tejido no se repone. <strong>Env\u00edo inmediato.<\/strong><\/p>\n<p>Falda midi hecha en tweed fantas\u00eda en rosa beb\u00e9 y crema con hilos dorados de l\u00farex. Corte recto, cintura alta, abertura delantera, bajo desflecado y bolsillos de plastr\u00f3n. La falda se cierra con cremallera invisible en la esplada.<\/p>\n<p>Si lo deseas, el cuerpo combina con el cuerpo BOTOSANI.<\/p>\n<p>Composici\u00f3n tejido 100% PL.<\/p>\n","protected":false},"featured_media":118743,"comment_status":"open","ping_status":"closed","template":"","meta":[],"product_brand":[],"product_cat":[190,312,376,402,460],"product_tag":[278,326,327,358,362,390,391,392],"class_list":{"0":"post-118731","1":"product","2":"type-product","3":"status-publish","4":"has-post-thumbnail","6":"product_cat-falda","7":"product_cat-total-look","8":"product_cat-dearroyo-studio","9":"product_cat-comprar","10":"product_cat-precios-especiales","11":"product_tag-estilo-minimal","12":"product_tag-boda-tarde","13":"product_tag-boda-noche","14":"product_tag-corte-recto","15":"product_tag-cintura-alta","16":"product_tag-tweed","17":"product_tag-lurex","18":"product_tag-rosa","19":"product_shipping_class-compra","21":"first","22":"instock","23":"sale","24":"taxable","25":"shipping-taxable","26":"purchasable","27":"product-type-simple"},"yoast_head":"<!-- This site is optimized with the Yoast SEO plugin v26.6 - https:\/\/yoast.com\/wordpress\/plugins\/seo\/ -->\n<title>falda botosani. - DE ARROYO. studio \u2013 vestidos de invitada desde Madrid<\/title>\n<meta name=\"description\" content=\"La falda BOTOSANI unida al cuerpo BOTOSANI crea un look de invitada vers\u00e1til, elegante y con personalidad para tus eventos favoritos.\" \/>\n<meta name=\"robots\" content=\"index, follow, max-snippet:-1, max-image-preview:large, max-video-preview:-1\" \/>\n<link rel=\"canonical\" href=\"https:\/\/dearroyo.com\/tienda\/producto\/falda-botosani-invitada\/\" \/>\n<meta property=\"og:locale\" content=\"es_ES\" \/>\n<meta property=\"og:type\" content=\"article\" \/>\n<meta property=\"og:title\" content=\"falda botosani. - DE ARROYO. studio \u2013 vestidos de invitada desde Madrid\" \/>\n<meta property=\"og:description\" content=\"La falda BOTOSANI unida al cuerpo BOTOSANI crea un look de invitada vers\u00e1til, elegante y con personalidad para tus eventos favoritos.\" \/>\n<meta property=\"og:url\" content=\"https:\/\/dearroyo.com\/tienda\/producto\/falda-botosani-invitada\/\" \/>\n<meta property=\"og:site_name\" content=\"DE ARROYO. studio \u2013 vestidos de invitada desde Madrid\" \/>\n<meta property=\"article:modified_time\" content=\"2025-12-18T17:49:14+00:00\" \/>\n<meta property=\"og:image\" content=\"https:\/\/dearroyo.com\/tienda\/wp-content\/uploads\/2025\/06\/botosani-falda-lurex-modelo-de2.jpeg\" \/>\n\t<meta property=\"og:image:width\" content=\"1080\" \/>\n\t<meta property=\"og:image:height\" content=\"1440\" \/>\n\t<meta property=\"og:image:type\" content=\"image\/jpeg\" \/>\n<meta name=\"twitter:card\" content=\"summary_large_image\" \/>\n<meta name=\"twitter:label1\" content=\"Tiempo de lectura\" \/>\n\t<meta name=\"twitter:data1\" content=\"1 minuto\" \/>\n<script type=\"application\/ld+json\" class=\"yoast-schema-graph\">{\"@context\":\"https:\/\/schema.org\",\"@graph\":[{\"@type\":\"WebPage\",\"@id\":\"https:\/\/dearroyo.com\/tienda\/producto\/falda-botosani-invitada\/\",\"url\":\"https:\/\/dearroyo.com\/tienda\/producto\/falda-botosani-invitada\/\",\"name\":\"falda botosani. - DE ARROYO. studio \u2013 vestidos de invitada desde Madrid\",\"isPartOf\":{\"@id\":\"https:\/\/dearroyo.com\/tienda\/#website\"},\"primaryImageOfPage\":{\"@id\":\"https:\/\/dearroyo.com\/tienda\/producto\/falda-botosani-invitada\/#primaryimage\"},\"image\":{\"@id\":\"https:\/\/dearroyo.com\/tienda\/producto\/falda-botosani-invitada\/#primaryimage\"},\"thumbnailUrl\":\"https:\/\/dearroyo.com\/tienda\/wp-content\/uploads\/2025\/06\/botosani-falda-lurex-modelo-de2.jpeg\",\"datePublished\":\"2025-06-10T11:06:21+00:00\",\"dateModified\":\"2025-12-18T17:49:14+00:00\",\"description\":\"La falda BOTOSANI unida al cuerpo BOTOSANI crea un look de invitada vers\u00e1til, elegante y con personalidad para tus eventos favoritos.\",\"breadcrumb\":{\"@id\":\"https:\/\/dearroyo.com\/tienda\/producto\/falda-botosani-invitada\/#breadcrumb\"},\"inLanguage\":\"es\",\"potentialAction\":[{\"@type\":\"ReadAction\",\"target\":[\"https:\/\/dearroyo.com\/tienda\/producto\/falda-botosani-invitada\/\"]}]},{\"@type\":\"ImageObject\",\"inLanguage\":\"es\",\"@id\":\"https:\/\/dearroyo.com\/tienda\/producto\/falda-botosani-invitada\/#primaryimage\",\"url\":\"https:\/\/dearroyo.com\/tienda\/wp-content\/uploads\/2025\/06\/botosani-falda-lurex-modelo-de2.jpeg\",\"contentUrl\":\"https:\/\/dearroyo.com\/tienda\/wp-content\/uploads\/2025\/06\/botosani-falda-lurex-modelo-de2.jpeg\",\"width\":1080,\"height\":1440},{\"@type\":\"BreadcrumbList\",\"@id\":\"https:\/\/dearroyo.com\/tienda\/producto\/falda-botosani-invitada\/#breadcrumb\",\"itemListElement\":[{\"@type\":\"ListItem\",\"position\":1,\"name\":\"Portada\",\"item\":\"https:\/\/dearroyo.com\/tienda\/\"},{\"@type\":\"ListItem\",\"position\":2,\"name\":\"Home\",\"item\":\"https:\/\/dearroyo.com\/tienda\/\"},{\"@type\":\"ListItem\",\"position\":3,\"name\":\"falda botosani.\"}]},{\"@type\":\"WebSite\",\"@id\":\"https:\/\/dearroyo.com\/tienda\/#website\",\"url\":\"https:\/\/dearroyo.com\/tienda\/\",\"name\":\"DE ARROYO. studio \u2013 vestidos de invitada desde Madrid\",\"description\":\"colecci\u00f3n dearroyo studio de venta online para invitada con confecci\u00f3n limitada, dise\u00f1o propio y producci\u00f3n en Espa\u00f1a.\",\"potentialAction\":[{\"@type\":\"SearchAction\",\"target\":{\"@type\":\"EntryPoint\",\"urlTemplate\":\"https:\/\/dearroyo.com\/tienda\/?s={search_term_string}\"},\"query-input\":{\"@type\":\"PropertyValueSpecification\",\"valueRequired\":true,\"valueName\":\"search_term_string\"}}],\"inLanguage\":\"es\"}]}<\/script>\n<!-- \/ Yoast SEO plugin. -->","yoast_head_json":{"title":"falda botosani. - DE ARROYO. studio \u2013 vestidos de invitada desde Madrid","description":"La falda BOTOSANI unida al cuerpo BOTOSANI crea un look de invitada vers\u00e1til, elegante y con personalidad para tus eventos favoritos.","robots":{"index":"index","follow":"follow","max-snippet":"max-snippet:-1","max-image-preview":"max-image-preview:large","max-video-preview":"max-video-preview:-1"},"canonical":"https:\/\/dearroyo.com\/tienda\/producto\/falda-botosani-invitada\/","og_locale":"es_ES","og_type":"article","og_title":"falda botosani. - DE ARROYO. studio \u2013 vestidos de invitada desde Madrid","og_description":"La falda BOTOSANI unida al cuerpo BOTOSANI crea un look de invitada vers\u00e1til, elegante y con personalidad para tus eventos favoritos.","og_url":"https:\/\/dearroyo.com\/tienda\/producto\/falda-botosani-invitada\/","og_site_name":"DE ARROYO. studio \u2013 vestidos de invitada desde Madrid","article_modified_time":"2025-12-18T17:49:14+00:00","og_image":[{"width":1080,"height":1440,"url":"https:\/\/dearroyo.com\/tienda\/wp-content\/uploads\/2025\/06\/botosani-falda-lurex-modelo-de2.jpeg","type":"image\/jpeg"}],"twitter_card":"summary_large_image","twitter_misc":{"Tiempo de lectura":"1 minuto"},"schema":{"@context":"https:\/\/schema.org","@graph":[{"@type":"WebPage","@id":"https:\/\/dearroyo.com\/tienda\/producto\/falda-botosani-invitada\/","url":"https:\/\/dearroyo.com\/tienda\/producto\/falda-botosani-invitada\/","name":"falda botosani. - DE ARROYO. studio \u2013 vestidos de invitada desde Madrid","isPartOf":{"@id":"https:\/\/dearroyo.com\/tienda\/#website"},"primaryImageOfPage":{"@id":"https:\/\/dearroyo.com\/tienda\/producto\/falda-botosani-invitada\/#primaryimage"},"image":{"@id":"https:\/\/dearroyo.com\/tienda\/producto\/falda-botosani-invitada\/#primaryimage"},"thumbnailUrl":"https:\/\/dearroyo.com\/tienda\/wp-content\/uploads\/2025\/06\/botosani-falda-lurex-modelo-de2.jpeg","datePublished":"2025-06-10T11:06:21+00:00","dateModified":"2025-12-18T17:49:14+00:00","description":"La falda BOTOSANI unida al cuerpo BOTOSANI crea un look de invitada vers\u00e1til, elegante y con personalidad para tus eventos favoritos.","breadcrumb":{"@id":"https:\/\/dearroyo.com\/tienda\/producto\/falda-botosani-invitada\/#breadcrumb"},"inLanguage":"es","potentialAction":[{"@type":"ReadAction","target":["https:\/\/dearroyo.com\/tienda\/producto\/falda-botosani-invitada\/"]}]},{"@type":"ImageObject","inLanguage":"es","@id":"https:\/\/dearroyo.com\/tienda\/producto\/falda-botosani-invitada\/#primaryimage","url":"https:\/\/dearroyo.com\/tienda\/wp-content\/uploads\/2025\/06\/botosani-falda-lurex-modelo-de2.jpeg","contentUrl":"https:\/\/dearroyo.com\/tienda\/wp-content\/uploads\/2025\/06\/botosani-falda-lurex-modelo-de2.jpeg","width":1080,"height":1440},{"@type":"BreadcrumbList","@id":"https:\/\/dearroyo.com\/tienda\/producto\/falda-botosani-invitada\/#breadcrumb","itemListElement":[{"@type":"ListItem","position":1,"name":"Portada","item":"https:\/\/dearroyo.com\/tienda\/"},{"@type":"ListItem","position":2,"name":"Home","item":"https:\/\/dearroyo.com\/tienda\/"},{"@type":"ListItem","position":3,"name":"falda botosani."}]},{"@type":"WebSite","@id":"https:\/\/dearroyo.com\/tienda\/#website","url":"https:\/\/dearroyo.com\/tienda\/","name":"DE ARROYO. studio \u2013 vestidos de invitada desde Madrid","description":"colecci\u00f3n dearroyo studio de venta online para invitada con confecci\u00f3n limitada, dise\u00f1o propio y producci\u00f3n en Espa\u00f1a.","potentialAction":[{"@type":"SearchAction","target":{"@type":"EntryPoint","urlTemplate":"https:\/\/dearroyo.com\/tienda\/?s={search_term_string}"},"query-input":{"@type":"PropertyValueSpecification","valueRequired":true,"valueName":"search_term_string"}}],"inLanguage":"es"}]}},"_links":{"self":[{"href":"https:\/\/dearroyo.com\/tienda\/wp-json\/wp\/v2\/product\/118731","targetHints":{"allow":["GET"]}}],"collection":[{"href":"https:\/\/dearroyo.com\/tienda\/wp-json\/wp\/v2\/product"}],"about":[{"href":"https:\/\/dearroyo.com\/tienda\/wp-json\/wp\/v2\/types\/product"}],"replies":[{"embeddable":true,"href":"https:\/\/dearroyo.com\/tienda\/wp-json\/wp\/v2\/comments?post=118731"}],"wp:featuredmedia":[{"embeddable":true,"href":"https:\/\/dearroyo.com\/tienda\/wp-json\/wp\/v2\/media\/118743"}],"wp:attachment":[{"href":"https:\/\/dearroyo.com\/tienda\/wp-json\/wp\/v2\/media?parent=118731"}],"wp:term":[{"taxonomy":"product_brand","embeddable":true,"href":"https:\/\/dearroyo.com\/tienda\/wp-json\/wp\/v2\/product_brand?post=118731"},{"taxonomy":"product_cat","embeddable":true,"href":"https:\/\/dearroyo.com\/tienda\/wp-json\/wp\/v2\/product_cat?post=118731"},{"taxonomy":"product_tag","embeddable":true,"href":"https:\/\/dearroyo.com\/tienda\/wp-json\/wp\/v2\/product_tag?post=118731"}],"curies":[{"name":"wp","href":"https:\/\/api.w.org\/{rel}","templated":true}]}}