{"id":118750,"date":"2025-06-17T12:29:32","date_gmt":"2025-06-17T12:29:32","guid":{"rendered":"https:\/\/dearroyo.com\/tienda\/?post_type=product&#038;p=118750"},"modified":"2025-12-15T16:16:12","modified_gmt":"2025-12-15T16:16:12","slug":"foulard-monaco-invitada","status":"publish","type":"product","link":"https:\/\/dearroyo.com\/tienda\/producto\/foulard-monaco-invitada\/","title":{"rendered":"foulard monaco."},"content":{"rendered":"<p data-start=\"251\" data-end=\"472\"><strong data-start=\"251\" data-end=\"262\">El foulard MONACO<\/strong> est\u00e1 confeccionado en el mismo tul rosa nude que el vestido de invitada MONACO.<br data-start=\"512\" data-end=\"515\" \/>Puede llevarse anudado al cuello, dejarse caer sobre los hombros\u2026 t\u00fa decides.<br data-start=\"583\" data-end=\"586\" \/>Suaviza el look, aporta ligereza y permite jugar con el movimiento del dise\u00f1o.<\/p>\n<p data-start=\"251\" data-end=\"472\">Medidas aproximadas: 300 \u00d7 150 cm.<\/p>\n<p><strong data-start=\"136\" data-end=\"173\">Plazo de entrega de 5 a 10 d\u00edas, seg\u00fan disponibilidad.<\/strong><br data-start=\"173\" data-end=\"176\" \/>Cada prenda se confecciona bajo pedido y especialmente para ti, siguiendo un proceso artesanal y cuidado que garantiza un resultado \u00fanico, hecho con la atenci\u00f3n y el tiempo que merece. Consulta nuestros <span style=\"color: #333333;\"><a style=\"color: #333333;\" href=\"https:\/\/dearroyo.com\/tienda\/terminos-y-condiciones\/\">t\u00e9rminos y condiciones<\/a><\/span> para m\u00e1s informaci\u00f3n.<\/p>\n<p>Hecho 100% por nuestro equipo.<\/p>\n<p><b>Cuidado de la prenda:<\/b> no lavar, no usar lej\u00eda, no secar en secadora, no plancha, s\u00ed limpieza en seco con percloroetileno. Lavar por especialistas en lavado.<\/p>\n","protected":false},"excerpt":{"rendered":"<p>Complemento a juego con el vestido MONACO y disponible bajo pedido. Para otros colores cons\u00faltanos.<\/p>\n<p>Medidas aproximadas: 300 \u00d7 150 cm.<\/p>\n<p>Composici\u00f3n tejido 100% PL.<\/p>\n","protected":false},"featured_media":118755,"comment_status":"open","ping_status":"closed","template":"","meta":[],"product_brand":[],"product_cat":[376,474],"product_tag":[278,333,368,380],"class_list":{"0":"post-118750","1":"product","2":"type-product","3":"status-publish","4":"has-post-thumbnail","6":"product_cat-dearroyo-studio","7":"product_cat-otros-disenos","8":"product_tag-estilo-minimal","9":"product_tag-tul-suave","10":"product_tag-complementos","11":"product_tag-rosa-nude","12":"product_shipping_class-compra","14":"first","15":"instock","16":"taxable","17":"shipping-taxable","18":"purchasable","19":"product-type-simple"},"yoast_head":"<!-- This site is optimized with the Yoast SEO plugin v26.6 - https:\/\/yoast.com\/wordpress\/plugins\/seo\/ -->\n<title>foulard monaco. - DE ARROYO. studio \u2013 vestidos de invitada desde Madrid<\/title>\n<meta name=\"description\" content=\"El foulard MONACO de invitada combina con el vestido MONACO ya que est\u00e1 hecho en el mismo tul sedoso color rosa nude del vestido.\" \/>\n<meta name=\"robots\" content=\"index, follow, max-snippet:-1, max-image-preview:large, max-video-preview:-1\" \/>\n<link rel=\"canonical\" href=\"https:\/\/dearroyo.com\/tienda\/producto\/foulard-monaco-invitada\/\" \/>\n<meta property=\"og:locale\" content=\"es_ES\" \/>\n<meta property=\"og:type\" content=\"article\" \/>\n<meta property=\"og:title\" content=\"foulard monaco. - DE ARROYO. studio \u2013 vestidos de invitada desde Madrid\" \/>\n<meta property=\"og:description\" content=\"El foulard MONACO de invitada combina con el vestido MONACO ya que est\u00e1 hecho en el mismo tul sedoso color rosa nude del vestido.\" \/>\n<meta property=\"og:url\" content=\"https:\/\/dearroyo.com\/tienda\/producto\/foulard-monaco-invitada\/\" \/>\n<meta property=\"og:site_name\" content=\"DE ARROYO. studio \u2013 vestidos de invitada desde Madrid\" \/>\n<meta property=\"article:modified_time\" content=\"2025-12-15T16:16:12+00:00\" \/>\n<meta property=\"og:image\" content=\"https:\/\/dearroyo.com\/tienda\/wp-content\/uploads\/2025\/06\/foulard-monaco2.jpeg\" \/>\n\t<meta property=\"og:image:width\" content=\"1080\" \/>\n\t<meta property=\"og:image:height\" content=\"1440\" \/>\n\t<meta property=\"og:image:type\" content=\"image\/jpeg\" \/>\n<meta name=\"twitter:card\" content=\"summary_large_image\" \/>\n<meta name=\"twitter:label1\" content=\"Tiempo de lectura\" \/>\n\t<meta name=\"twitter:data1\" content=\"1 minuto\" \/>\n<script type=\"application\/ld+json\" class=\"yoast-schema-graph\">{\"@context\":\"https:\/\/schema.org\",\"@graph\":[{\"@type\":\"WebPage\",\"@id\":\"https:\/\/dearroyo.com\/tienda\/producto\/foulard-monaco-invitada\/\",\"url\":\"https:\/\/dearroyo.com\/tienda\/producto\/foulard-monaco-invitada\/\",\"name\":\"foulard monaco. - DE ARROYO. studio \u2013 vestidos de invitada desde Madrid\",\"isPartOf\":{\"@id\":\"https:\/\/dearroyo.com\/tienda\/#website\"},\"primaryImageOfPage\":{\"@id\":\"https:\/\/dearroyo.com\/tienda\/producto\/foulard-monaco-invitada\/#primaryimage\"},\"image\":{\"@id\":\"https:\/\/dearroyo.com\/tienda\/producto\/foulard-monaco-invitada\/#primaryimage\"},\"thumbnailUrl\":\"https:\/\/dearroyo.com\/tienda\/wp-content\/uploads\/2025\/06\/foulard-monaco2.jpeg\",\"datePublished\":\"2025-06-17T12:29:32+00:00\",\"dateModified\":\"2025-12-15T16:16:12+00:00\",\"description\":\"El foulard MONACO de invitada combina con el vestido MONACO ya que est\u00e1 hecho en el mismo tul sedoso color rosa nude del vestido.\",\"breadcrumb\":{\"@id\":\"https:\/\/dearroyo.com\/tienda\/producto\/foulard-monaco-invitada\/#breadcrumb\"},\"inLanguage\":\"es\",\"potentialAction\":[{\"@type\":\"ReadAction\",\"target\":[\"https:\/\/dearroyo.com\/tienda\/producto\/foulard-monaco-invitada\/\"]}]},{\"@type\":\"ImageObject\",\"inLanguage\":\"es\",\"@id\":\"https:\/\/dearroyo.com\/tienda\/producto\/foulard-monaco-invitada\/#primaryimage\",\"url\":\"https:\/\/dearroyo.com\/tienda\/wp-content\/uploads\/2025\/06\/foulard-monaco2.jpeg\",\"contentUrl\":\"https:\/\/dearroyo.com\/tienda\/wp-content\/uploads\/2025\/06\/foulard-monaco2.jpeg\",\"width\":1080,\"height\":1440,\"caption\":\"vista colgado -foulard MONACO\"},{\"@type\":\"BreadcrumbList\",\"@id\":\"https:\/\/dearroyo.com\/tienda\/producto\/foulard-monaco-invitada\/#breadcrumb\",\"itemListElement\":[{\"@type\":\"ListItem\",\"position\":1,\"name\":\"Portada\",\"item\":\"https:\/\/dearroyo.com\/tienda\/\"},{\"@type\":\"ListItem\",\"position\":2,\"name\":\"Home\",\"item\":\"https:\/\/dearroyo.com\/tienda\/\"},{\"@type\":\"ListItem\",\"position\":3,\"name\":\"foulard monaco.\"}]},{\"@type\":\"WebSite\",\"@id\":\"https:\/\/dearroyo.com\/tienda\/#website\",\"url\":\"https:\/\/dearroyo.com\/tienda\/\",\"name\":\"DE ARROYO. studio \u2013 vestidos de invitada desde Madrid\",\"description\":\"colecci\u00f3n dearroyo studio de venta online para invitada con confecci\u00f3n limitada, dise\u00f1o propio y producci\u00f3n en Espa\u00f1a.\",\"potentialAction\":[{\"@type\":\"SearchAction\",\"target\":{\"@type\":\"EntryPoint\",\"urlTemplate\":\"https:\/\/dearroyo.com\/tienda\/?s={search_term_string}\"},\"query-input\":{\"@type\":\"PropertyValueSpecification\",\"valueRequired\":true,\"valueName\":\"search_term_string\"}}],\"inLanguage\":\"es\"}]}<\/script>\n<!-- \/ Yoast SEO plugin. -->","yoast_head_json":{"title":"foulard monaco. - DE ARROYO. studio \u2013 vestidos de invitada desde Madrid","description":"El foulard MONACO de invitada combina con el vestido MONACO ya que est\u00e1 hecho en el mismo tul sedoso color rosa nude del vestido.","robots":{"index":"index","follow":"follow","max-snippet":"max-snippet:-1","max-image-preview":"max-image-preview:large","max-video-preview":"max-video-preview:-1"},"canonical":"https:\/\/dearroyo.com\/tienda\/producto\/foulard-monaco-invitada\/","og_locale":"es_ES","og_type":"article","og_title":"foulard monaco. - DE ARROYO. studio \u2013 vestidos de invitada desde Madrid","og_description":"El foulard MONACO de invitada combina con el vestido MONACO ya que est\u00e1 hecho en el mismo tul sedoso color rosa nude del vestido.","og_url":"https:\/\/dearroyo.com\/tienda\/producto\/foulard-monaco-invitada\/","og_site_name":"DE ARROYO. studio \u2013 vestidos de invitada desde Madrid","article_modified_time":"2025-12-15T16:16:12+00:00","og_image":[{"width":1080,"height":1440,"url":"https:\/\/dearroyo.com\/tienda\/wp-content\/uploads\/2025\/06\/foulard-monaco2.jpeg","type":"image\/jpeg"}],"twitter_card":"summary_large_image","twitter_misc":{"Tiempo de lectura":"1 minuto"},"schema":{"@context":"https:\/\/schema.org","@graph":[{"@type":"WebPage","@id":"https:\/\/dearroyo.com\/tienda\/producto\/foulard-monaco-invitada\/","url":"https:\/\/dearroyo.com\/tienda\/producto\/foulard-monaco-invitada\/","name":"foulard monaco. - DE ARROYO. studio \u2013 vestidos de invitada desde Madrid","isPartOf":{"@id":"https:\/\/dearroyo.com\/tienda\/#website"},"primaryImageOfPage":{"@id":"https:\/\/dearroyo.com\/tienda\/producto\/foulard-monaco-invitada\/#primaryimage"},"image":{"@id":"https:\/\/dearroyo.com\/tienda\/producto\/foulard-monaco-invitada\/#primaryimage"},"thumbnailUrl":"https:\/\/dearroyo.com\/tienda\/wp-content\/uploads\/2025\/06\/foulard-monaco2.jpeg","datePublished":"2025-06-17T12:29:32+00:00","dateModified":"2025-12-15T16:16:12+00:00","description":"El foulard MONACO de invitada combina con el vestido MONACO ya que est\u00e1 hecho en el mismo tul sedoso color rosa nude del vestido.","breadcrumb":{"@id":"https:\/\/dearroyo.com\/tienda\/producto\/foulard-monaco-invitada\/#breadcrumb"},"inLanguage":"es","potentialAction":[{"@type":"ReadAction","target":["https:\/\/dearroyo.com\/tienda\/producto\/foulard-monaco-invitada\/"]}]},{"@type":"ImageObject","inLanguage":"es","@id":"https:\/\/dearroyo.com\/tienda\/producto\/foulard-monaco-invitada\/#primaryimage","url":"https:\/\/dearroyo.com\/tienda\/wp-content\/uploads\/2025\/06\/foulard-monaco2.jpeg","contentUrl":"https:\/\/dearroyo.com\/tienda\/wp-content\/uploads\/2025\/06\/foulard-monaco2.jpeg","width":1080,"height":1440,"caption":"vista colgado -foulard MONACO"},{"@type":"BreadcrumbList","@id":"https:\/\/dearroyo.com\/tienda\/producto\/foulard-monaco-invitada\/#breadcrumb","itemListElement":[{"@type":"ListItem","position":1,"name":"Portada","item":"https:\/\/dearroyo.com\/tienda\/"},{"@type":"ListItem","position":2,"name":"Home","item":"https:\/\/dearroyo.com\/tienda\/"},{"@type":"ListItem","position":3,"name":"foulard monaco."}]},{"@type":"WebSite","@id":"https:\/\/dearroyo.com\/tienda\/#website","url":"https:\/\/dearroyo.com\/tienda\/","name":"DE ARROYO. studio \u2013 vestidos de invitada desde Madrid","description":"colecci\u00f3n dearroyo studio de venta online para invitada con confecci\u00f3n limitada, dise\u00f1o propio y producci\u00f3n en Espa\u00f1a.","potentialAction":[{"@type":"SearchAction","target":{"@type":"EntryPoint","urlTemplate":"https:\/\/dearroyo.com\/tienda\/?s={search_term_string}"},"query-input":{"@type":"PropertyValueSpecification","valueRequired":true,"valueName":"search_term_string"}}],"inLanguage":"es"}]}},"_links":{"self":[{"href":"https:\/\/dearroyo.com\/tienda\/wp-json\/wp\/v2\/product\/118750","targetHints":{"allow":["GET"]}}],"collection":[{"href":"https:\/\/dearroyo.com\/tienda\/wp-json\/wp\/v2\/product"}],"about":[{"href":"https:\/\/dearroyo.com\/tienda\/wp-json\/wp\/v2\/types\/product"}],"replies":[{"embeddable":true,"href":"https:\/\/dearroyo.com\/tienda\/wp-json\/wp\/v2\/comments?post=118750"}],"wp:featuredmedia":[{"embeddable":true,"href":"https:\/\/dearroyo.com\/tienda\/wp-json\/wp\/v2\/media\/118755"}],"wp:attachment":[{"href":"https:\/\/dearroyo.com\/tienda\/wp-json\/wp\/v2\/media?parent=118750"}],"wp:term":[{"taxonomy":"product_brand","embeddable":true,"href":"https:\/\/dearroyo.com\/tienda\/wp-json\/wp\/v2\/product_brand?post=118750"},{"taxonomy":"product_cat","embeddable":true,"href":"https:\/\/dearroyo.com\/tienda\/wp-json\/wp\/v2\/product_cat?post=118750"},{"taxonomy":"product_tag","embeddable":true,"href":"https:\/\/dearroyo.com\/tienda\/wp-json\/wp\/v2\/product_tag?post=118750"}],"curies":[{"name":"wp","href":"https:\/\/api.w.org\/{rel}","templated":true}]}}