{"id":119166,"date":"2025-08-05T10:05:44","date_gmt":"2025-08-05T10:05:44","guid":{"rendered":"https:\/\/dearroyo.com\/tienda\/?post_type=product&#038;p=119166"},"modified":"2025-12-16T17:55:13","modified_gmt":"2025-12-16T17:55:13","slug":"alquiler-vestido-paris-invitada","status":"publish","type":"product","link":"https:\/\/dearroyo.com\/tienda\/producto\/alquiler-vestido-paris-invitada\/","title":{"rendered":"ALQUILER vestido paris."},"content":{"rendered":"<p data-start=\"561\" data-end=\"733\"><strong data-start=\"561\" data-end=\"584\">Alquiler por 4 d\u00edas<\/strong>, desde 100 \u20ac con opci\u00f3n de ampliar bajo consulta.<\/p>\n<p data-start=\"561\" data-end=\"733\">Incluye limpieza profesional tras su uso y fitting en nuestro atelier de Madrid, si se desea.<\/p>\n<p data-start=\"740\" data-end=\"958\">Una vez realizado el pedido, nos pondremos en contacto contigo en los plazos establecidos para confirmar disponibilidad de fecha y talla. En caso de no estar disponible, podr\u00e1s cambiar de modelo o recibir el reembolso \u00edntegro.<\/p>\n<p data-start=\"965\" data-end=\"1170\">Realizamos env\u00edos a Espa\u00f1a<strong> peninsular<\/strong>.<\/p>\n<p data-start=\"965\" data-end=\"1170\">Si eliges la opci\u00f3n de recogida en nuestro atelier (Madrid), ind\u00edcanos en las notas del pedido la fecha de recogida y devoluci\u00f3n para poder cerrar las citas.<\/p>\n<p data-start=\"1177\" data-end=\"1294\">Este producto requiere una <strong data-start=\"1204\" data-end=\"1227\">fianza reembolsable<\/strong> en su totalidad, que se devolver\u00e1 una vez revisada la prenda tras su devoluci\u00f3n.<\/p>\n<p data-start=\"389\" data-end=\"502\">Las condiciones completas del servicio de alquiler pueden consultarse en nuestros <span style=\"color: #000000;\"><a style=\"color: #000000;\" href=\"http:\/\/www.dearroyo.com\/tienda\/terminos-y-condiciones\"><strong data-start=\"475\" data-end=\"501\">T\u00e9rminos y Condiciones<\/strong><\/a><\/span>.<\/p>\n","protected":false},"excerpt":{"rendered":"<p>Vestido largo midi en malla de flecos con movimiento y textura, escote a caja y manga sisa. Cierre con autom\u00e1tico oculto en la espalda. Disponemos de mini vestido lencero opcional a modo de combinaci\u00f3n si se desea (cons\u00faltanos para m\u00e1s informaci\u00f3n).<\/p>\n<p data-start=\"473\" data-end=\"583\"><strong data-start=\"473\" data-end=\"511\">Disponible para alquilar durante 4 d\u00edas.<\/strong> Si deseas m\u00e1s, cons\u00faltanos.<br data-start=\"511\" data-end=\"514\" \/><strong data-start=\"516\" data-end=\"541\">Alquiler: desde 100 \u20ac<\/strong> (IVA y limpieza profesional incluidos).<\/p>\n<p data-start=\"590\" data-end=\"677\">El alquiler requiere una <strong data-start=\"615\" data-end=\"638\">fianza reembolsable en su totalidad<\/strong>, que se a\u00f1ade al realizar el pedido.<\/p>\n<p data-start=\"684\" data-end=\"762\">Tras finalizar la compra, contactaremos contigo en un plazo m\u00e1ximo de 24h (festivos y fines de semana no incluidos) para confirmar disponibilidad de fecha y talla.<\/p>\n<p data-start=\"684\" data-end=\"762\">Las condiciones completas del servicio de alquiler pueden consultarse en nuestros <span style=\"color: #000000;\"><a style=\"color: #000000;\" href=\"http:\/\/www.dearroyo.com\/tienda\/terminos-y-condiciones\"><strong data-start=\"475\" data-end=\"501\">T\u00e9rminos y Condiciones<\/strong><\/a><\/span>.<\/p>\n","protected":false},"featured_media":118661,"comment_status":"open","ping_status":"closed","template":"","meta":[],"product_brand":[],"product_cat":[345,376,379],"product_tag":[278,294,310,382,411,412,413,414],"class_list":{"0":"post-119166","1":"product","2":"type-product","3":"status-publish","4":"has-post-thumbnail","6":"product_cat-vestido-midi","7":"product_cat-dearroyo-studio","8":"product_cat-alquiler","9":"product_tag-estilo-minimal","10":"product_tag-boda-de-noche","11":"product_tag-boda-de-tarde","12":"product_tag-flecos","13":"product_tag-comunion","14":"product_tag-bautizo","15":"product_tag-pedida","16":"product_tag-vestido-paris","17":"product_shipping_class-alquiler","19":"first","20":"instock","21":"taxable","22":"shipping-taxable","23":"purchasable","24":"product-type-variable"},"yoast_head":"<!-- This site is optimized with the Yoast SEO plugin v26.6 - https:\/\/yoast.com\/wordpress\/plugins\/seo\/ -->\n<title>ALQUILER vestido paris. - DE ARROYO. studio \u2013 vestidos de invitada desde Madrid<\/title>\n<meta name=\"description\" content=\"El vestido PARIS de alquiler para invitada est\u00e1 hecho en una malla de flecos inspirado en los a\u00f1os 20 perfecto para eventos, bodas, comuniones o bautizos.\" \/>\n<meta name=\"robots\" content=\"index, follow, max-snippet:-1, max-image-preview:large, max-video-preview:-1\" \/>\n<link rel=\"canonical\" href=\"https:\/\/dearroyo.com\/tienda\/producto\/alquiler-vestido-paris-invitada\/\" \/>\n<meta property=\"og:locale\" content=\"es_ES\" \/>\n<meta property=\"og:type\" content=\"article\" \/>\n<meta property=\"og:title\" content=\"ALQUILER vestido paris. - DE ARROYO. studio \u2013 vestidos de invitada desde Madrid\" \/>\n<meta property=\"og:description\" content=\"El vestido PARIS de alquiler para invitada est\u00e1 hecho en una malla de flecos inspirado en los a\u00f1os 20 perfecto para eventos, bodas, comuniones o bautizos.\" \/>\n<meta property=\"og:url\" content=\"https:\/\/dearroyo.com\/tienda\/producto\/alquiler-vestido-paris-invitada\/\" \/>\n<meta property=\"og:site_name\" content=\"DE ARROYO. studio \u2013 vestidos de invitada desde Madrid\" \/>\n<meta property=\"article:modified_time\" content=\"2025-12-16T17:55:13+00:00\" \/>\n<meta property=\"og:image\" content=\"https:\/\/dearroyo.com\/tienda\/wp-content\/uploads\/2025\/06\/paris-crema-modelo-de.jpeg.jpeg\" \/>\n\t<meta property=\"og:image:width\" content=\"1080\" \/>\n\t<meta property=\"og:image:height\" content=\"1441\" \/>\n\t<meta property=\"og:image:type\" content=\"image\/jpeg\" \/>\n<meta name=\"twitter:card\" content=\"summary_large_image\" \/>\n<meta name=\"twitter:label1\" content=\"Tiempo de lectura\" \/>\n\t<meta name=\"twitter:data1\" content=\"1 minuto\" \/>\n<script type=\"application\/ld+json\" class=\"yoast-schema-graph\">{\"@context\":\"https:\/\/schema.org\",\"@graph\":[{\"@type\":\"WebPage\",\"@id\":\"https:\/\/dearroyo.com\/tienda\/producto\/alquiler-vestido-paris-invitada\/\",\"url\":\"https:\/\/dearroyo.com\/tienda\/producto\/alquiler-vestido-paris-invitada\/\",\"name\":\"ALQUILER vestido paris. - DE ARROYO. studio \u2013 vestidos de invitada desde Madrid\",\"isPartOf\":{\"@id\":\"https:\/\/dearroyo.com\/tienda\/#website\"},\"primaryImageOfPage\":{\"@id\":\"https:\/\/dearroyo.com\/tienda\/producto\/alquiler-vestido-paris-invitada\/#primaryimage\"},\"image\":{\"@id\":\"https:\/\/dearroyo.com\/tienda\/producto\/alquiler-vestido-paris-invitada\/#primaryimage\"},\"thumbnailUrl\":\"https:\/\/dearroyo.com\/tienda\/wp-content\/uploads\/2025\/06\/paris-crema-modelo-de.jpeg.jpeg\",\"datePublished\":\"2025-08-05T10:05:44+00:00\",\"dateModified\":\"2025-12-16T17:55:13+00:00\",\"description\":\"El vestido PARIS de alquiler para invitada est\u00e1 hecho en una malla de flecos inspirado en los a\u00f1os 20 perfecto para eventos, bodas, comuniones o bautizos.\",\"breadcrumb\":{\"@id\":\"https:\/\/dearroyo.com\/tienda\/producto\/alquiler-vestido-paris-invitada\/#breadcrumb\"},\"inLanguage\":\"es\",\"potentialAction\":[{\"@type\":\"ReadAction\",\"target\":[\"https:\/\/dearroyo.com\/tienda\/producto\/alquiler-vestido-paris-invitada\/\"]}]},{\"@type\":\"ImageObject\",\"inLanguage\":\"es\",\"@id\":\"https:\/\/dearroyo.com\/tienda\/producto\/alquiler-vestido-paris-invitada\/#primaryimage\",\"url\":\"https:\/\/dearroyo.com\/tienda\/wp-content\/uploads\/2025\/06\/paris-crema-modelo-de.jpeg.jpeg\",\"contentUrl\":\"https:\/\/dearroyo.com\/tienda\/wp-content\/uploads\/2025\/06\/paris-crema-modelo-de.jpeg.jpeg\",\"width\":1080,\"height\":1441,\"caption\":\"delantero en modelo -vestido PARIS\"},{\"@type\":\"BreadcrumbList\",\"@id\":\"https:\/\/dearroyo.com\/tienda\/producto\/alquiler-vestido-paris-invitada\/#breadcrumb\",\"itemListElement\":[{\"@type\":\"ListItem\",\"position\":1,\"name\":\"Portada\",\"item\":\"https:\/\/dearroyo.com\/tienda\/\"},{\"@type\":\"ListItem\",\"position\":2,\"name\":\"Home\",\"item\":\"https:\/\/dearroyo.com\/tienda\/\"},{\"@type\":\"ListItem\",\"position\":3,\"name\":\"ALQUILER vestido paris.\"}]},{\"@type\":\"WebSite\",\"@id\":\"https:\/\/dearroyo.com\/tienda\/#website\",\"url\":\"https:\/\/dearroyo.com\/tienda\/\",\"name\":\"DE ARROYO. studio \u2013 vestidos de invitada desde Madrid\",\"description\":\"colecci\u00f3n dearroyo studio de venta online para invitada con confecci\u00f3n limitada, dise\u00f1o propio y producci\u00f3n en Espa\u00f1a.\",\"potentialAction\":[{\"@type\":\"SearchAction\",\"target\":{\"@type\":\"EntryPoint\",\"urlTemplate\":\"https:\/\/dearroyo.com\/tienda\/?s={search_term_string}\"},\"query-input\":{\"@type\":\"PropertyValueSpecification\",\"valueRequired\":true,\"valueName\":\"search_term_string\"}}],\"inLanguage\":\"es\"}]}<\/script>\n<!-- \/ Yoast SEO plugin. -->","yoast_head_json":{"title":"ALQUILER vestido paris. - DE ARROYO. studio \u2013 vestidos de invitada desde Madrid","description":"El vestido PARIS de alquiler para invitada est\u00e1 hecho en una malla de flecos inspirado en los a\u00f1os 20 perfecto para eventos, bodas, comuniones o bautizos.","robots":{"index":"index","follow":"follow","max-snippet":"max-snippet:-1","max-image-preview":"max-image-preview:large","max-video-preview":"max-video-preview:-1"},"canonical":"https:\/\/dearroyo.com\/tienda\/producto\/alquiler-vestido-paris-invitada\/","og_locale":"es_ES","og_type":"article","og_title":"ALQUILER vestido paris. - DE ARROYO. studio \u2013 vestidos de invitada desde Madrid","og_description":"El vestido PARIS de alquiler para invitada est\u00e1 hecho en una malla de flecos inspirado en los a\u00f1os 20 perfecto para eventos, bodas, comuniones o bautizos.","og_url":"https:\/\/dearroyo.com\/tienda\/producto\/alquiler-vestido-paris-invitada\/","og_site_name":"DE ARROYO. studio \u2013 vestidos de invitada desde Madrid","article_modified_time":"2025-12-16T17:55:13+00:00","og_image":[{"width":1080,"height":1441,"url":"https:\/\/dearroyo.com\/tienda\/wp-content\/uploads\/2025\/06\/paris-crema-modelo-de.jpeg.jpeg","type":"image\/jpeg"}],"twitter_card":"summary_large_image","twitter_misc":{"Tiempo de lectura":"1 minuto"},"schema":{"@context":"https:\/\/schema.org","@graph":[{"@type":"WebPage","@id":"https:\/\/dearroyo.com\/tienda\/producto\/alquiler-vestido-paris-invitada\/","url":"https:\/\/dearroyo.com\/tienda\/producto\/alquiler-vestido-paris-invitada\/","name":"ALQUILER vestido paris. - DE ARROYO. studio \u2013 vestidos de invitada desde Madrid","isPartOf":{"@id":"https:\/\/dearroyo.com\/tienda\/#website"},"primaryImageOfPage":{"@id":"https:\/\/dearroyo.com\/tienda\/producto\/alquiler-vestido-paris-invitada\/#primaryimage"},"image":{"@id":"https:\/\/dearroyo.com\/tienda\/producto\/alquiler-vestido-paris-invitada\/#primaryimage"},"thumbnailUrl":"https:\/\/dearroyo.com\/tienda\/wp-content\/uploads\/2025\/06\/paris-crema-modelo-de.jpeg.jpeg","datePublished":"2025-08-05T10:05:44+00:00","dateModified":"2025-12-16T17:55:13+00:00","description":"El vestido PARIS de alquiler para invitada est\u00e1 hecho en una malla de flecos inspirado en los a\u00f1os 20 perfecto para eventos, bodas, comuniones o bautizos.","breadcrumb":{"@id":"https:\/\/dearroyo.com\/tienda\/producto\/alquiler-vestido-paris-invitada\/#breadcrumb"},"inLanguage":"es","potentialAction":[{"@type":"ReadAction","target":["https:\/\/dearroyo.com\/tienda\/producto\/alquiler-vestido-paris-invitada\/"]}]},{"@type":"ImageObject","inLanguage":"es","@id":"https:\/\/dearroyo.com\/tienda\/producto\/alquiler-vestido-paris-invitada\/#primaryimage","url":"https:\/\/dearroyo.com\/tienda\/wp-content\/uploads\/2025\/06\/paris-crema-modelo-de.jpeg.jpeg","contentUrl":"https:\/\/dearroyo.com\/tienda\/wp-content\/uploads\/2025\/06\/paris-crema-modelo-de.jpeg.jpeg","width":1080,"height":1441,"caption":"delantero en modelo -vestido PARIS"},{"@type":"BreadcrumbList","@id":"https:\/\/dearroyo.com\/tienda\/producto\/alquiler-vestido-paris-invitada\/#breadcrumb","itemListElement":[{"@type":"ListItem","position":1,"name":"Portada","item":"https:\/\/dearroyo.com\/tienda\/"},{"@type":"ListItem","position":2,"name":"Home","item":"https:\/\/dearroyo.com\/tienda\/"},{"@type":"ListItem","position":3,"name":"ALQUILER vestido paris."}]},{"@type":"WebSite","@id":"https:\/\/dearroyo.com\/tienda\/#website","url":"https:\/\/dearroyo.com\/tienda\/","name":"DE ARROYO. studio \u2013 vestidos de invitada desde Madrid","description":"colecci\u00f3n dearroyo studio de venta online para invitada con confecci\u00f3n limitada, dise\u00f1o propio y producci\u00f3n en Espa\u00f1a.","potentialAction":[{"@type":"SearchAction","target":{"@type":"EntryPoint","urlTemplate":"https:\/\/dearroyo.com\/tienda\/?s={search_term_string}"},"query-input":{"@type":"PropertyValueSpecification","valueRequired":true,"valueName":"search_term_string"}}],"inLanguage":"es"}]}},"_links":{"self":[{"href":"https:\/\/dearroyo.com\/tienda\/wp-json\/wp\/v2\/product\/119166","targetHints":{"allow":["GET"]}}],"collection":[{"href":"https:\/\/dearroyo.com\/tienda\/wp-json\/wp\/v2\/product"}],"about":[{"href":"https:\/\/dearroyo.com\/tienda\/wp-json\/wp\/v2\/types\/product"}],"replies":[{"embeddable":true,"href":"https:\/\/dearroyo.com\/tienda\/wp-json\/wp\/v2\/comments?post=119166"}],"wp:featuredmedia":[{"embeddable":true,"href":"https:\/\/dearroyo.com\/tienda\/wp-json\/wp\/v2\/media\/118661"}],"wp:attachment":[{"href":"https:\/\/dearroyo.com\/tienda\/wp-json\/wp\/v2\/media?parent=119166"}],"wp:term":[{"taxonomy":"product_brand","embeddable":true,"href":"https:\/\/dearroyo.com\/tienda\/wp-json\/wp\/v2\/product_brand?post=119166"},{"taxonomy":"product_cat","embeddable":true,"href":"https:\/\/dearroyo.com\/tienda\/wp-json\/wp\/v2\/product_cat?post=119166"},{"taxonomy":"product_tag","embeddable":true,"href":"https:\/\/dearroyo.com\/tienda\/wp-json\/wp\/v2\/product_tag?post=119166"}],"curies":[{"name":"wp","href":"https:\/\/api.w.org\/{rel}","templated":true}]}}