{"id":119246,"date":"2025-08-31T18:00:20","date_gmt":"2025-08-31T18:00:20","guid":{"rendered":"https:\/\/dearroyo.com\/tienda\/?post_type=product&#038;p=119246"},"modified":"2025-12-18T17:55:59","modified_gmt":"2025-12-18T17:55:59","slug":"blusa-oregon-invitada","status":"publish","type":"product","link":"https:\/\/dearroyo.com\/tienda\/producto\/blusa-oregon-invitada\/","title":{"rendered":"blusa oregon."},"content":{"rendered":"<p data-start=\"251\" data-end=\"472\"><strong data-start=\"251\" data-end=\"262\">La blusa OREGON<\/strong> es una blusa fluida y luminosa confeccionada en micro sat\u00e9n color beige dorado con ca\u00edda delicada. Su dise\u00f1o aporta movimiento y un aire contempor\u00e1neo. El escote redondo limpio equilibra la fluidez de las mangas que terminan en pu\u00f1os con bot\u00f3n forrado. Se abrocha discretamente en la espalda con un corchete.<\/p>\n<p data-start=\"251\" data-end=\"472\">Una pieza vers\u00e1til para elevar cualquier conjunto: desde un pantal\u00f3n estampado como NAGANO, hasta un look monocrom\u00e1tico en clave sofisticada.<\/p>\n<p data-start=\"733\" data-end=\"826\">Prenda confeccionada mediante un proceso consciente, cuidado y controlado por nuestro equipo.<\/p>\n<p data-start=\"828\" data-end=\"905\"><strong data-start=\"828\" data-end=\"858\">Plazo de entrega estimado:<\/strong> 10 a 15 d\u00edas desde la confirmaci\u00f3n del pedido.<\/p>\n<p data-start=\"907\" data-end=\"1035\"><strong data-start=\"907\" data-end=\"932\">Cuidado de la prenda:<\/strong> no lavar en agua, no usar lej\u00eda, no secar en secadora ni planchar. Limpieza en seco por especialistas.<\/p>\n","protected":false},"excerpt":{"rendered":"<p>Blusa fluida de micro sat\u00e9n en color beige dorado. Dise\u00f1o con sisa ca\u00edda, manga fruncida con pu\u00f1o y cierre con corchete en la espalda. Ideal para looks de invitada de oto\u00f1o.<\/p>\n<p>Composici\u00f3n tejido 100% PL.<\/p>\n<p>Tras realizar la compra, nos pondremos en contacto contigo por whatsapp para confirmar medidas y asegurarnos de que la talla seleccionada es la m\u00e1s adecuada para ti. Puedes consultar la gu\u00eda de tallas al final de esta p\u00e1gina.<\/p>\n","protected":false},"featured_media":119561,"comment_status":"open","ping_status":"closed","template":"","meta":[],"product_brand":[],"product_cat":[376,474],"product_tag":[325,326,327,342,411,412,431,432,434,435,436,437,438,439,441],"class_list":{"0":"post-119246","1":"product","2":"type-product","3":"status-publish","4":"has-post-thumbnail","6":"product_cat-dearroyo-studio","7":"product_cat-otros-disenos","8":"product_tag-boda-dia","9":"product_tag-boda-tarde","10":"product_tag-boda-noche","11":"product_tag-saten","12":"product_tag-comunion","13":"product_tag-bautizo","14":"product_tag-boda","15":"product_tag-evento","16":"product_tag-satinado","17":"product_tag-fluida","18":"product_tag-blusa-oregon","19":"product_tag-oregon","20":"product_tag-evento-dia","21":"product_tag-blusa-fluida","22":"product_tag-dorado","23":"product_shipping_class-compra","25":"first","26":"instock","27":"taxable","28":"shipping-taxable","29":"purchasable","30":"product-type-variable"},"yoast_head":"<!-- This site is optimized with the Yoast SEO plugin v26.6 - https:\/\/yoast.com\/wordpress\/plugins\/seo\/ -->\n<title>blusa oregon. - DE ARROYO. studio \u2013 vestidos de invitada desde Madrid<\/title>\n<meta name=\"description\" content=\"La blusa OREGON es un b\u00e1sico sofisticado que se adapta a cualquier look de invitada para eventos de oto\u00f1o, con ese punto especial que no pasa desapercibida.\" \/>\n<meta name=\"robots\" content=\"index, follow, max-snippet:-1, max-image-preview:large, max-video-preview:-1\" \/>\n<link rel=\"canonical\" href=\"https:\/\/dearroyo.com\/tienda\/producto\/blusa-oregon-invitada\/\" \/>\n<meta property=\"og:locale\" content=\"es_ES\" \/>\n<meta property=\"og:type\" content=\"article\" \/>\n<meta property=\"og:title\" content=\"blusa oregon. - DE ARROYO. studio \u2013 vestidos de invitada desde Madrid\" \/>\n<meta property=\"og:description\" content=\"La blusa OREGON es un b\u00e1sico sofisticado que se adapta a cualquier look de invitada para eventos de oto\u00f1o, con ese punto especial que no pasa desapercibida.\" \/>\n<meta property=\"og:url\" content=\"https:\/\/dearroyo.com\/tienda\/producto\/blusa-oregon-invitada\/\" \/>\n<meta property=\"og:site_name\" content=\"DE ARROYO. studio \u2013 vestidos de invitada desde Madrid\" \/>\n<meta property=\"article:modified_time\" content=\"2025-12-18T17:55:59+00:00\" \/>\n<meta property=\"og:image\" content=\"https:\/\/dearroyo.com\/tienda\/wp-content\/uploads\/2025\/12\/oregon-blusa-percha1.jpeg\" \/>\n\t<meta property=\"og:image:width\" content=\"1024\" \/>\n\t<meta property=\"og:image:height\" content=\"1365\" \/>\n\t<meta property=\"og:image:type\" content=\"image\/jpeg\" \/>\n<meta name=\"twitter:card\" content=\"summary_large_image\" \/>\n<meta name=\"twitter:label1\" content=\"Tiempo de lectura\" \/>\n\t<meta name=\"twitter:data1\" content=\"1 minuto\" \/>\n<script type=\"application\/ld+json\" class=\"yoast-schema-graph\">{\"@context\":\"https:\/\/schema.org\",\"@graph\":[{\"@type\":\"WebPage\",\"@id\":\"https:\/\/dearroyo.com\/tienda\/producto\/blusa-oregon-invitada\/\",\"url\":\"https:\/\/dearroyo.com\/tienda\/producto\/blusa-oregon-invitada\/\",\"name\":\"blusa oregon. - DE ARROYO. studio \u2013 vestidos de invitada desde Madrid\",\"isPartOf\":{\"@id\":\"https:\/\/dearroyo.com\/tienda\/#website\"},\"primaryImageOfPage\":{\"@id\":\"https:\/\/dearroyo.com\/tienda\/producto\/blusa-oregon-invitada\/#primaryimage\"},\"image\":{\"@id\":\"https:\/\/dearroyo.com\/tienda\/producto\/blusa-oregon-invitada\/#primaryimage\"},\"thumbnailUrl\":\"https:\/\/dearroyo.com\/tienda\/wp-content\/uploads\/2025\/12\/oregon-blusa-percha1.jpeg\",\"datePublished\":\"2025-08-31T18:00:20+00:00\",\"dateModified\":\"2025-12-18T17:55:59+00:00\",\"description\":\"La blusa OREGON es un b\u00e1sico sofisticado que se adapta a cualquier look de invitada para eventos de oto\u00f1o, con ese punto especial que no pasa desapercibida.\",\"breadcrumb\":{\"@id\":\"https:\/\/dearroyo.com\/tienda\/producto\/blusa-oregon-invitada\/#breadcrumb\"},\"inLanguage\":\"es\",\"potentialAction\":[{\"@type\":\"ReadAction\",\"target\":[\"https:\/\/dearroyo.com\/tienda\/producto\/blusa-oregon-invitada\/\"]}]},{\"@type\":\"ImageObject\",\"inLanguage\":\"es\",\"@id\":\"https:\/\/dearroyo.com\/tienda\/producto\/blusa-oregon-invitada\/#primaryimage\",\"url\":\"https:\/\/dearroyo.com\/tienda\/wp-content\/uploads\/2025\/12\/oregon-blusa-percha1.jpeg\",\"contentUrl\":\"https:\/\/dearroyo.com\/tienda\/wp-content\/uploads\/2025\/12\/oregon-blusa-percha1.jpeg\",\"width\":1024,\"height\":1365},{\"@type\":\"BreadcrumbList\",\"@id\":\"https:\/\/dearroyo.com\/tienda\/producto\/blusa-oregon-invitada\/#breadcrumb\",\"itemListElement\":[{\"@type\":\"ListItem\",\"position\":1,\"name\":\"Portada\",\"item\":\"https:\/\/dearroyo.com\/tienda\/\"},{\"@type\":\"ListItem\",\"position\":2,\"name\":\"Home\",\"item\":\"https:\/\/dearroyo.com\/tienda\/\"},{\"@type\":\"ListItem\",\"position\":3,\"name\":\"blusa oregon.\"}]},{\"@type\":\"WebSite\",\"@id\":\"https:\/\/dearroyo.com\/tienda\/#website\",\"url\":\"https:\/\/dearroyo.com\/tienda\/\",\"name\":\"DE ARROYO. studio \u2013 vestidos de invitada desde Madrid\",\"description\":\"colecci\u00f3n dearroyo studio de venta online para invitada con confecci\u00f3n limitada, dise\u00f1o propio y producci\u00f3n en Espa\u00f1a.\",\"potentialAction\":[{\"@type\":\"SearchAction\",\"target\":{\"@type\":\"EntryPoint\",\"urlTemplate\":\"https:\/\/dearroyo.com\/tienda\/?s={search_term_string}\"},\"query-input\":{\"@type\":\"PropertyValueSpecification\",\"valueRequired\":true,\"valueName\":\"search_term_string\"}}],\"inLanguage\":\"es\"}]}<\/script>\n<!-- \/ Yoast SEO plugin. -->","yoast_head_json":{"title":"blusa oregon. - DE ARROYO. studio \u2013 vestidos de invitada desde Madrid","description":"La blusa OREGON es un b\u00e1sico sofisticado que se adapta a cualquier look de invitada para eventos de oto\u00f1o, con ese punto especial que no pasa desapercibida.","robots":{"index":"index","follow":"follow","max-snippet":"max-snippet:-1","max-image-preview":"max-image-preview:large","max-video-preview":"max-video-preview:-1"},"canonical":"https:\/\/dearroyo.com\/tienda\/producto\/blusa-oregon-invitada\/","og_locale":"es_ES","og_type":"article","og_title":"blusa oregon. - DE ARROYO. studio \u2013 vestidos de invitada desde Madrid","og_description":"La blusa OREGON es un b\u00e1sico sofisticado que se adapta a cualquier look de invitada para eventos de oto\u00f1o, con ese punto especial que no pasa desapercibida.","og_url":"https:\/\/dearroyo.com\/tienda\/producto\/blusa-oregon-invitada\/","og_site_name":"DE ARROYO. studio \u2013 vestidos de invitada desde Madrid","article_modified_time":"2025-12-18T17:55:59+00:00","og_image":[{"width":1024,"height":1365,"url":"https:\/\/dearroyo.com\/tienda\/wp-content\/uploads\/2025\/12\/oregon-blusa-percha1.jpeg","type":"image\/jpeg"}],"twitter_card":"summary_large_image","twitter_misc":{"Tiempo de lectura":"1 minuto"},"schema":{"@context":"https:\/\/schema.org","@graph":[{"@type":"WebPage","@id":"https:\/\/dearroyo.com\/tienda\/producto\/blusa-oregon-invitada\/","url":"https:\/\/dearroyo.com\/tienda\/producto\/blusa-oregon-invitada\/","name":"blusa oregon. - DE ARROYO. studio \u2013 vestidos de invitada desde Madrid","isPartOf":{"@id":"https:\/\/dearroyo.com\/tienda\/#website"},"primaryImageOfPage":{"@id":"https:\/\/dearroyo.com\/tienda\/producto\/blusa-oregon-invitada\/#primaryimage"},"image":{"@id":"https:\/\/dearroyo.com\/tienda\/producto\/blusa-oregon-invitada\/#primaryimage"},"thumbnailUrl":"https:\/\/dearroyo.com\/tienda\/wp-content\/uploads\/2025\/12\/oregon-blusa-percha1.jpeg","datePublished":"2025-08-31T18:00:20+00:00","dateModified":"2025-12-18T17:55:59+00:00","description":"La blusa OREGON es un b\u00e1sico sofisticado que se adapta a cualquier look de invitada para eventos de oto\u00f1o, con ese punto especial que no pasa desapercibida.","breadcrumb":{"@id":"https:\/\/dearroyo.com\/tienda\/producto\/blusa-oregon-invitada\/#breadcrumb"},"inLanguage":"es","potentialAction":[{"@type":"ReadAction","target":["https:\/\/dearroyo.com\/tienda\/producto\/blusa-oregon-invitada\/"]}]},{"@type":"ImageObject","inLanguage":"es","@id":"https:\/\/dearroyo.com\/tienda\/producto\/blusa-oregon-invitada\/#primaryimage","url":"https:\/\/dearroyo.com\/tienda\/wp-content\/uploads\/2025\/12\/oregon-blusa-percha1.jpeg","contentUrl":"https:\/\/dearroyo.com\/tienda\/wp-content\/uploads\/2025\/12\/oregon-blusa-percha1.jpeg","width":1024,"height":1365},{"@type":"BreadcrumbList","@id":"https:\/\/dearroyo.com\/tienda\/producto\/blusa-oregon-invitada\/#breadcrumb","itemListElement":[{"@type":"ListItem","position":1,"name":"Portada","item":"https:\/\/dearroyo.com\/tienda\/"},{"@type":"ListItem","position":2,"name":"Home","item":"https:\/\/dearroyo.com\/tienda\/"},{"@type":"ListItem","position":3,"name":"blusa oregon."}]},{"@type":"WebSite","@id":"https:\/\/dearroyo.com\/tienda\/#website","url":"https:\/\/dearroyo.com\/tienda\/","name":"DE ARROYO. studio \u2013 vestidos de invitada desde Madrid","description":"colecci\u00f3n dearroyo studio de venta online para invitada con confecci\u00f3n limitada, dise\u00f1o propio y producci\u00f3n en Espa\u00f1a.","potentialAction":[{"@type":"SearchAction","target":{"@type":"EntryPoint","urlTemplate":"https:\/\/dearroyo.com\/tienda\/?s={search_term_string}"},"query-input":{"@type":"PropertyValueSpecification","valueRequired":true,"valueName":"search_term_string"}}],"inLanguage":"es"}]}},"_links":{"self":[{"href":"https:\/\/dearroyo.com\/tienda\/wp-json\/wp\/v2\/product\/119246","targetHints":{"allow":["GET"]}}],"collection":[{"href":"https:\/\/dearroyo.com\/tienda\/wp-json\/wp\/v2\/product"}],"about":[{"href":"https:\/\/dearroyo.com\/tienda\/wp-json\/wp\/v2\/types\/product"}],"replies":[{"embeddable":true,"href":"https:\/\/dearroyo.com\/tienda\/wp-json\/wp\/v2\/comments?post=119246"}],"wp:featuredmedia":[{"embeddable":true,"href":"https:\/\/dearroyo.com\/tienda\/wp-json\/wp\/v2\/media\/119561"}],"wp:attachment":[{"href":"https:\/\/dearroyo.com\/tienda\/wp-json\/wp\/v2\/media?parent=119246"}],"wp:term":[{"taxonomy":"product_brand","embeddable":true,"href":"https:\/\/dearroyo.com\/tienda\/wp-json\/wp\/v2\/product_brand?post=119246"},{"taxonomy":"product_cat","embeddable":true,"href":"https:\/\/dearroyo.com\/tienda\/wp-json\/wp\/v2\/product_cat?post=119246"},{"taxonomy":"product_tag","embeddable":true,"href":"https:\/\/dearroyo.com\/tienda\/wp-json\/wp\/v2\/product_tag?post=119246"}],"curies":[{"name":"wp","href":"https:\/\/api.w.org\/{rel}","templated":true}]}}