{"id":119344,"date":"2025-10-29T12:00:13","date_gmt":"2025-10-29T12:00:13","guid":{"rendered":"https:\/\/dearroyo.com\/tienda\/?post_type=product&#038;p=119344"},"modified":"2025-12-17T18:14:50","modified_gmt":"2025-12-17T18:14:50","slug":"vestido-roma-invitada","status":"publish","type":"product","link":"https:\/\/dearroyo.com\/tienda\/producto\/vestido-roma-invitada\/","title":{"rendered":"vestido roma."},"content":{"rendered":"<p data-start=\"251\" data-end=\"472\"><strong data-start=\"251\" data-end=\"262\">El vestido ROMA<\/strong> es un vestido con ca\u00edda fluida confeccionado en crepe con estampado de hortensias sobre base color cicl\u00e1men. Su corte midi con nesgas aporta movimiento y una ca\u00edda natural, sin necesidad de abertura. Est\u00e1 forrado para aportar comodidad y cuerpo. El cuello presenta dos ca\u00eddas que permiten llevarlo con nudo, lazo o suelto, seg\u00fan el estilo que busques.<br data-start=\"1035\" data-end=\"1038\" \/>La manga larga con frunce en el pu\u00f1o aporta volumen sin rigidez, equilibrando el conjunto. El cierre trasero remata el dise\u00f1o con dos botones forrados sobre una peque\u00f1a l\u00e1grima abierta.<\/p>\n<p data-start=\"1225\" data-end=\"1351\">Un vestido pensado para invitadas de oto\u00f1o que buscan una silueta femenina y atemporal, con un estampado diferente y elegante.<\/p>\n<p data-start=\"733\" data-end=\"826\">Prenda confeccionada mediante un proceso consciente, cuidado y controlado por nuestro equipo.<\/p>\n<p data-start=\"828\" data-end=\"905\"><strong data-start=\"828\" data-end=\"858\">Plazo de entrega estimado:<\/strong> 10 a 15 d\u00edas desde la confirmaci\u00f3n del pedido.<\/p>\n<p data-start=\"907\" data-end=\"1035\"><strong data-start=\"907\" data-end=\"932\">Cuidado de la prenda:<\/strong> no lavar en agua, no usar lej\u00eda, no secar en secadora ni planchar. Limpieza en seco por especialistas.<\/p>\n","protected":false},"excerpt":{"rendered":"<div style=\"max-width: 180px; margin: 2rem auto; text-align: center;\"><video style=\"width: 100%; height: auto; display: block;\" muted=\"\" controls=\"controls\" width=\"300\" height=\"150\"><span style=\"display: inline-block; width: 0px; overflow: hidden; line-height: 0;\" data-mce-type=\"bookmark\" class=\"mce_SELRES_start\">\ufeff<\/span><span style=\"display: inline-block; width: 0px; overflow: hidden; line-height: 0;\" data-mce-type=\"bookmark\" class=\"mce_SELRES_start\">\ufeff<\/span><source src=\"https:\/\/dearroyo.com\/tienda\/wp-content\/uploads\/2025\/08\/video-roma-dearroyostudio.mp4\" type=\"video\/mp4\" \/><span style=\"display: inline-block; width: 0px; overflow: hidden; line-height: 0;\" data-mce-type=\"bookmark\" class=\"mce_SELRES_end\">\ufeff<\/span><span style=\"display: inline-block; width: 0px; overflow: hidden; line-height: 0;\" data-mce-type=\"bookmark\" class=\"mce_SELRES_end\">\ufeff<\/span><br \/>\nTu navegador no soporta v\u00eddeo HTML5.<\/video><\/div>\n<p>Vestido midi en crepe con estampado de hortensias sobre \u00a0color cicl\u00e1men. El cuello tiene unas ca\u00eddas para lazada o nudo decorativo. Manga larga fruncida en pu\u00f1o y cierre trasero con botones forrados en el mismo tejido.<\/p>\n<p>Composici\u00f3n tejido 100% PL.<\/p>\n<p>Tras realizar la compra, nos pondremos en contacto contigo por whatsapp para confirmar medidas y asegurarnos de que la talla seleccionada es la m\u00e1s adecuada para ti. Puedes consultar la gu\u00eda de tallas al final de esta p\u00e1gina.<\/p>\n","protected":false},"featured_media":119354,"comment_status":"open","ping_status":"closed","template":"","meta":[],"product_brand":[],"product_cat":[345,350,376,377,402],"product_tag":[325,326,327,405,411,412,431,432,444,445,446,447],"class_list":{"0":"post-119344","1":"product","2":"type-product","3":"status-publish","4":"has-post-thumbnail","6":"product_cat-vestido-midi","7":"product_cat-vestido-otono","8":"product_cat-dearroyo-studio","9":"product_cat-novedades","10":"product_cat-comprar","11":"product_tag-boda-dia","12":"product_tag-boda-tarde","13":"product_tag-boda-noche","14":"product_tag-lazada","15":"product_tag-comunion","16":"product_tag-bautizo","17":"product_tag-boda","18":"product_tag-evento","19":"product_tag-estampado-hortensias","20":"product_tag-estampado","21":"product_tag-vestido-roma","22":"product_tag-roma","23":"product_shipping_class-compra","25":"first","26":"instock","27":"taxable","28":"shipping-taxable","29":"purchasable","30":"product-type-variable"},"yoast_head":"<!-- This site is optimized with the Yoast SEO plugin v26.6 - https:\/\/yoast.com\/wordpress\/plugins\/seo\/ -->\n<title>vestido roma. - DE ARROYO. studio \u2013 vestidos de invitada desde Madrid<\/title>\n<meta name=\"description\" content=\"ROMA es un vestido para invitada con personalidad, perfecto para invitadas de oto\u00f1o que buscan algo distinto. Descubre el estampado m\u00e1s especial.\" \/>\n<meta name=\"robots\" content=\"index, follow, max-snippet:-1, max-image-preview:large, max-video-preview:-1\" \/>\n<link rel=\"canonical\" href=\"https:\/\/dearroyo.com\/tienda\/producto\/vestido-roma-invitada\/\" \/>\n<meta property=\"og:locale\" content=\"es_ES\" \/>\n<meta property=\"og:type\" content=\"article\" \/>\n<meta property=\"og:title\" content=\"vestido roma. - DE ARROYO. studio \u2013 vestidos de invitada desde Madrid\" \/>\n<meta property=\"og:description\" content=\"ROMA es un vestido para invitada con personalidad, perfecto para invitadas de oto\u00f1o que buscan algo distinto. Descubre el estampado m\u00e1s especial.\" \/>\n<meta property=\"og:url\" content=\"https:\/\/dearroyo.com\/tienda\/producto\/vestido-roma-invitada\/\" \/>\n<meta property=\"og:site_name\" content=\"DE ARROYO. studio \u2013 vestidos de invitada desde Madrid\" \/>\n<meta property=\"article:modified_time\" content=\"2025-12-17T18:14:50+00:00\" \/>\n<meta property=\"og:image\" content=\"https:\/\/dearroyo.com\/tienda\/wp-content\/uploads\/2025\/08\/roma-hortensias-modelo-detalle-manga.jpeg\" \/>\n\t<meta property=\"og:image:width\" content=\"1080\" \/>\n\t<meta property=\"og:image:height\" content=\"1440\" \/>\n\t<meta property=\"og:image:type\" content=\"image\/jpeg\" \/>\n<meta name=\"twitter:card\" content=\"summary_large_image\" \/>\n<meta name=\"twitter:label1\" content=\"Tiempo de lectura\" \/>\n\t<meta name=\"twitter:data1\" content=\"1 minuto\" \/>\n<script type=\"application\/ld+json\" class=\"yoast-schema-graph\">{\"@context\":\"https:\/\/schema.org\",\"@graph\":[{\"@type\":\"WebPage\",\"@id\":\"https:\/\/dearroyo.com\/tienda\/producto\/vestido-roma-invitada\/\",\"url\":\"https:\/\/dearroyo.com\/tienda\/producto\/vestido-roma-invitada\/\",\"name\":\"vestido roma. - DE ARROYO. studio \u2013 vestidos de invitada desde Madrid\",\"isPartOf\":{\"@id\":\"https:\/\/dearroyo.com\/tienda\/#website\"},\"primaryImageOfPage\":{\"@id\":\"https:\/\/dearroyo.com\/tienda\/producto\/vestido-roma-invitada\/#primaryimage\"},\"image\":{\"@id\":\"https:\/\/dearroyo.com\/tienda\/producto\/vestido-roma-invitada\/#primaryimage\"},\"thumbnailUrl\":\"https:\/\/dearroyo.com\/tienda\/wp-content\/uploads\/2025\/08\/roma-hortensias-modelo-detalle-manga.jpeg\",\"datePublished\":\"2025-10-29T12:00:13+00:00\",\"dateModified\":\"2025-12-17T18:14:50+00:00\",\"description\":\"ROMA es un vestido para invitada con personalidad, perfecto para invitadas de oto\u00f1o que buscan algo distinto. Descubre el estampado m\u00e1s especial.\",\"breadcrumb\":{\"@id\":\"https:\/\/dearroyo.com\/tienda\/producto\/vestido-roma-invitada\/#breadcrumb\"},\"inLanguage\":\"es\",\"potentialAction\":[{\"@type\":\"ReadAction\",\"target\":[\"https:\/\/dearroyo.com\/tienda\/producto\/vestido-roma-invitada\/\"]}]},{\"@type\":\"ImageObject\",\"inLanguage\":\"es\",\"@id\":\"https:\/\/dearroyo.com\/tienda\/producto\/vestido-roma-invitada\/#primaryimage\",\"url\":\"https:\/\/dearroyo.com\/tienda\/wp-content\/uploads\/2025\/08\/roma-hortensias-modelo-detalle-manga.jpeg\",\"contentUrl\":\"https:\/\/dearroyo.com\/tienda\/wp-content\/uploads\/2025\/08\/roma-hortensias-modelo-detalle-manga.jpeg\",\"width\":1080,\"height\":1440},{\"@type\":\"BreadcrumbList\",\"@id\":\"https:\/\/dearroyo.com\/tienda\/producto\/vestido-roma-invitada\/#breadcrumb\",\"itemListElement\":[{\"@type\":\"ListItem\",\"position\":1,\"name\":\"Portada\",\"item\":\"https:\/\/dearroyo.com\/tienda\/\"},{\"@type\":\"ListItem\",\"position\":2,\"name\":\"Home\",\"item\":\"https:\/\/dearroyo.com\/tienda\/\"},{\"@type\":\"ListItem\",\"position\":3,\"name\":\"vestido roma.\"}]},{\"@type\":\"WebSite\",\"@id\":\"https:\/\/dearroyo.com\/tienda\/#website\",\"url\":\"https:\/\/dearroyo.com\/tienda\/\",\"name\":\"DE ARROYO. studio \u2013 vestidos de invitada desde Madrid\",\"description\":\"colecci\u00f3n dearroyo studio de venta online para invitada con confecci\u00f3n limitada, dise\u00f1o propio y producci\u00f3n en Espa\u00f1a.\",\"potentialAction\":[{\"@type\":\"SearchAction\",\"target\":{\"@type\":\"EntryPoint\",\"urlTemplate\":\"https:\/\/dearroyo.com\/tienda\/?s={search_term_string}\"},\"query-input\":{\"@type\":\"PropertyValueSpecification\",\"valueRequired\":true,\"valueName\":\"search_term_string\"}}],\"inLanguage\":\"es\"}]}<\/script>\n<!-- \/ Yoast SEO plugin. -->","yoast_head_json":{"title":"vestido roma. - DE ARROYO. studio \u2013 vestidos de invitada desde Madrid","description":"ROMA es un vestido para invitada con personalidad, perfecto para invitadas de oto\u00f1o que buscan algo distinto. Descubre el estampado m\u00e1s especial.","robots":{"index":"index","follow":"follow","max-snippet":"max-snippet:-1","max-image-preview":"max-image-preview:large","max-video-preview":"max-video-preview:-1"},"canonical":"https:\/\/dearroyo.com\/tienda\/producto\/vestido-roma-invitada\/","og_locale":"es_ES","og_type":"article","og_title":"vestido roma. - DE ARROYO. studio \u2013 vestidos de invitada desde Madrid","og_description":"ROMA es un vestido para invitada con personalidad, perfecto para invitadas de oto\u00f1o que buscan algo distinto. Descubre el estampado m\u00e1s especial.","og_url":"https:\/\/dearroyo.com\/tienda\/producto\/vestido-roma-invitada\/","og_site_name":"DE ARROYO. studio \u2013 vestidos de invitada desde Madrid","article_modified_time":"2025-12-17T18:14:50+00:00","og_image":[{"width":1080,"height":1440,"url":"https:\/\/dearroyo.com\/tienda\/wp-content\/uploads\/2025\/08\/roma-hortensias-modelo-detalle-manga.jpeg","type":"image\/jpeg"}],"twitter_card":"summary_large_image","twitter_misc":{"Tiempo de lectura":"1 minuto"},"schema":{"@context":"https:\/\/schema.org","@graph":[{"@type":"WebPage","@id":"https:\/\/dearroyo.com\/tienda\/producto\/vestido-roma-invitada\/","url":"https:\/\/dearroyo.com\/tienda\/producto\/vestido-roma-invitada\/","name":"vestido roma. - DE ARROYO. studio \u2013 vestidos de invitada desde Madrid","isPartOf":{"@id":"https:\/\/dearroyo.com\/tienda\/#website"},"primaryImageOfPage":{"@id":"https:\/\/dearroyo.com\/tienda\/producto\/vestido-roma-invitada\/#primaryimage"},"image":{"@id":"https:\/\/dearroyo.com\/tienda\/producto\/vestido-roma-invitada\/#primaryimage"},"thumbnailUrl":"https:\/\/dearroyo.com\/tienda\/wp-content\/uploads\/2025\/08\/roma-hortensias-modelo-detalle-manga.jpeg","datePublished":"2025-10-29T12:00:13+00:00","dateModified":"2025-12-17T18:14:50+00:00","description":"ROMA es un vestido para invitada con personalidad, perfecto para invitadas de oto\u00f1o que buscan algo distinto. Descubre el estampado m\u00e1s especial.","breadcrumb":{"@id":"https:\/\/dearroyo.com\/tienda\/producto\/vestido-roma-invitada\/#breadcrumb"},"inLanguage":"es","potentialAction":[{"@type":"ReadAction","target":["https:\/\/dearroyo.com\/tienda\/producto\/vestido-roma-invitada\/"]}]},{"@type":"ImageObject","inLanguage":"es","@id":"https:\/\/dearroyo.com\/tienda\/producto\/vestido-roma-invitada\/#primaryimage","url":"https:\/\/dearroyo.com\/tienda\/wp-content\/uploads\/2025\/08\/roma-hortensias-modelo-detalle-manga.jpeg","contentUrl":"https:\/\/dearroyo.com\/tienda\/wp-content\/uploads\/2025\/08\/roma-hortensias-modelo-detalle-manga.jpeg","width":1080,"height":1440},{"@type":"BreadcrumbList","@id":"https:\/\/dearroyo.com\/tienda\/producto\/vestido-roma-invitada\/#breadcrumb","itemListElement":[{"@type":"ListItem","position":1,"name":"Portada","item":"https:\/\/dearroyo.com\/tienda\/"},{"@type":"ListItem","position":2,"name":"Home","item":"https:\/\/dearroyo.com\/tienda\/"},{"@type":"ListItem","position":3,"name":"vestido roma."}]},{"@type":"WebSite","@id":"https:\/\/dearroyo.com\/tienda\/#website","url":"https:\/\/dearroyo.com\/tienda\/","name":"DE ARROYO. studio \u2013 vestidos de invitada desde Madrid","description":"colecci\u00f3n dearroyo studio de venta online para invitada con confecci\u00f3n limitada, dise\u00f1o propio y producci\u00f3n en Espa\u00f1a.","potentialAction":[{"@type":"SearchAction","target":{"@type":"EntryPoint","urlTemplate":"https:\/\/dearroyo.com\/tienda\/?s={search_term_string}"},"query-input":{"@type":"PropertyValueSpecification","valueRequired":true,"valueName":"search_term_string"}}],"inLanguage":"es"}]}},"_links":{"self":[{"href":"https:\/\/dearroyo.com\/tienda\/wp-json\/wp\/v2\/product\/119344","targetHints":{"allow":["GET"]}}],"collection":[{"href":"https:\/\/dearroyo.com\/tienda\/wp-json\/wp\/v2\/product"}],"about":[{"href":"https:\/\/dearroyo.com\/tienda\/wp-json\/wp\/v2\/types\/product"}],"replies":[{"embeddable":true,"href":"https:\/\/dearroyo.com\/tienda\/wp-json\/wp\/v2\/comments?post=119344"}],"wp:featuredmedia":[{"embeddable":true,"href":"https:\/\/dearroyo.com\/tienda\/wp-json\/wp\/v2\/media\/119354"}],"wp:attachment":[{"href":"https:\/\/dearroyo.com\/tienda\/wp-json\/wp\/v2\/media?parent=119344"}],"wp:term":[{"taxonomy":"product_brand","embeddable":true,"href":"https:\/\/dearroyo.com\/tienda\/wp-json\/wp\/v2\/product_brand?post=119344"},{"taxonomy":"product_cat","embeddable":true,"href":"https:\/\/dearroyo.com\/tienda\/wp-json\/wp\/v2\/product_cat?post=119344"},{"taxonomy":"product_tag","embeddable":true,"href":"https:\/\/dearroyo.com\/tienda\/wp-json\/wp\/v2\/product_tag?post=119344"}],"curies":[{"name":"wp","href":"https:\/\/api.w.org\/{rel}","templated":true}]}}