{"id":119361,"date":"2025-09-10T10:00:28","date_gmt":"2025-09-10T10:00:28","guid":{"rendered":"https:\/\/dearroyo.com\/tienda\/?post_type=product&#038;p=119361"},"modified":"2025-12-16T17:52:47","modified_gmt":"2025-12-16T17:52:47","slug":"alquiler-vestido-roma-invitada","status":"publish","type":"product","link":"https:\/\/dearroyo.com\/tienda\/producto\/alquiler-vestido-roma-invitada\/","title":{"rendered":"ALQUILER vestido roma."},"content":{"rendered":"<p data-start=\"561\" data-end=\"733\"><strong data-start=\"561\" data-end=\"584\">Alquiler por 4 d\u00edas<\/strong>, desde 120 \u20ac con opci\u00f3n de ampliar bajo consulta.<\/p>\n<p data-start=\"561\" data-end=\"733\">Incluye limpieza profesional tras su uso y fitting en nuestro atelier de Madrid, si se desea.<\/p>\n<p data-start=\"740\" data-end=\"958\">Una vez realizado el pedido, nos pondremos en contacto contigo en los plazos establecidos para confirmar disponibilidad de fecha y talla. En caso de no estar disponible, podr\u00e1s cambiar de modelo o recibir el reembolso \u00edntegro.<\/p>\n<p data-start=\"965\" data-end=\"1170\">Realizamos env\u00edos a Espa\u00f1a<strong> peninsular<\/strong>.<\/p>\n<p data-start=\"965\" data-end=\"1170\">Si eliges la opci\u00f3n de recogida en nuestro atelier (Madrid), ind\u00edcanos en las notas del pedido la fecha de recogida y devoluci\u00f3n para poder cerrar las citas.<\/p>\n<p data-start=\"1177\" data-end=\"1294\">Este producto requiere una <strong data-start=\"1204\" data-end=\"1227\">fianza reembolsable<\/strong> en su totalidad, que se devolver\u00e1 una vez revisada la prenda tras su devoluci\u00f3n.<\/p>\n<p data-start=\"389\" data-end=\"502\">Las condiciones completas del servicio de alquiler pueden consultarse en nuestros <span style=\"color: #000000;\"><a style=\"color: #000000;\" href=\"http:\/\/www.dearroyo.com\/tienda\/terminos-y-condiciones\"><strong data-start=\"475\" data-end=\"501\">T\u00e9rminos y Condiciones<\/strong><\/a><\/span>.<\/p>\n","protected":false},"excerpt":{"rendered":"<p>Vestido midi en crepe con estampado de hortensias sobre \u00a0color cicl\u00e1men. El cuello tiene unas ca\u00eddas para lazada o nudo decorativo. Manga larga fruncida en pu\u00f1o y cierre trasero con botones forrados en el mismo tejido.<\/p>\n<p data-start=\"473\" data-end=\"583\"><strong data-start=\"473\" data-end=\"511\">Disponible para alquilar durante 4 d\u00edas.<\/strong> Si deseas m\u00e1s, cons\u00faltanos.<br data-start=\"511\" data-end=\"514\" \/><strong data-start=\"516\" data-end=\"541\">Alquiler: desde 120 \u20ac<\/strong> (IVA y limpieza profesional incluidos).<\/p>\n<p data-start=\"590\" data-end=\"677\">El alquiler requiere una <strong data-start=\"615\" data-end=\"638\">fianza reembolsable en su totalidad<\/strong>, que se a\u00f1ade al realizar el pedido.<\/p>\n<p data-start=\"684\" data-end=\"762\">Tras finalizar la compra, contactaremos contigo en un plazo m\u00e1ximo de 24h (festivos y fines de semana no incluidos) para confirmar disponibilidad de fecha y talla.<\/p>\n<p data-start=\"684\" data-end=\"762\">Las condiciones completas del servicio de alquiler pueden consultarse en nuestros <span style=\"color: #000000;\"><a style=\"color: #000000;\" href=\"http:\/\/www.dearroyo.com\/tienda\/terminos-y-condiciones\"><strong data-start=\"475\" data-end=\"501\">T\u00e9rminos y Condiciones<\/strong><\/a><\/span>.<\/p>\n","protected":false},"featured_media":119351,"comment_status":"open","ping_status":"closed","template":"","meta":[],"product_brand":[],"product_cat":[376,379,461],"product_tag":[411,412,415,431,446,447],"class_list":{"0":"post-119361","1":"product","2":"type-product","3":"status-publish","4":"has-post-thumbnail","6":"product_cat-dearroyo-studio","7":"product_cat-alquiler","8":"product_cat-fiesta","9":"product_tag-comunion","10":"product_tag-bautizo","11":"product_tag-boda-de-manana","12":"product_tag-boda","13":"product_tag-vestido-roma","14":"product_tag-roma","15":"product_shipping_class-alquiler","17":"first","18":"instock","19":"taxable","20":"shipping-taxable","21":"purchasable","22":"product-type-variable"},"yoast_head":"<!-- This site is optimized with the Yoast SEO plugin v26.6 - https:\/\/yoast.com\/wordpress\/plugins\/seo\/ -->\n<title>ALQUILER vestido roma. - DE ARROYO. studio \u2013 vestidos de invitada desde Madrid<\/title>\n<meta name=\"description\" content=\"El alquiler del vestido ROMA para invitada es una apuesta acertada y ver\u00e1stil para invitadas de oto\u00f1o que quieren marcar la diferencia.\" \/>\n<meta name=\"robots\" content=\"index, follow, max-snippet:-1, max-image-preview:large, max-video-preview:-1\" \/>\n<link rel=\"canonical\" href=\"https:\/\/dearroyo.com\/tienda\/producto\/alquiler-vestido-roma-invitada\/\" \/>\n<meta property=\"og:locale\" content=\"es_ES\" \/>\n<meta property=\"og:type\" content=\"article\" \/>\n<meta property=\"og:title\" content=\"ALQUILER vestido roma. - DE ARROYO. studio \u2013 vestidos de invitada desde Madrid\" \/>\n<meta property=\"og:description\" content=\"El alquiler del vestido ROMA para invitada es una apuesta acertada y ver\u00e1stil para invitadas de oto\u00f1o que quieren marcar la diferencia.\" \/>\n<meta property=\"og:url\" content=\"https:\/\/dearroyo.com\/tienda\/producto\/alquiler-vestido-roma-invitada\/\" \/>\n<meta property=\"og:site_name\" content=\"DE ARROYO. studio \u2013 vestidos de invitada desde Madrid\" \/>\n<meta property=\"article:modified_time\" content=\"2025-12-16T17:52:47+00:00\" \/>\n<meta property=\"og:image\" content=\"https:\/\/dearroyo.com\/tienda\/wp-content\/uploads\/2025\/08\/roma-hortensias-modelo-de2.jpeg\" \/>\n\t<meta property=\"og:image:width\" content=\"1080\" \/>\n\t<meta property=\"og:image:height\" content=\"1440\" \/>\n\t<meta property=\"og:image:type\" content=\"image\/jpeg\" \/>\n<meta name=\"twitter:card\" content=\"summary_large_image\" \/>\n<meta name=\"twitter:label1\" content=\"Tiempo de lectura\" \/>\n\t<meta name=\"twitter:data1\" content=\"1 minuto\" \/>\n<script type=\"application\/ld+json\" class=\"yoast-schema-graph\">{\"@context\":\"https:\/\/schema.org\",\"@graph\":[{\"@type\":\"WebPage\",\"@id\":\"https:\/\/dearroyo.com\/tienda\/producto\/alquiler-vestido-roma-invitada\/\",\"url\":\"https:\/\/dearroyo.com\/tienda\/producto\/alquiler-vestido-roma-invitada\/\",\"name\":\"ALQUILER vestido roma. - DE ARROYO. studio \u2013 vestidos de invitada desde Madrid\",\"isPartOf\":{\"@id\":\"https:\/\/dearroyo.com\/tienda\/#website\"},\"primaryImageOfPage\":{\"@id\":\"https:\/\/dearroyo.com\/tienda\/producto\/alquiler-vestido-roma-invitada\/#primaryimage\"},\"image\":{\"@id\":\"https:\/\/dearroyo.com\/tienda\/producto\/alquiler-vestido-roma-invitada\/#primaryimage\"},\"thumbnailUrl\":\"https:\/\/dearroyo.com\/tienda\/wp-content\/uploads\/2025\/08\/roma-hortensias-modelo-de2.jpeg\",\"datePublished\":\"2025-09-10T10:00:28+00:00\",\"dateModified\":\"2025-12-16T17:52:47+00:00\",\"description\":\"El alquiler del vestido ROMA para invitada es una apuesta acertada y ver\u00e1stil para invitadas de oto\u00f1o que quieren marcar la diferencia.\",\"breadcrumb\":{\"@id\":\"https:\/\/dearroyo.com\/tienda\/producto\/alquiler-vestido-roma-invitada\/#breadcrumb\"},\"inLanguage\":\"es\",\"potentialAction\":[{\"@type\":\"ReadAction\",\"target\":[\"https:\/\/dearroyo.com\/tienda\/producto\/alquiler-vestido-roma-invitada\/\"]}]},{\"@type\":\"ImageObject\",\"inLanguage\":\"es\",\"@id\":\"https:\/\/dearroyo.com\/tienda\/producto\/alquiler-vestido-roma-invitada\/#primaryimage\",\"url\":\"https:\/\/dearroyo.com\/tienda\/wp-content\/uploads\/2025\/08\/roma-hortensias-modelo-de2.jpeg\",\"contentUrl\":\"https:\/\/dearroyo.com\/tienda\/wp-content\/uploads\/2025\/08\/roma-hortensias-modelo-de2.jpeg\",\"width\":1080,\"height\":1440},{\"@type\":\"BreadcrumbList\",\"@id\":\"https:\/\/dearroyo.com\/tienda\/producto\/alquiler-vestido-roma-invitada\/#breadcrumb\",\"itemListElement\":[{\"@type\":\"ListItem\",\"position\":1,\"name\":\"Portada\",\"item\":\"https:\/\/dearroyo.com\/tienda\/\"},{\"@type\":\"ListItem\",\"position\":2,\"name\":\"Home\",\"item\":\"https:\/\/dearroyo.com\/tienda\/\"},{\"@type\":\"ListItem\",\"position\":3,\"name\":\"ALQUILER vestido roma.\"}]},{\"@type\":\"WebSite\",\"@id\":\"https:\/\/dearroyo.com\/tienda\/#website\",\"url\":\"https:\/\/dearroyo.com\/tienda\/\",\"name\":\"DE ARROYO. studio \u2013 vestidos de invitada desde Madrid\",\"description\":\"colecci\u00f3n dearroyo studio de venta online para invitada con confecci\u00f3n limitada, dise\u00f1o propio y producci\u00f3n en Espa\u00f1a.\",\"potentialAction\":[{\"@type\":\"SearchAction\",\"target\":{\"@type\":\"EntryPoint\",\"urlTemplate\":\"https:\/\/dearroyo.com\/tienda\/?s={search_term_string}\"},\"query-input\":{\"@type\":\"PropertyValueSpecification\",\"valueRequired\":true,\"valueName\":\"search_term_string\"}}],\"inLanguage\":\"es\"}]}<\/script>\n<!-- \/ Yoast SEO plugin. -->","yoast_head_json":{"title":"ALQUILER vestido roma. - DE ARROYO. studio \u2013 vestidos de invitada desde Madrid","description":"El alquiler del vestido ROMA para invitada es una apuesta acertada y ver\u00e1stil para invitadas de oto\u00f1o que quieren marcar la diferencia.","robots":{"index":"index","follow":"follow","max-snippet":"max-snippet:-1","max-image-preview":"max-image-preview:large","max-video-preview":"max-video-preview:-1"},"canonical":"https:\/\/dearroyo.com\/tienda\/producto\/alquiler-vestido-roma-invitada\/","og_locale":"es_ES","og_type":"article","og_title":"ALQUILER vestido roma. - DE ARROYO. studio \u2013 vestidos de invitada desde Madrid","og_description":"El alquiler del vestido ROMA para invitada es una apuesta acertada y ver\u00e1stil para invitadas de oto\u00f1o que quieren marcar la diferencia.","og_url":"https:\/\/dearroyo.com\/tienda\/producto\/alquiler-vestido-roma-invitada\/","og_site_name":"DE ARROYO. studio \u2013 vestidos de invitada desde Madrid","article_modified_time":"2025-12-16T17:52:47+00:00","og_image":[{"width":1080,"height":1440,"url":"https:\/\/dearroyo.com\/tienda\/wp-content\/uploads\/2025\/08\/roma-hortensias-modelo-de2.jpeg","type":"image\/jpeg"}],"twitter_card":"summary_large_image","twitter_misc":{"Tiempo de lectura":"1 minuto"},"schema":{"@context":"https:\/\/schema.org","@graph":[{"@type":"WebPage","@id":"https:\/\/dearroyo.com\/tienda\/producto\/alquiler-vestido-roma-invitada\/","url":"https:\/\/dearroyo.com\/tienda\/producto\/alquiler-vestido-roma-invitada\/","name":"ALQUILER vestido roma. - DE ARROYO. studio \u2013 vestidos de invitada desde Madrid","isPartOf":{"@id":"https:\/\/dearroyo.com\/tienda\/#website"},"primaryImageOfPage":{"@id":"https:\/\/dearroyo.com\/tienda\/producto\/alquiler-vestido-roma-invitada\/#primaryimage"},"image":{"@id":"https:\/\/dearroyo.com\/tienda\/producto\/alquiler-vestido-roma-invitada\/#primaryimage"},"thumbnailUrl":"https:\/\/dearroyo.com\/tienda\/wp-content\/uploads\/2025\/08\/roma-hortensias-modelo-de2.jpeg","datePublished":"2025-09-10T10:00:28+00:00","dateModified":"2025-12-16T17:52:47+00:00","description":"El alquiler del vestido ROMA para invitada es una apuesta acertada y ver\u00e1stil para invitadas de oto\u00f1o que quieren marcar la diferencia.","breadcrumb":{"@id":"https:\/\/dearroyo.com\/tienda\/producto\/alquiler-vestido-roma-invitada\/#breadcrumb"},"inLanguage":"es","potentialAction":[{"@type":"ReadAction","target":["https:\/\/dearroyo.com\/tienda\/producto\/alquiler-vestido-roma-invitada\/"]}]},{"@type":"ImageObject","inLanguage":"es","@id":"https:\/\/dearroyo.com\/tienda\/producto\/alquiler-vestido-roma-invitada\/#primaryimage","url":"https:\/\/dearroyo.com\/tienda\/wp-content\/uploads\/2025\/08\/roma-hortensias-modelo-de2.jpeg","contentUrl":"https:\/\/dearroyo.com\/tienda\/wp-content\/uploads\/2025\/08\/roma-hortensias-modelo-de2.jpeg","width":1080,"height":1440},{"@type":"BreadcrumbList","@id":"https:\/\/dearroyo.com\/tienda\/producto\/alquiler-vestido-roma-invitada\/#breadcrumb","itemListElement":[{"@type":"ListItem","position":1,"name":"Portada","item":"https:\/\/dearroyo.com\/tienda\/"},{"@type":"ListItem","position":2,"name":"Home","item":"https:\/\/dearroyo.com\/tienda\/"},{"@type":"ListItem","position":3,"name":"ALQUILER vestido roma."}]},{"@type":"WebSite","@id":"https:\/\/dearroyo.com\/tienda\/#website","url":"https:\/\/dearroyo.com\/tienda\/","name":"DE ARROYO. studio \u2013 vestidos de invitada desde Madrid","description":"colecci\u00f3n dearroyo studio de venta online para invitada con confecci\u00f3n limitada, dise\u00f1o propio y producci\u00f3n en Espa\u00f1a.","potentialAction":[{"@type":"SearchAction","target":{"@type":"EntryPoint","urlTemplate":"https:\/\/dearroyo.com\/tienda\/?s={search_term_string}"},"query-input":{"@type":"PropertyValueSpecification","valueRequired":true,"valueName":"search_term_string"}}],"inLanguage":"es"}]}},"_links":{"self":[{"href":"https:\/\/dearroyo.com\/tienda\/wp-json\/wp\/v2\/product\/119361","targetHints":{"allow":["GET"]}}],"collection":[{"href":"https:\/\/dearroyo.com\/tienda\/wp-json\/wp\/v2\/product"}],"about":[{"href":"https:\/\/dearroyo.com\/tienda\/wp-json\/wp\/v2\/types\/product"}],"replies":[{"embeddable":true,"href":"https:\/\/dearroyo.com\/tienda\/wp-json\/wp\/v2\/comments?post=119361"}],"wp:featuredmedia":[{"embeddable":true,"href":"https:\/\/dearroyo.com\/tienda\/wp-json\/wp\/v2\/media\/119351"}],"wp:attachment":[{"href":"https:\/\/dearroyo.com\/tienda\/wp-json\/wp\/v2\/media?parent=119361"}],"wp:term":[{"taxonomy":"product_brand","embeddable":true,"href":"https:\/\/dearroyo.com\/tienda\/wp-json\/wp\/v2\/product_brand?post=119361"},{"taxonomy":"product_cat","embeddable":true,"href":"https:\/\/dearroyo.com\/tienda\/wp-json\/wp\/v2\/product_cat?post=119361"},{"taxonomy":"product_tag","embeddable":true,"href":"https:\/\/dearroyo.com\/tienda\/wp-json\/wp\/v2\/product_tag?post=119361"}],"curies":[{"name":"wp","href":"https:\/\/api.w.org\/{rel}","templated":true}]}}