{"id":119527,"date":"2025-12-11T14:20:29","date_gmt":"2025-12-11T14:20:29","guid":{"rendered":"https:\/\/dearroyo.com\/tienda\/?post_type=product&#038;p=119527"},"modified":"2025-12-17T17:58:27","modified_gmt":"2025-12-17T17:58:27","slug":"falda-baree-invitada-2","status":"publish","type":"product","link":"https:\/\/dearroyo.com\/tienda\/producto\/falda-baree-invitada-2\/","title":{"rendered":"falda baree."},"content":{"rendered":"<p data-start=\"251\" data-end=\"472\"><strong data-start=\"251\" data-end=\"262\">La falda BAREE<\/strong> es una falda para invitada que est\u00e1 confeccionada en crepe doble de lana virgen 100% en un color topo suave y vers\u00e1til. Su corte nesgado aporta una ca\u00edda fluida y natural, mientras que la cintura estructurada se ajusta mediante un cierre invisible en la espalda. El largo midi y la limpieza del dise\u00f1o la convierten en una prenda atemporal y f\u00e1cilmente combinable.<\/p>\n<p>Una opci\u00f3n elegante y relajada para invitada de d\u00eda o como fondo de armario con un toque depurado que puedes acompa\u00f1ar del jersey BAREE.<\/p>\n<p data-start=\"251\" data-end=\"472\"><strong data-start=\"136\" data-end=\"173\">Plazo de entrega de 10 a 15 d\u00edas.<\/strong><br data-start=\"173\" data-end=\"176\" \/>Cada prenda se confecciona bajo pedido y especialmente para ti, siguiendo un proceso artesanal y cuidado que garantiza un resultado \u00fanico, hecho con la atenci\u00f3n y el tiempo que merece. Consulta nuestros <span style=\"color: #333333;\"><a style=\"color: #333333;\" href=\"https:\/\/dearroyo.com\/tienda\/terminos-y-condiciones\/\">t\u00e9rminos y condiciones<\/a><\/span> para m\u00e1s informaci\u00f3n.<\/p>\n<p>Las prendas que se realicen por encargo y no correspondan al tallaje de la tabla, llevar\u00e1n un incremento entre un 15% y un 30% en todos los productos. Cont\u00e1ctanos si est\u00e1s interesado en este tipo de cambios.<\/p>\n<p data-start=\"733\" data-end=\"826\">Prenda confeccionada mediante un proceso consciente, cuidado y controlado por nuestro equipo.<\/p>\n<p data-start=\"828\" data-end=\"905\"><strong data-start=\"828\" data-end=\"858\">Plazo de entrega estimado:<\/strong> 10 a 15 d\u00edas desde la confirmaci\u00f3n del pedido.<\/p>\n<p data-start=\"907\" data-end=\"1035\"><strong data-start=\"907\" data-end=\"932\">Cuidado de la prenda:<\/strong> no lavar en agua, no usar lej\u00eda, no secar en secadora ni planchar. Limpieza en seco por especialistas.<\/p>\n","protected":false},"excerpt":{"rendered":"<p>Falda midi en crepe doble de lana virgen 100% en color topo. El corte nesgado aporta una ca\u00edda limpia y favorecedora, pero con movimiento, y la cintura se ajusta con cierre invisible en la espalda.<\/p>\n<p>Composici\u00f3n tejido PURA LANA VIRGEN 100%.<\/p>\n<p>Tras realizar la compra, nos pondremos en contacto contigo por whatsapp para confirmar medidas y asegurarnos de que la talla seleccionada es la m\u00e1s adecuada para ti. Puedes consultar la gu\u00eda de tallas al final de esta p\u00e1gina.<\/p>\n","protected":false},"featured_media":119475,"comment_status":"open","ping_status":"closed","template":"","meta":[],"product_brand":[],"product_cat":[312,369,376,377,402],"product_tag":[325,326,411,412,431,432,462,463,464,465,466,467,468,469,470],"class_list":{"0":"post-119527","1":"product","2":"type-product","3":"status-publish","4":"has-post-thumbnail","6":"product_cat-total-look","7":"product_cat-falda-midi","8":"product_cat-dearroyo-studio","9":"product_cat-novedades","10":"product_cat-comprar","11":"product_tag-boda-dia","12":"product_tag-boda-tarde","13":"product_tag-comunion","14":"product_tag-bautizo","15":"product_tag-boda","16":"product_tag-evento","17":"product_tag-baree","18":"product_tag-falda-baree","19":"product_tag-pura-lana","20":"product_tag-lana-virgen","21":"product_tag-falda","22":"product_tag-boda-manana","23":"product_tag-topo","24":"product_tag-color-topo","25":"product_tag-corte-nesgado","26":"product_shipping_class-compra","28":"first","29":"instock","30":"taxable","31":"shipping-taxable","32":"purchasable","33":"product-type-variable"},"yoast_head":"<!-- This site is optimized with the Yoast SEO plugin v26.6 - https:\/\/yoast.com\/wordpress\/plugins\/seo\/ -->\n<title>falda baree. - DE ARROYO. studio \u2013 vestidos de invitada desde Madrid<\/title>\n<meta name=\"description\" content=\"La falda BAREE hecha en crepe doble de lana virgen 100% en color topo, con una ca\u00edda suave y silueta nesgada. Una opci\u00f3n elegante y atemporal para invitada.\" \/>\n<meta name=\"robots\" content=\"index, follow, max-snippet:-1, max-image-preview:large, max-video-preview:-1\" \/>\n<link rel=\"canonical\" href=\"https:\/\/dearroyo.com\/tienda\/producto\/falda-baree-invitada-2\/\" \/>\n<meta property=\"og:locale\" content=\"es_ES\" \/>\n<meta property=\"og:type\" content=\"article\" \/>\n<meta property=\"og:title\" content=\"falda baree. - DE ARROYO. studio \u2013 vestidos de invitada desde Madrid\" \/>\n<meta property=\"og:description\" content=\"La falda BAREE hecha en crepe doble de lana virgen 100% en color topo, con una ca\u00edda suave y silueta nesgada. Una opci\u00f3n elegante y atemporal para invitada.\" \/>\n<meta property=\"og:url\" content=\"https:\/\/dearroyo.com\/tienda\/producto\/falda-baree-invitada-2\/\" \/>\n<meta property=\"og:site_name\" content=\"DE ARROYO. studio \u2013 vestidos de invitada desde Madrid\" \/>\n<meta property=\"article:modified_time\" content=\"2025-12-17T17:58:27+00:00\" \/>\n<meta property=\"og:image\" content=\"https:\/\/dearroyo.com\/tienda\/wp-content\/uploads\/2025\/12\/baree-topo-falda-de-percha.jpeg\" \/>\n\t<meta property=\"og:image:width\" content=\"1024\" \/>\n\t<meta property=\"og:image:height\" content=\"1365\" \/>\n\t<meta property=\"og:image:type\" content=\"image\/jpeg\" \/>\n<meta name=\"twitter:card\" content=\"summary_large_image\" \/>\n<meta name=\"twitter:label1\" content=\"Tiempo de lectura\" \/>\n\t<meta name=\"twitter:data1\" content=\"2 minutos\" \/>\n<script type=\"application\/ld+json\" class=\"yoast-schema-graph\">{\"@context\":\"https:\/\/schema.org\",\"@graph\":[{\"@type\":\"WebPage\",\"@id\":\"https:\/\/dearroyo.com\/tienda\/producto\/falda-baree-invitada-2\/\",\"url\":\"https:\/\/dearroyo.com\/tienda\/producto\/falda-baree-invitada-2\/\",\"name\":\"falda baree. - DE ARROYO. studio \u2013 vestidos de invitada desde Madrid\",\"isPartOf\":{\"@id\":\"https:\/\/dearroyo.com\/tienda\/#website\"},\"primaryImageOfPage\":{\"@id\":\"https:\/\/dearroyo.com\/tienda\/producto\/falda-baree-invitada-2\/#primaryimage\"},\"image\":{\"@id\":\"https:\/\/dearroyo.com\/tienda\/producto\/falda-baree-invitada-2\/#primaryimage\"},\"thumbnailUrl\":\"https:\/\/dearroyo.com\/tienda\/wp-content\/uploads\/2025\/12\/baree-topo-falda-de-percha.jpeg\",\"datePublished\":\"2025-12-11T14:20:29+00:00\",\"dateModified\":\"2025-12-17T17:58:27+00:00\",\"description\":\"La falda BAREE hecha en crepe doble de lana virgen 100% en color topo, con una ca\u00edda suave y silueta nesgada. Una opci\u00f3n elegante y atemporal para invitada.\",\"breadcrumb\":{\"@id\":\"https:\/\/dearroyo.com\/tienda\/producto\/falda-baree-invitada-2\/#breadcrumb\"},\"inLanguage\":\"es\",\"potentialAction\":[{\"@type\":\"ReadAction\",\"target\":[\"https:\/\/dearroyo.com\/tienda\/producto\/falda-baree-invitada-2\/\"]}]},{\"@type\":\"ImageObject\",\"inLanguage\":\"es\",\"@id\":\"https:\/\/dearroyo.com\/tienda\/producto\/falda-baree-invitada-2\/#primaryimage\",\"url\":\"https:\/\/dearroyo.com\/tienda\/wp-content\/uploads\/2025\/12\/baree-topo-falda-de-percha.jpeg\",\"contentUrl\":\"https:\/\/dearroyo.com\/tienda\/wp-content\/uploads\/2025\/12\/baree-topo-falda-de-percha.jpeg\",\"width\":1024,\"height\":1365,\"caption\":\"vista frontal percha -falda baree\"},{\"@type\":\"BreadcrumbList\",\"@id\":\"https:\/\/dearroyo.com\/tienda\/producto\/falda-baree-invitada-2\/#breadcrumb\",\"itemListElement\":[{\"@type\":\"ListItem\",\"position\":1,\"name\":\"Portada\",\"item\":\"https:\/\/dearroyo.com\/tienda\/\"},{\"@type\":\"ListItem\",\"position\":2,\"name\":\"Home\",\"item\":\"https:\/\/dearroyo.com\/tienda\/\"},{\"@type\":\"ListItem\",\"position\":3,\"name\":\"falda baree.\"}]},{\"@type\":\"WebSite\",\"@id\":\"https:\/\/dearroyo.com\/tienda\/#website\",\"url\":\"https:\/\/dearroyo.com\/tienda\/\",\"name\":\"DE ARROYO. studio \u2013 vestidos de invitada desde Madrid\",\"description\":\"colecci\u00f3n dearroyo studio de venta online para invitada con confecci\u00f3n limitada, dise\u00f1o propio y producci\u00f3n en Espa\u00f1a.\",\"potentialAction\":[{\"@type\":\"SearchAction\",\"target\":{\"@type\":\"EntryPoint\",\"urlTemplate\":\"https:\/\/dearroyo.com\/tienda\/?s={search_term_string}\"},\"query-input\":{\"@type\":\"PropertyValueSpecification\",\"valueRequired\":true,\"valueName\":\"search_term_string\"}}],\"inLanguage\":\"es\"}]}<\/script>\n<!-- \/ Yoast SEO plugin. -->","yoast_head_json":{"title":"falda baree. - DE ARROYO. studio \u2013 vestidos de invitada desde Madrid","description":"La falda BAREE hecha en crepe doble de lana virgen 100% en color topo, con una ca\u00edda suave y silueta nesgada. Una opci\u00f3n elegante y atemporal para invitada.","robots":{"index":"index","follow":"follow","max-snippet":"max-snippet:-1","max-image-preview":"max-image-preview:large","max-video-preview":"max-video-preview:-1"},"canonical":"https:\/\/dearroyo.com\/tienda\/producto\/falda-baree-invitada-2\/","og_locale":"es_ES","og_type":"article","og_title":"falda baree. - DE ARROYO. studio \u2013 vestidos de invitada desde Madrid","og_description":"La falda BAREE hecha en crepe doble de lana virgen 100% en color topo, con una ca\u00edda suave y silueta nesgada. Una opci\u00f3n elegante y atemporal para invitada.","og_url":"https:\/\/dearroyo.com\/tienda\/producto\/falda-baree-invitada-2\/","og_site_name":"DE ARROYO. studio \u2013 vestidos de invitada desde Madrid","article_modified_time":"2025-12-17T17:58:27+00:00","og_image":[{"width":1024,"height":1365,"url":"https:\/\/dearroyo.com\/tienda\/wp-content\/uploads\/2025\/12\/baree-topo-falda-de-percha.jpeg","type":"image\/jpeg"}],"twitter_card":"summary_large_image","twitter_misc":{"Tiempo de lectura":"2 minutos"},"schema":{"@context":"https:\/\/schema.org","@graph":[{"@type":"WebPage","@id":"https:\/\/dearroyo.com\/tienda\/producto\/falda-baree-invitada-2\/","url":"https:\/\/dearroyo.com\/tienda\/producto\/falda-baree-invitada-2\/","name":"falda baree. - DE ARROYO. studio \u2013 vestidos de invitada desde Madrid","isPartOf":{"@id":"https:\/\/dearroyo.com\/tienda\/#website"},"primaryImageOfPage":{"@id":"https:\/\/dearroyo.com\/tienda\/producto\/falda-baree-invitada-2\/#primaryimage"},"image":{"@id":"https:\/\/dearroyo.com\/tienda\/producto\/falda-baree-invitada-2\/#primaryimage"},"thumbnailUrl":"https:\/\/dearroyo.com\/tienda\/wp-content\/uploads\/2025\/12\/baree-topo-falda-de-percha.jpeg","datePublished":"2025-12-11T14:20:29+00:00","dateModified":"2025-12-17T17:58:27+00:00","description":"La falda BAREE hecha en crepe doble de lana virgen 100% en color topo, con una ca\u00edda suave y silueta nesgada. Una opci\u00f3n elegante y atemporal para invitada.","breadcrumb":{"@id":"https:\/\/dearroyo.com\/tienda\/producto\/falda-baree-invitada-2\/#breadcrumb"},"inLanguage":"es","potentialAction":[{"@type":"ReadAction","target":["https:\/\/dearroyo.com\/tienda\/producto\/falda-baree-invitada-2\/"]}]},{"@type":"ImageObject","inLanguage":"es","@id":"https:\/\/dearroyo.com\/tienda\/producto\/falda-baree-invitada-2\/#primaryimage","url":"https:\/\/dearroyo.com\/tienda\/wp-content\/uploads\/2025\/12\/baree-topo-falda-de-percha.jpeg","contentUrl":"https:\/\/dearroyo.com\/tienda\/wp-content\/uploads\/2025\/12\/baree-topo-falda-de-percha.jpeg","width":1024,"height":1365,"caption":"vista frontal percha -falda baree"},{"@type":"BreadcrumbList","@id":"https:\/\/dearroyo.com\/tienda\/producto\/falda-baree-invitada-2\/#breadcrumb","itemListElement":[{"@type":"ListItem","position":1,"name":"Portada","item":"https:\/\/dearroyo.com\/tienda\/"},{"@type":"ListItem","position":2,"name":"Home","item":"https:\/\/dearroyo.com\/tienda\/"},{"@type":"ListItem","position":3,"name":"falda baree."}]},{"@type":"WebSite","@id":"https:\/\/dearroyo.com\/tienda\/#website","url":"https:\/\/dearroyo.com\/tienda\/","name":"DE ARROYO. studio \u2013 vestidos de invitada desde Madrid","description":"colecci\u00f3n dearroyo studio de venta online para invitada con confecci\u00f3n limitada, dise\u00f1o propio y producci\u00f3n en Espa\u00f1a.","potentialAction":[{"@type":"SearchAction","target":{"@type":"EntryPoint","urlTemplate":"https:\/\/dearroyo.com\/tienda\/?s={search_term_string}"},"query-input":{"@type":"PropertyValueSpecification","valueRequired":true,"valueName":"search_term_string"}}],"inLanguage":"es"}]}},"_links":{"self":[{"href":"https:\/\/dearroyo.com\/tienda\/wp-json\/wp\/v2\/product\/119527","targetHints":{"allow":["GET"]}}],"collection":[{"href":"https:\/\/dearroyo.com\/tienda\/wp-json\/wp\/v2\/product"}],"about":[{"href":"https:\/\/dearroyo.com\/tienda\/wp-json\/wp\/v2\/types\/product"}],"replies":[{"embeddable":true,"href":"https:\/\/dearroyo.com\/tienda\/wp-json\/wp\/v2\/comments?post=119527"}],"wp:featuredmedia":[{"embeddable":true,"href":"https:\/\/dearroyo.com\/tienda\/wp-json\/wp\/v2\/media\/119475"}],"wp:attachment":[{"href":"https:\/\/dearroyo.com\/tienda\/wp-json\/wp\/v2\/media?parent=119527"}],"wp:term":[{"taxonomy":"product_brand","embeddable":true,"href":"https:\/\/dearroyo.com\/tienda\/wp-json\/wp\/v2\/product_brand?post=119527"},{"taxonomy":"product_cat","embeddable":true,"href":"https:\/\/dearroyo.com\/tienda\/wp-json\/wp\/v2\/product_cat?post=119527"},{"taxonomy":"product_tag","embeddable":true,"href":"https:\/\/dearroyo.com\/tienda\/wp-json\/wp\/v2\/product_tag?post=119527"}],"curies":[{"name":"wp","href":"https:\/\/api.w.org\/{rel}","templated":true}]}}