{"id":119530,"date":"2025-12-11T14:56:04","date_gmt":"2025-12-11T14:56:04","guid":{"rendered":"https:\/\/dearroyo.com\/tienda\/?post_type=product&#038;p=119530"},"modified":"2025-12-17T17:57:26","modified_gmt":"2025-12-17T17:57:26","slug":"jersey-baree-invitada","status":"publish","type":"product","link":"https:\/\/dearroyo.com\/tienda\/producto\/jersey-baree-invitada\/","title":{"rendered":"jersey baree."},"content":{"rendered":"<p data-start=\"251\" data-end=\"472\"><strong data-start=\"251\" data-end=\"262\">El jersey BAREE<\/strong> es para una invitada que valora las formas pensadas. Est\u00e1 confeccionado en pura lana virgen 100% color topo, con una textura suave y una estructura limpia. El cuello alto al bi\u00e9s y las pinzas frontales, junto con la manga japonesa, aportan forma y equilibrio al dise\u00f1o, adem\u00e1s de facilitar la combinaci\u00f3n con faldas o pantalones de tiro alto. Una prenda depurada para una invitada vers\u00e1til y atemporal.<\/p>\n<p data-start=\"251\" data-end=\"472\">Esta prenda se complementa con la falda BAREE formando un look perfecto para una celebraci\u00f3n o como fondo de armario, tanto juntos como por separado.<\/p>\n<p data-start=\"733\" data-end=\"826\">Prenda confeccionada mediante un proceso consciente, cuidado y controlado por nuestro equipo.<\/p>\n<p data-start=\"828\" data-end=\"905\"><strong data-start=\"828\" data-end=\"858\">Plazo de entrega estimado:<\/strong> 10 a 15 d\u00edas desde la confirmaci\u00f3n del pedido.<\/p>\n<p data-start=\"907\" data-end=\"1035\"><strong data-start=\"907\" data-end=\"932\">Cuidado de la prenda:<\/strong> no lavar en agua, no usar lej\u00eda, no secar en secadora ni planchar. Limpieza en seco por especialistas.<\/p>\n","protected":false},"excerpt":{"rendered":"<p>Jersey corto con cuello alto, manga japonesa y pinzas frontales que aportan forma.<\/p>\n<p>Composici\u00f3n tejido PURA LANA VIRGEN 100%.<\/p>\n<p>Una vez finalizada la compra contactaremos contigo para asegurarnos de que la talla seleccionada es la m\u00e1s adecuada para ti. Puedes consultar la gu\u00eda de tallas al final de esta p\u00e1gina.<\/p>\n","protected":false},"featured_media":119467,"comment_status":"open","ping_status":"closed","template":"","meta":[],"product_brand":[],"product_cat":[312,376,377,402,471],"product_tag":[325,326,411,412,431,432,462,464,465,467,468,469,470,472,473],"class_list":{"0":"post-119530","1":"product","2":"type-product","3":"status-publish","4":"has-post-thumbnail","6":"product_cat-total-look","7":"product_cat-dearroyo-studio","8":"product_cat-novedades","9":"product_cat-comprar","10":"product_cat-jersey","11":"product_tag-boda-dia","12":"product_tag-boda-tarde","13":"product_tag-comunion","14":"product_tag-bautizo","15":"product_tag-boda","16":"product_tag-evento","17":"product_tag-baree","18":"product_tag-pura-lana","19":"product_tag-lana-virgen","20":"product_tag-boda-manana","21":"product_tag-topo","22":"product_tag-color-topo","23":"product_tag-corte-nesgado","24":"product_tag-jersey","25":"product_tag-jersey-baree","26":"product_shipping_class-compra","28":"first","29":"instock","30":"taxable","31":"shipping-taxable","32":"purchasable","33":"product-type-variable"},"yoast_head":"<!-- This site is optimized with the Yoast SEO plugin v26.6 - https:\/\/yoast.com\/wordpress\/plugins\/seo\/ -->\n<title>jersey baree. - DE ARROYO. studio \u2013 vestidos de invitada desde Madrid<\/title>\n<meta name=\"description\" content=\"El jersey BAREE para invitada tiene una silueta limpia con cuello alto y l\u00edneas depuradas. Una propuesta elegante con la falda BAREE.\" \/>\n<meta name=\"robots\" content=\"index, follow, max-snippet:-1, max-image-preview:large, max-video-preview:-1\" \/>\n<link rel=\"canonical\" href=\"https:\/\/dearroyo.com\/tienda\/producto\/jersey-baree-invitada\/\" \/>\n<meta property=\"og:locale\" content=\"es_ES\" \/>\n<meta property=\"og:type\" content=\"article\" \/>\n<meta property=\"og:title\" content=\"jersey baree. - DE ARROYO. studio \u2013 vestidos de invitada desde Madrid\" \/>\n<meta property=\"og:description\" content=\"El jersey BAREE para invitada tiene una silueta limpia con cuello alto y l\u00edneas depuradas. Una propuesta elegante con la falda BAREE.\" \/>\n<meta property=\"og:url\" content=\"https:\/\/dearroyo.com\/tienda\/producto\/jersey-baree-invitada\/\" \/>\n<meta property=\"og:site_name\" content=\"DE ARROYO. studio \u2013 vestidos de invitada desde Madrid\" \/>\n<meta property=\"article:modified_time\" content=\"2025-12-17T17:57:26+00:00\" \/>\n<meta property=\"og:image\" content=\"https:\/\/dearroyo.com\/tienda\/wp-content\/uploads\/2025\/12\/baree-topo-jersey-de-percha.jpeg\" \/>\n\t<meta property=\"og:image:width\" content=\"1024\" \/>\n\t<meta property=\"og:image:height\" content=\"1365\" \/>\n\t<meta property=\"og:image:type\" content=\"image\/jpeg\" \/>\n<meta name=\"twitter:card\" content=\"summary_large_image\" \/>\n<meta name=\"twitter:label1\" content=\"Tiempo de lectura\" \/>\n\t<meta name=\"twitter:data1\" content=\"1 minuto\" \/>\n<script type=\"application\/ld+json\" class=\"yoast-schema-graph\">{\"@context\":\"https:\/\/schema.org\",\"@graph\":[{\"@type\":\"WebPage\",\"@id\":\"https:\/\/dearroyo.com\/tienda\/producto\/jersey-baree-invitada\/\",\"url\":\"https:\/\/dearroyo.com\/tienda\/producto\/jersey-baree-invitada\/\",\"name\":\"jersey baree. - DE ARROYO. studio \u2013 vestidos de invitada desde Madrid\",\"isPartOf\":{\"@id\":\"https:\/\/dearroyo.com\/tienda\/#website\"},\"primaryImageOfPage\":{\"@id\":\"https:\/\/dearroyo.com\/tienda\/producto\/jersey-baree-invitada\/#primaryimage\"},\"image\":{\"@id\":\"https:\/\/dearroyo.com\/tienda\/producto\/jersey-baree-invitada\/#primaryimage\"},\"thumbnailUrl\":\"https:\/\/dearroyo.com\/tienda\/wp-content\/uploads\/2025\/12\/baree-topo-jersey-de-percha.jpeg\",\"datePublished\":\"2025-12-11T14:56:04+00:00\",\"dateModified\":\"2025-12-17T17:57:26+00:00\",\"description\":\"El jersey BAREE para invitada tiene una silueta limpia con cuello alto y l\u00edneas depuradas. Una propuesta elegante con la falda BAREE.\",\"breadcrumb\":{\"@id\":\"https:\/\/dearroyo.com\/tienda\/producto\/jersey-baree-invitada\/#breadcrumb\"},\"inLanguage\":\"es\",\"potentialAction\":[{\"@type\":\"ReadAction\",\"target\":[\"https:\/\/dearroyo.com\/tienda\/producto\/jersey-baree-invitada\/\"]}]},{\"@type\":\"ImageObject\",\"inLanguage\":\"es\",\"@id\":\"https:\/\/dearroyo.com\/tienda\/producto\/jersey-baree-invitada\/#primaryimage\",\"url\":\"https:\/\/dearroyo.com\/tienda\/wp-content\/uploads\/2025\/12\/baree-topo-jersey-de-percha.jpeg\",\"contentUrl\":\"https:\/\/dearroyo.com\/tienda\/wp-content\/uploads\/2025\/12\/baree-topo-jersey-de-percha.jpeg\",\"width\":1024,\"height\":1365,\"caption\":\"vista frontal percha -jersey baree\"},{\"@type\":\"BreadcrumbList\",\"@id\":\"https:\/\/dearroyo.com\/tienda\/producto\/jersey-baree-invitada\/#breadcrumb\",\"itemListElement\":[{\"@type\":\"ListItem\",\"position\":1,\"name\":\"Portada\",\"item\":\"https:\/\/dearroyo.com\/tienda\/\"},{\"@type\":\"ListItem\",\"position\":2,\"name\":\"Home\",\"item\":\"https:\/\/dearroyo.com\/tienda\/\"},{\"@type\":\"ListItem\",\"position\":3,\"name\":\"jersey baree.\"}]},{\"@type\":\"WebSite\",\"@id\":\"https:\/\/dearroyo.com\/tienda\/#website\",\"url\":\"https:\/\/dearroyo.com\/tienda\/\",\"name\":\"DE ARROYO. studio \u2013 vestidos de invitada desde Madrid\",\"description\":\"colecci\u00f3n dearroyo studio de venta online para invitada con confecci\u00f3n limitada, dise\u00f1o propio y producci\u00f3n en Espa\u00f1a.\",\"potentialAction\":[{\"@type\":\"SearchAction\",\"target\":{\"@type\":\"EntryPoint\",\"urlTemplate\":\"https:\/\/dearroyo.com\/tienda\/?s={search_term_string}\"},\"query-input\":{\"@type\":\"PropertyValueSpecification\",\"valueRequired\":true,\"valueName\":\"search_term_string\"}}],\"inLanguage\":\"es\"}]}<\/script>\n<!-- \/ Yoast SEO plugin. -->","yoast_head_json":{"title":"jersey baree. - DE ARROYO. studio \u2013 vestidos de invitada desde Madrid","description":"El jersey BAREE para invitada tiene una silueta limpia con cuello alto y l\u00edneas depuradas. Una propuesta elegante con la falda BAREE.","robots":{"index":"index","follow":"follow","max-snippet":"max-snippet:-1","max-image-preview":"max-image-preview:large","max-video-preview":"max-video-preview:-1"},"canonical":"https:\/\/dearroyo.com\/tienda\/producto\/jersey-baree-invitada\/","og_locale":"es_ES","og_type":"article","og_title":"jersey baree. - DE ARROYO. studio \u2013 vestidos de invitada desde Madrid","og_description":"El jersey BAREE para invitada tiene una silueta limpia con cuello alto y l\u00edneas depuradas. Una propuesta elegante con la falda BAREE.","og_url":"https:\/\/dearroyo.com\/tienda\/producto\/jersey-baree-invitada\/","og_site_name":"DE ARROYO. studio \u2013 vestidos de invitada desde Madrid","article_modified_time":"2025-12-17T17:57:26+00:00","og_image":[{"width":1024,"height":1365,"url":"https:\/\/dearroyo.com\/tienda\/wp-content\/uploads\/2025\/12\/baree-topo-jersey-de-percha.jpeg","type":"image\/jpeg"}],"twitter_card":"summary_large_image","twitter_misc":{"Tiempo de lectura":"1 minuto"},"schema":{"@context":"https:\/\/schema.org","@graph":[{"@type":"WebPage","@id":"https:\/\/dearroyo.com\/tienda\/producto\/jersey-baree-invitada\/","url":"https:\/\/dearroyo.com\/tienda\/producto\/jersey-baree-invitada\/","name":"jersey baree. - DE ARROYO. studio \u2013 vestidos de invitada desde Madrid","isPartOf":{"@id":"https:\/\/dearroyo.com\/tienda\/#website"},"primaryImageOfPage":{"@id":"https:\/\/dearroyo.com\/tienda\/producto\/jersey-baree-invitada\/#primaryimage"},"image":{"@id":"https:\/\/dearroyo.com\/tienda\/producto\/jersey-baree-invitada\/#primaryimage"},"thumbnailUrl":"https:\/\/dearroyo.com\/tienda\/wp-content\/uploads\/2025\/12\/baree-topo-jersey-de-percha.jpeg","datePublished":"2025-12-11T14:56:04+00:00","dateModified":"2025-12-17T17:57:26+00:00","description":"El jersey BAREE para invitada tiene una silueta limpia con cuello alto y l\u00edneas depuradas. Una propuesta elegante con la falda BAREE.","breadcrumb":{"@id":"https:\/\/dearroyo.com\/tienda\/producto\/jersey-baree-invitada\/#breadcrumb"},"inLanguage":"es","potentialAction":[{"@type":"ReadAction","target":["https:\/\/dearroyo.com\/tienda\/producto\/jersey-baree-invitada\/"]}]},{"@type":"ImageObject","inLanguage":"es","@id":"https:\/\/dearroyo.com\/tienda\/producto\/jersey-baree-invitada\/#primaryimage","url":"https:\/\/dearroyo.com\/tienda\/wp-content\/uploads\/2025\/12\/baree-topo-jersey-de-percha.jpeg","contentUrl":"https:\/\/dearroyo.com\/tienda\/wp-content\/uploads\/2025\/12\/baree-topo-jersey-de-percha.jpeg","width":1024,"height":1365,"caption":"vista frontal percha -jersey baree"},{"@type":"BreadcrumbList","@id":"https:\/\/dearroyo.com\/tienda\/producto\/jersey-baree-invitada\/#breadcrumb","itemListElement":[{"@type":"ListItem","position":1,"name":"Portada","item":"https:\/\/dearroyo.com\/tienda\/"},{"@type":"ListItem","position":2,"name":"Home","item":"https:\/\/dearroyo.com\/tienda\/"},{"@type":"ListItem","position":3,"name":"jersey baree."}]},{"@type":"WebSite","@id":"https:\/\/dearroyo.com\/tienda\/#website","url":"https:\/\/dearroyo.com\/tienda\/","name":"DE ARROYO. studio \u2013 vestidos de invitada desde Madrid","description":"colecci\u00f3n dearroyo studio de venta online para invitada con confecci\u00f3n limitada, dise\u00f1o propio y producci\u00f3n en Espa\u00f1a.","potentialAction":[{"@type":"SearchAction","target":{"@type":"EntryPoint","urlTemplate":"https:\/\/dearroyo.com\/tienda\/?s={search_term_string}"},"query-input":{"@type":"PropertyValueSpecification","valueRequired":true,"valueName":"search_term_string"}}],"inLanguage":"es"}]}},"_links":{"self":[{"href":"https:\/\/dearroyo.com\/tienda\/wp-json\/wp\/v2\/product\/119530","targetHints":{"allow":["GET"]}}],"collection":[{"href":"https:\/\/dearroyo.com\/tienda\/wp-json\/wp\/v2\/product"}],"about":[{"href":"https:\/\/dearroyo.com\/tienda\/wp-json\/wp\/v2\/types\/product"}],"replies":[{"embeddable":true,"href":"https:\/\/dearroyo.com\/tienda\/wp-json\/wp\/v2\/comments?post=119530"}],"wp:featuredmedia":[{"embeddable":true,"href":"https:\/\/dearroyo.com\/tienda\/wp-json\/wp\/v2\/media\/119467"}],"wp:attachment":[{"href":"https:\/\/dearroyo.com\/tienda\/wp-json\/wp\/v2\/media?parent=119530"}],"wp:term":[{"taxonomy":"product_brand","embeddable":true,"href":"https:\/\/dearroyo.com\/tienda\/wp-json\/wp\/v2\/product_brand?post=119530"},{"taxonomy":"product_cat","embeddable":true,"href":"https:\/\/dearroyo.com\/tienda\/wp-json\/wp\/v2\/product_cat?post=119530"},{"taxonomy":"product_tag","embeddable":true,"href":"https:\/\/dearroyo.com\/tienda\/wp-json\/wp\/v2\/product_tag?post=119530"}],"curies":[{"name":"wp","href":"https:\/\/api.w.org\/{rel}","templated":true}]}}